{"id":1523,"date":"2016-04-10T18:25:15","date_gmt":"2016-04-10T17:25:15","guid":{"rendered":"http:\/\/lesgravereaux.marret.co\/?page_id=1523"},"modified":"2025-06-07T00:21:39","modified_gmt":"2025-06-06T23:21:39","slug":"liens-utiles","status":"publish","type":"page","link":"https:\/\/lesmarret.marret.co\/index.php\/liens-utiles\/","title":{"rendered":"Liens utiles"},"content":{"rendered":"<h3><b>&nbsp;<\/b><strong>Henri Marret<\/strong><\/h3>\n<p>Deux sites fort d\u00e9taill\u00e9s et incontournables sur Henri Marret :&nbsp;<\/p>\n<p style=\"text-align: left; padding-left: 30px;\"><a href=\"http:\/\/jacques.colliard.pagesperso-orange.fr\/H_Marret\/index.html\">Henri Marret 1878-1964<\/a>&nbsp; &#8211; par Jacques Colliard<\/p>\n<p style=\"text-align: left; padding-left: 30px;\"><a href=\"http:\/\/www.henrimarret-peintre.fr\/\">Henri Marret, la passion de peindre<\/a> &#8211; par Jacques Faraut<\/p>\n<p class=\"titre_page\" style=\"text-align: left; padding-left: 40px;\"><span style=\"font-size: 12pt;\"><a href=\"https:\/\/archives.yvelines.fr\/nous-connaitre\/pole-sauvegarde-et-transmission-des-patrimoines\/nos-actualites\/la-decouverte-du-mois-1\/decouverte-du-mois-de-novembre-2\">Archives d\u00e9partementales des Yvelines<\/a> &#8211; Du tableau \u00e0 la fresque : les \u0153uvres du peintre Henri Marret \u00e0 Fourqueux&nbsp;<\/span><\/p>\n<p style=\"padding-left: 30px;\"><span lang=\"EN-CA\" style=\"margin: 0px; color: #333333; line-height: 115%; font-family: 'Georgia','serif'; font-size: 12pt;\"><a href=\"https:\/\/www.famsf.org\/search?q=marret&amp;type=artworks\">Fine Arts Museums of San Francisco<\/a> &#8211; Le site pr\u00e9sente dix-neuf dessins d&rsquo;Henri Marret, r\u00e9alis\u00e9s par gravure sur bois pendant la guerre 1914-1918, et que ces mus\u00e9es ont acquis dans les ann\u00e9es 1950-1960.<\/span><\/p>\n<p style=\"padding-left: 30px;\"><a href=\"https:\/\/www.richesses-en-somme.com\/fresques\/\" target=\"_blank\" rel=\"noopener noreferrer\">Fresques en pays de Somme<\/a>. De magnifiques photos des fresques d&rsquo;Henri Marret :&nbsp; dans le ch\u0153ur de l&rsquo;\u00e9glise Saint-Sulpice, \u00e0 Fresnoy-l\u00e8s-Roye ainsi qu&rsquo;\u00e0 l&rsquo;\u00e9glise Saint-Pierre, \u00e0 Roye.<\/p>\n<p style=\"padding-left: 30px;\">Troyes &#8211; <a href=\"http:\/\/inventaire-patrimoine.cr-champagne-ardenne.fr\/dossier\/chemin-de-croix\/568d4bc9-9455-4238-be65-0122e28dc18e\" target=\"_blank\" rel=\"noopener noreferrer\">Saint-Nizier : Chemin de croix<\/a>. Un dossier complet, avec illustrations, sur ce chemin de croix r\u00e9alis\u00e9 par Henri Marret en 1927.<\/p>\n<p style=\"padding-left: 30px;\">Troyes &#8211; <a href=\"http:\/\/inventaire-patrimoine.cr-champagne-ardenne.fr\/dossier\/peinture-monumentale-tableau-commemoratif-des-morts-de-la-paroisse-pendant-la-guerre-1914-1918\/e96cf952-1671-4db3-a75b-adb6c4df4674\" target=\"_blank\" rel=\"noopener noreferrer\">Saint-Nizier : Tableau<\/a> comm\u00e9moratif des morts. Un dossier complet, avec illustrations, sur cette peinture r\u00e9alis\u00e9e par Henri Marret en 1927.<\/p>\n<p>&nbsp;<\/p>\n<hr>\n<h3><strong>La famille Marret<\/strong><\/h3>\n<p style=\"padding-left: 30px;\"><a href=\"http:\/\/gw.geneanet.org\/jlmarret\" target=\"_blank\" rel=\"noopener noreferrer\">Genanet<\/a> &#8211; La g\u00e9n\u00e9alogie Marret (sur le site de Jean-Luc Marret)<\/p>\n<hr>\n<p><a href=\"https:\/\/lesmarret.marret.co\/wp-content\/uploads\/2017\/04\/Armoirie_016_wp.png\"><img loading=\"lazy\" decoding=\"async\" class=\"wp-image-5333 aligncenter\" src=\"https:\/\/lesmarret.marret.co\/wp-content\/uploads\/2017\/04\/Armoirie_016_wp.png\" alt=\"\" width=\"79\" height=\"89\" data-wp-pid=\"5333\" srcset=\"https:\/\/lesmarret.marret.co\/wp-content\/uploads\/2017\/04\/Armoirie_016_wp.png 525w, https:\/\/lesmarret.marret.co\/wp-content\/uploads\/2017\/04\/Armoirie_016_wp-266x300.png 266w\" sizes=\"auto, (max-width: 79px) 100vw, 79px\" \/><\/a><\/p>\n","protected":false},"excerpt":{"rendered":"<p>&nbsp;Henri Marret Deux sites fort d\u00e9taill\u00e9s et incontournables sur Henri Marret :&nbsp; Henri Marret 1878-1964&nbsp; &#8211; par Jacques Colliard Henri Marret, la passion de peindre &#8211; par Jacques Faraut Archives d\u00e9partementales des Yvelines &#8211; Du tableau \u00e0 la fresque : &hellip; <a href=\"https:\/\/lesmarret.marret.co\/index.php\/liens-utiles\/\">Continuer la lecture <span class=\"meta-nav\">&rarr;<\/span><\/a><\/p>\n","protected":false},"author":1,"featured_media":0,"parent":0,"menu_order":0,"comment_status":"closed","ping_status":"closed","template":"","meta":{"_monsterinsights_skip_tracking":false,"_monsterinsights_sitenote_active":false,"_monsterinsights_sitenote_note":"","_monsterinsights_sitenote_category":0,"ngg_post_thumbnail":0,"footnotes":""},"class_list":["post-1523","page","type-page","status-publish","hentry"],"aioseo_notices":[],"_links":{"self":[{"href":"https:\/\/lesmarret.marret.co\/index.php\/wp-json\/wp\/v2\/pages\/1523","targetHints":{"allow":["GET"]}}],"collection":[{"href":"https:\/\/lesmarret.marret.co\/index.php\/wp-json\/wp\/v2\/pages"}],"about":[{"href":"https:\/\/lesmarret.marret.co\/index.php\/wp-json\/wp\/v2\/types\/page"}],"author":[{"embeddable":true,"href":"https:\/\/lesmarret.marret.co\/index.php\/wp-json\/wp\/v2\/users\/1"}],"replies":[{"embeddable":true,"href":"https:\/\/lesmarret.marret.co\/index.php\/wp-json\/wp\/v2\/comments?post=1523"}],"version-history":[{"count":9,"href":"https:\/\/lesmarret.marret.co\/index.php\/wp-json\/wp\/v2\/pages\/1523\/revisions"}],"predecessor-version":[{"id":7916,"href":"https:\/\/lesmarret.marret.co\/index.php\/wp-json\/wp\/v2\/pages\/1523\/revisions\/7916"}],"wp:attachment":[{"href":"https:\/\/lesmarret.marret.co\/index.php\/wp-json\/wp\/v2\/media?parent=1523"}],"curies":[{"name":"wp","href":"https:\/\/api.w.org\/{rel}","templated":true}]}}