{"id":5416,"date":"2017-04-28T17:30:01","date_gmt":"2017-04-28T16:30:01","guid":{"rendered":"http:\/\/lesmarret.marret.co\/?page_id=5416"},"modified":"2017-04-28T17:30:01","modified_gmt":"2017-04-28T16:30:01","slug":"pierre-marret-son-mariage","status":"publish","type":"page","link":"https:\/\/lesmarret.marret.co\/index.php\/pierre-marret-lancetre\/pierre-marret-son-mariage\/","title":{"rendered":"Pierre Marret, son mariage"},"content":{"rendered":"<p style=\"text-align: center;\"><i>En ao\u00fbt 1801, Pierre Marret \u00e9pouse Marie-Jeanne Cottard, probablement \u00e0 Paris.<br \/>\nLa seule trace officielle, et encore&nbsp;disponible, de ce mariage est le contrat de mariage, pass\u00e9 le 27 vend\u00e9miaire an X (19&nbsp;octobre&nbsp;1801)<br \/>\ndevant Me Denis-Andr\u00e9 Rouen, notaire \u00e0 Paris.<br \/>\n<\/i>~~~~~~~<\/p>\n<p style=\"text-align: left;\"><a href=\"https:\/\/lesmarret.marret.co\/wp-content\/uploads\/2017\/04\/1801-10-19-Marret-Cottard-Contrat-de-mariage-p1_wp.jpg\"><img loading=\"lazy\" decoding=\"async\" width=\"300\" height=\"408\" class=\"wp-image-5392 alignleft\" alt=\"\" src=\"https:\/\/lesmarret.marret.co\/wp-content\/uploads\/2017\/04\/1801-10-19-Marret-Cottard-Contrat-de-mariage-p1_wp-753x1024.jpg\" data-wp-pid=\"5392\" srcset=\"https:\/\/lesmarret.marret.co\/wp-content\/uploads\/2017\/04\/1801-10-19-Marret-Cottard-Contrat-de-mariage-p1_wp-753x1024.jpg 753w, https:\/\/lesmarret.marret.co\/wp-content\/uploads\/2017\/04\/1801-10-19-Marret-Cottard-Contrat-de-mariage-p1_wp-221x300.jpg 221w, https:\/\/lesmarret.marret.co\/wp-content\/uploads\/2017\/04\/1801-10-19-Marret-Cottard-Contrat-de-mariage-p1_wp-768x1044.jpg 768w, https:\/\/lesmarret.marret.co\/wp-content\/uploads\/2017\/04\/1801-10-19-Marret-Cottard-Contrat-de-mariage-p1_wp-800x1087.jpg 800w, https:\/\/lesmarret.marret.co\/wp-content\/uploads\/2017\/04\/1801-10-19-Marret-Cottard-Contrat-de-mariage-p1_wp-441x600.jpg 441w, https:\/\/lesmarret.marret.co\/wp-content\/uploads\/2017\/04\/1801-10-19-Marret-Cottard-Contrat-de-mariage-p1_wp.jpg 1181w\" sizes=\"auto, (max-width: 300px) 100vw, 300px\" \/><\/a>Pardevant les Notaires<br \/>\n\u00e0 Paris Soussign\u00e9s<br \/>\n27 Vend\u00e9miaire 10<br \/>\nMariage Marret Cottard<\/p>\n<p>Furent pr\u00e9sents<\/p>\n<p>Pierre Marret, demeurant a Paris Galleries du jardin du tribunal N\u00b0 40 Division de la butte des moulins, fils majeur de Pierre Marret et de Jeanne Passion son \u00e9pouse, habitants de la Commune de Ronzieres D\u00e9partement de Puy de Dome, desquels il d\u00e9clare avoir l&rsquo;agrement \u00e0 l&rsquo;effet de son mariage cy apres pour lui et en en son nom, D&rsquo;une part<\/p>\n<p>Et Marie Jeanne Cottard fille majeure, dem<sup>te<\/sup> \u00e0 Paris susd. Galleries du jardin du tribunal N\u00b0 ?? Division, enfant de deffunt Nicolas Fran\u00e7ois Cottard et de Marie Jeanne Horais son \u00e9pouse aujourd&rsquo;hui sa veuve Dem<sup>te<\/sup> \u00e0 St Germain en Laye pr\u00e8s Paris Departement de Seine et Oise, de laquelle elle declare avoir l&rsquo;agrement a l&rsquo;effet de son mariage cy apres pour elle et en en son nom D&rsquo;autre part<\/p>\n<p>Lesquels ont arrete ainsi qu&rsquo;il suit les conditions civiles de leur mariage, dont la proclamation sera faite incessamment.<\/p>\n<p>Il y aura communaut\u00e9 de biens entre les futurs epoux conformement a la Coutume de Paris au desir de laquelle elle sera regie et administree nonobstant toutes demeures ou acquisitions en pays sujets a des lois et usages contraires auxquels il est expressement d\u00e9rog\u00e9 [ill.].<\/p>\n<p><a href=\"https:\/\/lesmarret.marret.co\/wp-content\/uploads\/2017\/04\/1801-10-19-Marret-Cottard-Contrat-de-mariage-p2_wp.jpg\"><img loading=\"lazy\" decoding=\"async\" width=\"300\" height=\"425\" class=\"wp-image-5393 alignright\" alt=\"\" src=\"https:\/\/lesmarret.marret.co\/wp-content\/uploads\/2017\/04\/1801-10-19-Marret-Cottard-Contrat-de-mariage-p2_wp-723x1024.jpg\" data-wp-pid=\"5393\" srcset=\"https:\/\/lesmarret.marret.co\/wp-content\/uploads\/2017\/04\/1801-10-19-Marret-Cottard-Contrat-de-mariage-p2_wp-723x1024.jpg 723w, https:\/\/lesmarret.marret.co\/wp-content\/uploads\/2017\/04\/1801-10-19-Marret-Cottard-Contrat-de-mariage-p2_wp-212x300.jpg 212w, https:\/\/lesmarret.marret.co\/wp-content\/uploads\/2017\/04\/1801-10-19-Marret-Cottard-Contrat-de-mariage-p2_wp-768x1087.jpg 768w, https:\/\/lesmarret.marret.co\/wp-content\/uploads\/2017\/04\/1801-10-19-Marret-Cottard-Contrat-de-mariage-p2_wp-800x1133.jpg 800w, https:\/\/lesmarret.marret.co\/wp-content\/uploads\/2017\/04\/1801-10-19-Marret-Cottard-Contrat-de-mariage-p2_wp-424x600.jpg 424w, https:\/\/lesmarret.marret.co\/wp-content\/uploads\/2017\/04\/1801-10-19-Marret-Cottard-Contrat-de-mariage-p2_wp.jpg 1181w\" sizes=\"auto, (max-width: 300px) 100vw, 300px\" \/><\/a>Les futurs \u00e9poux ne seront n\u00e9anmoins pas tenus des dettes et hypotheques l&rsquo;un de l&rsquo;autre ant\u00e9rieurs a lad. proclamation du mariage elles seront acquittees par celui du chef duquel elles procederont et sur ses biens<\/p>\n<p>Le futur apporte au present mariage la somme de <u>six mille francs<\/u> en deniers comptants, Effets et cr\u00e9ances solvables dont autant a \u00e9t\u00e9 regulierement justifi\u00e9 et provenant des Economies du futur.<\/p>\n<p>La future apporte au present mariage la somme de Douze cent francs en deniers comptants provenants de m\u00eame de ses Economies dont elle a justifi\u00e9e aud. futur epoux qui consent d&rsquo;en \u00eatre r\u00e9put\u00e9 charg\u00e9 par le fait du seul acte civil constatant le present mariage, sans qu&rsquo;il soit besoin d&rsquo;autre connaissance.<\/p>\n<p>Il entrera de part et d&rsquo;autre en Communaute jusqu&rsquo;\u00e0 concurrence de la somme de <u>huit cent francs<\/u> ce qui fera seize cent francs pour le tout. Le surplus avec ce qui reviendra aux futurs \u00e9poux par succession donation legs ou autrement leur sera et demeurera propres [ill.] de Communaute<\/p>\n<p>Le futur douera la future \u00e9pouse de <u>Mille francs<\/u> [ill.] douaire prefix en une fois payes et sans retour s&rsquo;il n&rsquo;y a pas d&rsquo;enfants du mariage, , dont elle jouira aussitot son ouverture sans etre tenu d&rsquo;en faire la demande en justice, conform\u00e9ment a la Coutume de Paris. s&rsquo;il y a des enfants, ce douaire leur sera propre.<\/p>\n<p>Le survivant des futurs \u00e9poux prendra par pr\u00e9ciput avant partage \u00e0 faire des biens meubles de la Communaut\u00e9, tels de ceux qu&rsquo;il voudrait choisir suivant la pris\u00e9e de l&rsquo;Inventaire et sans crue jusqu&rsquo;\u00e0 concurrence de six cent francs ou cette somme en deniers comptants a son choix.<\/p>\n<p>Le remploi des propres ali\u00e9n\u00e9s se fera conform\u00e9ment a la Coutume de Paris l&rsquo;action en sera r\u00e9put\u00e9e propre et de nature [ill.] a celui des futurs \u00e9poux qui aura \u00e9t\u00e9 l&rsquo;exercer et au [ill.]<\/p>\n<p><a href=\"https:\/\/lesmarret.marret.co\/wp-content\/uploads\/2017\/04\/1801-10-19-Marret-Cottard-Contrat-de-mariage-p3_wp.jpg\"><img loading=\"lazy\" decoding=\"async\" width=\"300\" height=\"439\" class=\"wp-image-5394 alignleft\" alt=\"\" src=\"https:\/\/lesmarret.marret.co\/wp-content\/uploads\/2017\/04\/1801-10-19-Marret-Cottard-Contrat-de-mariage-p3_wp-700x1024.jpg\" data-wp-pid=\"5394\" srcset=\"https:\/\/lesmarret.marret.co\/wp-content\/uploads\/2017\/04\/1801-10-19-Marret-Cottard-Contrat-de-mariage-p3_wp-700x1024.jpg 700w, https:\/\/lesmarret.marret.co\/wp-content\/uploads\/2017\/04\/1801-10-19-Marret-Cottard-Contrat-de-mariage-p3_wp-205x300.jpg 205w, https:\/\/lesmarret.marret.co\/wp-content\/uploads\/2017\/04\/1801-10-19-Marret-Cottard-Contrat-de-mariage-p3_wp-768x1123.jpg 768w, https:\/\/lesmarret.marret.co\/wp-content\/uploads\/2017\/04\/1801-10-19-Marret-Cottard-Contrat-de-mariage-p3_wp-800x1170.jpg 800w, https:\/\/lesmarret.marret.co\/wp-content\/uploads\/2017\/04\/1801-10-19-Marret-Cottard-Contrat-de-mariage-p3_wp-410x600.jpg 410w, https:\/\/lesmarret.marret.co\/wp-content\/uploads\/2017\/04\/1801-10-19-Marret-Cottard-Contrat-de-mariage-p3_wp.jpg 1181w\" sizes=\"auto, (max-width: 300px) 100vw, 300px\" \/><\/a>Lors de la dissolution de la Communaut\u00e9 en y renon\u00e7ant la future et leurs enfants auront le droit de reprendre ce que lad. future y a apport\u00e9 et ce qui lui sera \u00e9chu pendant le mariage en meubles et immeubles a tel titre que ce soit, meme la future et douaire [&#8230;] de preciput [&#8230;] le tout franc et quitte des dettes et hypoth\u00e8ques de la Communaut\u00e9 quoique la future s&rsquo;y fut oblig\u00e9e ou y eut \u00e9t\u00e9 condamn\u00e9e dont auquel cas la future et leurs enfants seront garantis et indemnis\u00e9s par le futur et sur ses biens.<\/p>\n<p>Les futurs \u00e9poux pour se donner une preuve de leur tendresse mutuelle se font par les pr\u00e9sentes donation entre vifs, pure, simple et irr\u00e9vocable en la meilleure forme que donation puisse valoir, r\u00e9ciproque l&rsquo;un \u00e0 l&rsquo;autre au survivant d&rsquo;eux, ce accept\u00e9 respectivement<\/p>\n<p>De tous les biens meubles, immeubles, acquets et conquetes propres reels et fictifs et autres g\u00e9n\u00e9ralement quelconques qui se trouveront appartenir au premier survivant des futurs \u00e9poux a tel titre que ce soit sans exception<\/p>\n<p>Pour en jouir par le survivant en usufruit seulement sa vie durant [&#8230;] a la charge de faire faire un tel inventaire mais sans \u00eatre tenu de donner caution si ce n&rsquo;est en cas de convol a de nouvelles noces.<\/p>\n<p>La donation pure en cas d&rsquo;existence d&rsquo;enfant sera r\u00e9ductible conform\u00e9ment \u00e0 la loi.<\/p>\n<p><a href=\"https:\/\/lesmarret.marret.co\/wp-content\/uploads\/2017\/04\/1801-10-19-Marret-Cottard-Contrat-de-mariage-p4_wp.jpg\"><img loading=\"lazy\" decoding=\"async\" width=\"300\" height=\"403\" class=\"wp-image-5397 alignright\" alt=\"\" src=\"https:\/\/lesmarret.marret.co\/wp-content\/uploads\/2017\/04\/1801-10-19-Marret-Cottard-Contrat-de-mariage-p4_wp-762x1024.jpg\" data-wp-pid=\"5397\" srcset=\"https:\/\/lesmarret.marret.co\/wp-content\/uploads\/2017\/04\/1801-10-19-Marret-Cottard-Contrat-de-mariage-p4_wp-762x1024.jpg 762w, https:\/\/lesmarret.marret.co\/wp-content\/uploads\/2017\/04\/1801-10-19-Marret-Cottard-Contrat-de-mariage-p4_wp-223x300.jpg 223w, https:\/\/lesmarret.marret.co\/wp-content\/uploads\/2017\/04\/1801-10-19-Marret-Cottard-Contrat-de-mariage-p4_wp-768x1032.jpg 768w, https:\/\/lesmarret.marret.co\/wp-content\/uploads\/2017\/04\/1801-10-19-Marret-Cottard-Contrat-de-mariage-p4_wp-800x1075.jpg 800w, https:\/\/lesmarret.marret.co\/wp-content\/uploads\/2017\/04\/1801-10-19-Marret-Cottard-Contrat-de-mariage-p4_wp-447x600.jpg 447w, https:\/\/lesmarret.marret.co\/wp-content\/uploads\/2017\/04\/1801-10-19-Marret-Cottard-Contrat-de-mariage-p4_wp.jpg 1181w\" sizes=\"auto, (max-width: 300px) 100vw, 300px\" \/><\/a>Ainsi convenu et arrette<\/p>\n<p>Fait et pass\u00e9 \u00e0 Paris en l&rsquo;Etude le Vingt Sept Vendemiaire an Dix de la Republique francaise une et indivisible et etant sign\u00e9 [&#8230;] presentes o\u00f9 quatre mots sont ray\u00e9s &nbsp;[&#8230;]<\/p>\n<table>\n<tbody>\n<tr>\n<td width=\"230\">Mariage&nbsp;&nbsp;&nbsp;&nbsp;&nbsp;&nbsp;&nbsp; 3<\/p>\n<p>&nbsp; Donation&nbsp;&nbsp;&nbsp; 3<\/p>\n<p>&nbsp;&nbsp;&nbsp; Subvention&nbsp;&nbsp;&nbsp;&nbsp;&nbsp;&nbsp;&nbsp;&nbsp; &nbsp;&nbsp; 60<\/p>\n<p>&nbsp;&nbsp;&nbsp;&nbsp;&nbsp;&nbsp;&nbsp;&nbsp;&nbsp; ____<\/p>\n<p>&nbsp;&nbsp;&nbsp;&nbsp;&nbsp;&nbsp;&nbsp;&nbsp;&nbsp; 6.60<\/td>\n<td width=\"537\">Enregistr\u00e9 \u00e0 Paris le 4 brumaire an neuf [&#8230;]<\/p>\n<p>Six francs soixante centimes suivant le detail ci-contre, [&#8230;] de l&rsquo;enreg [&#8230;] dans le d\u00e9lai de la loy.<\/p>\n<p>&nbsp;<\/td>\n<\/tr>\n<\/tbody>\n<\/table>\n<p style=\"text-align: center;\">~~~~~~~<\/p>\n<p style=\"text-align: center;\"><em>Source: Archives <\/em><em>nationales MC\/ET\/LXXI\/137.<\/em><\/p>\n","protected":false},"excerpt":{"rendered":"<p>En ao\u00fbt 1801, Pierre Marret \u00e9pouse Marie-Jeanne Cottard, probablement \u00e0 Paris. La seule trace officielle, et encore&nbsp;disponible, de ce mariage est le contrat de mariage, pass\u00e9 le 27 vend\u00e9miaire an X (19&nbsp;octobre&nbsp;1801) devant Me Denis-Andr\u00e9 Rouen, notaire \u00e0 Paris. ~~~~~~~ &hellip; <a href=\"https:\/\/lesmarret.marret.co\/index.php\/pierre-marret-lancetre\/pierre-marret-son-mariage\/\">Continuer la lecture <span class=\"meta-nav\">&rarr;<\/span><\/a><\/p>\n","protected":false},"author":1,"featured_media":0,"parent":5402,"menu_order":0,"comment_status":"closed","ping_status":"closed","template":"","meta":{"_monsterinsights_skip_tracking":false,"_monsterinsights_sitenote_active":false,"_monsterinsights_sitenote_note":"","_monsterinsights_sitenote_category":0,"ngg_post_thumbnail":0,"footnotes":""},"class_list":["post-5416","page","type-page","status-publish","hentry"],"aioseo_notices":[],"_links":{"self":[{"href":"https:\/\/lesmarret.marret.co\/index.php\/wp-json\/wp\/v2\/pages\/5416","targetHints":{"allow":["GET"]}}],"collection":[{"href":"https:\/\/lesmarret.marret.co\/index.php\/wp-json\/wp\/v2\/pages"}],"about":[{"href":"https:\/\/lesmarret.marret.co\/index.php\/wp-json\/wp\/v2\/types\/page"}],"author":[{"embeddable":true,"href":"https:\/\/lesmarret.marret.co\/index.php\/wp-json\/wp\/v2\/users\/1"}],"replies":[{"embeddable":true,"href":"https:\/\/lesmarret.marret.co\/index.php\/wp-json\/wp\/v2\/comments?post=5416"}],"version-history":[{"count":0,"href":"https:\/\/lesmarret.marret.co\/index.php\/wp-json\/wp\/v2\/pages\/5416\/revisions"}],"up":[{"embeddable":true,"href":"https:\/\/lesmarret.marret.co\/index.php\/wp-json\/wp\/v2\/pages\/5402"}],"wp:attachment":[{"href":"https:\/\/lesmarret.marret.co\/index.php\/wp-json\/wp\/v2\/media?parent=5416"}],"curies":[{"name":"wp","href":"https:\/\/api.w.org\/{rel}","templated":true}]}}