{"id":5498,"date":"2017-04-30T16:41:05","date_gmt":"2017-04-30T15:41:05","guid":{"rendered":"http:\/\/lesmarret.marret.co\/?page_id=5498"},"modified":"2018-04-09T15:05:45","modified_gmt":"2018-04-09T14:05:45","slug":"paris-16-rue-vivienne","status":"publish","type":"page","link":"https:\/\/lesmarret.marret.co\/index.php\/les-marret-bijoutiers\/paris-16-rue-vivienne\/","title":{"rendered":"Paris, 16 rue Vivienne"},"content":{"rendered":"<p><span lang=\"FR\"><a href=\"https:\/\/lesmarret.marret.co\/wp-content\/uploads\/2017\/04\/16-rue-Vivienne-2010-04_016a_wp.jpg\"><img loading=\"lazy\" decoding=\"async\" width=\"252\" height=\"168\" class=\"wp-image-5477 alignright\" alt=\"\" src=\"https:\/\/lesmarret.marret.co\/wp-content\/uploads\/2017\/04\/16-rue-Vivienne-2010-04_016a_wp-1024x683.jpg\" data-wp-pid=\"5477\" srcset=\"https:\/\/lesmarret.marret.co\/wp-content\/uploads\/2017\/04\/16-rue-Vivienne-2010-04_016a_wp-1024x683.jpg 1024w, https:\/\/lesmarret.marret.co\/wp-content\/uploads\/2017\/04\/16-rue-Vivienne-2010-04_016a_wp-300x200.jpg 300w, https:\/\/lesmarret.marret.co\/wp-content\/uploads\/2017\/04\/16-rue-Vivienne-2010-04_016a_wp-768x512.jpg 768w, https:\/\/lesmarret.marret.co\/wp-content\/uploads\/2017\/04\/16-rue-Vivienne-2010-04_016a_wp-800x533.jpg 800w, https:\/\/lesmarret.marret.co\/wp-content\/uploads\/2017\/04\/16-rue-Vivienne-2010-04_016a_wp-600x400.jpg 600w, https:\/\/lesmarret.marret.co\/wp-content\/uploads\/2017\/04\/16-rue-Vivienne-2010-04_016a_wp-450x300.jpg 450w, https:\/\/lesmarret.marret.co\/wp-content\/uploads\/2017\/04\/16-rue-Vivienne-2010-04_016a_wp-1200x800.jpg 1200w, https:\/\/lesmarret.marret.co\/wp-content\/uploads\/2017\/04\/16-rue-Vivienne-2010-04_016a_wp.jpg 1329w\" sizes=\"auto, (max-width: 252px) 100vw, 252px\" \/><\/a>La maison \u2013 ou plut\u00f4t l\u2019H\u00f4tel \u2014 situ\u00e9e au 16 rue Vivienne, dans le 2<sup><span style=\"color: #000000; font-size: small;\">e<\/span><\/sup> arrondissement de Paris, a jou\u00e9 un r\u00f4le important pour les Marret, tant sur le plan professionnel que dans leur vie familiale.<\/span><\/p>\n<p><span lang=\"FR\"><a href=\"https:\/\/lesmarret.marret.co\/wp-content\/uploads\/2017\/04\/16-rue-Vivienne-2010-04_019a_wp.jpg\"><img loading=\"lazy\" decoding=\"async\" width=\"239\" height=\"363\" class=\"wp-image-5499 alignleft\" alt=\"\" src=\"https:\/\/lesmarret.marret.co\/wp-content\/uploads\/2017\/04\/16-rue-Vivienne-2010-04_019a_wp-674x1024.jpg\" data-wp-pid=\"5499\" srcset=\"https:\/\/lesmarret.marret.co\/wp-content\/uploads\/2017\/04\/16-rue-Vivienne-2010-04_019a_wp-674x1024.jpg 674w, https:\/\/lesmarret.marret.co\/wp-content\/uploads\/2017\/04\/16-rue-Vivienne-2010-04_019a_wp-197x300.jpg 197w, https:\/\/lesmarret.marret.co\/wp-content\/uploads\/2017\/04\/16-rue-Vivienne-2010-04_019a_wp-768x1167.jpg 768w, https:\/\/lesmarret.marret.co\/wp-content\/uploads\/2017\/04\/16-rue-Vivienne-2010-04_019a_wp-395x600.jpg 395w, https:\/\/lesmarret.marret.co\/wp-content\/uploads\/2017\/04\/16-rue-Vivienne-2010-04_019a_wp.jpg 777w\" sizes=\"auto, (max-width: 239px) 100vw, 239px\" \/><\/a><\/span><\/p>\n<p>&nbsp;<\/p>\n<p>&nbsp;<\/p>\n<p><span lang=\"FR\">En 1826, Hippolyte Marret (1804-1883) et Charles Marret (1807-1846) s\u2019\u00e9taient associ\u00e9s \u00e0 B\u00e9nier dans la maison <em>B\u00e9nier et Marret Fr\u00e8res<\/em>, au 10, rue Vivienne. Devenus seuls propri\u00e9taires, ils transport\u00e8rent leur affaire dans l\u2019ancien h\u00f4tel de Colbert, au n\u00ba&nbsp;16, rue Vivienne. <\/span><\/p>\n<p><span lang=\"FR\">Charles Marret s\u2019\u00e9tant s\u00e9par\u00e9 de son fr\u00e8re, Hippolyte s\u2019associa au fil des ann\u00e9es avec ses beaux-fr\u00e8res et des neveux avant que la maison ne soit reprise par leurs descendants dans diverses soci\u00e9t\u00e9s&nbsp;:<\/span><\/p>\n<ul>\n<li><a href=\"https:\/\/lesmarret.marret.co\/index.php\/les-marret-bijoutiers\/marret-freres\/\"><em><span lang=\"FR\">Marret Fr\u00e8res<\/span><\/em><\/a><\/li>\n<li><a href=\"https:\/\/lesmarret.marret.co\/index.php\/marry-jarry-et-gaime\/\"><em><span lang=\"FR\">Marret, Jarry et Gaime<\/span><\/em><\/a><\/li>\n<li><a href=\"https:\/\/lesmarret.marret.co\/index.php\/les-marret-bijoutiers\/marret-et-jarry-freres\/\"><em><span lang=\"FR\">Marret et Jarry Fr\u00e8res<\/span><\/em><\/a><\/li>\n<li><em><span lang=\"FR\">Marret, Jarry et Fr\u00e8res et Marret neveux<\/span><\/em><\/li>\n<li><a href=\"https:\/\/lesmarret.marret.co\/index.php\/les-marret-bijoutiers\/marret-freres-et-jarry\/\"><em><span lang=\"FR\">Marret Fr\u00e8res et Jarry<\/span><\/em><\/a><\/li>\n<\/ul>\n<p><span lang=\"FR\">Mais en 1901, deux fr\u00e8res, Charles Marret (1861-1958) et Paul Marret (1863-1935) transf\u00e9r\u00e8rent le si\u00e8ge social au 352, rue Saint-Honor\u00e9 avant de vendre l\u2019entreprise \u00e0 Julien Bancelin en 1910.<\/span><\/p>\n<p><span lang=\"FR\">La plupart de ceux qui travaillaient dans l\u2019entreprise familiale habit\u00e8rent \u00e9galement dans l\u2019h\u00f4tel particulier.<\/span><\/p>\n<p><span lang=\"FR\">C\u2019est ainsi que les fondateurs de la maison Marret fr\u00e8res, Hippolyte Marret (1804-1883) et Charles (I) Marret (1807-1846) y r\u00e9sid\u00e8rent, le premier au moins une vingtaine d\u2019ann\u00e9es et le deuxi\u00e8me beaucoup plus bri\u00e8vement.<\/span><\/p>\n<p><span lang=\"FR\">L\u2019un de leurs neveux, Ernest Marret (1835-1911), demeurait dans cet h\u00f4tel lorsque ses trois enfants y naquirent&nbsp;: Charles (1861-1958), Paul (1863-1935) et Henri (1878-1964) et il ne le quitta qu\u2019en 1891.<\/span><\/p>\n<p><span lang=\"FR\">Ce fut \u00e9galement le cas de son fr\u00e8re Hippolyte (II) Marret (1841-1920); ses deux enfants, Maurice (1873-1944) et L\u00e9on (1877-1932) y voyant le jour.<\/span><\/p>\n<p><span lang=\"FR\">Le fils de Charles (I) Marret, Alfred Marret (1836-1876) y habitait aussi \u00e0 la naissance de deux de ses enfants&nbsp;: Charles (1864-1932) et Henri (1867-1946).<\/span><\/p>\n<p><span lang=\"FR\">Quant aux deux derniers propri\u00e9taires de la maison <em>Marret fr\u00e8res<\/em>, Charles Marret (1861-1958) et Paul Marret (1863-1935), ils y r\u00e9sidaient en 1891 et peut-\u00eatre apr\u00e8s&#8230;<\/span><\/p>\n<p style=\"text-align: center;\"><div id=\"metaslider-id-5548\" style=\"max-width: 450px; margin: 0 auto;\" class=\"ml-slider-3-105-0 metaslider metaslider-flex metaslider-5548 ml-slider has-dots-nav ms-theme-default\" role=\"region\" aria-label=\"16 rue Vivienne \u2013 b\u00e2timent\" data-height=\"300\" data-width=\"450\">\n    <div id=\"metaslider_container_5548\">\n        <div id=\"metaslider_5548\">\n            <ul class='slides'>\n                <li style=\"display: block; width: 100%;\" class=\"slide-5550 ms-image \" aria-roledescription=\"slide\" data-date=\"2017-04-30 11:30:10\" data-filename=\"16-rue-Vivienne-2010-04_016a_wp-450x300.jpg\" data-slide-type=\"image\"><img loading=\"lazy\" decoding=\"async\" src=\"https:\/\/lesmarret.marret.co\/wp-content\/uploads\/2017\/04\/16-rue-Vivienne-2010-04_016a_wp-450x300.jpg\" height=\"300\" width=\"450\" alt=\"\" class=\"slider-5548 slide-5550 msDefaultImage\" \/><\/li>\n                <li style=\"display: none; width: 100%;\" class=\"slide-5549 ms-image \" aria-roledescription=\"slide\" data-date=\"2017-04-30 11:30:10\" data-filename=\"16-rue-Vivienne-2010-04_019a_wp-450x300.jpg\" data-slide-type=\"image\"><img loading=\"lazy\" decoding=\"async\" src=\"https:\/\/lesmarret.marret.co\/wp-content\/uploads\/2017\/04\/16-rue-Vivienne-2010-04_019a_wp-450x300.jpg\" height=\"300\" width=\"450\" alt=\"\" class=\"slider-5548 slide-5549 msDefaultImage\" \/><\/li>\n                <li style=\"display: none; width: 100%;\" class=\"slide-5551 ms-image \" aria-roledescription=\"slide\" data-date=\"2017-04-30 11:30:10\" data-filename=\"16-rue-Vivienne-2010-04_027a_wp_-450x300.jpg\" data-slide-type=\"image\"><img loading=\"lazy\" decoding=\"async\" src=\"https:\/\/lesmarret.marret.co\/wp-content\/uploads\/2017\/04\/16-rue-Vivienne-2010-04_027a_wp_-450x300.jpg\" height=\"300\" width=\"450\" alt=\"\" class=\"slider-5548 slide-5551 msDefaultImage\" \/><\/li>\n                <li style=\"display: none; width: 100%;\" class=\"slide-5553 ms-image \" aria-roledescription=\"slide\" data-date=\"2017-04-30 11:30:10\" data-filename=\"16-rue-Vivienne-2010-04_023a_wp-450x300.jpg\" data-slide-type=\"image\"><img loading=\"lazy\" decoding=\"async\" src=\"https:\/\/lesmarret.marret.co\/wp-content\/uploads\/2017\/04\/16-rue-Vivienne-2010-04_023a_wp-450x300.jpg\" height=\"300\" width=\"450\" alt=\"\" class=\"slider-5548 slide-5553 msDefaultImage\" \/><\/li>\n                <li style=\"display: none; width: 100%;\" class=\"slide-5554 ms-image \" aria-roledescription=\"slide\" data-date=\"2017-04-30 11:30:10\" data-filename=\"16-rue-Vivienne-2010-04_021a_wp-450x300.jpg\" data-slide-type=\"image\"><img loading=\"lazy\" decoding=\"async\" src=\"https:\/\/lesmarret.marret.co\/wp-content\/uploads\/2017\/04\/16-rue-Vivienne-2010-04_021a_wp-450x300.jpg\" height=\"300\" width=\"450\" alt=\"\" class=\"slider-5548 slide-5554 msDefaultImage\" \/><\/li>\n                <li style=\"display: none; width: 100%;\" class=\"slide-5552 ms-image \" aria-roledescription=\"slide\" data-date=\"2017-04-30 11:30:10\" data-filename=\"16-rue-Vivienne-2010-04_026a_wp-450x300.jpg\" data-slide-type=\"image\"><img loading=\"lazy\" decoding=\"async\" src=\"https:\/\/lesmarret.marret.co\/wp-content\/uploads\/2017\/04\/16-rue-Vivienne-2010-04_026a_wp-450x300.jpg\" height=\"300\" width=\"450\" alt=\"\" class=\"slider-5548 slide-5552 msDefaultImage\" \/><\/li>\n            <\/ul>\n        <\/div>\n        \n    <\/div>\n<\/div><\/p>\n","protected":false},"excerpt":{"rendered":"<p>La maison \u2013 ou plut\u00f4t l\u2019H\u00f4tel \u2014 situ\u00e9e au 16 rue Vivienne, dans le 2e arrondissement de Paris, a jou\u00e9 un r\u00f4le important pour les Marret, tant sur le plan professionnel que dans leur vie familiale. &nbsp; &nbsp; En 1826, &hellip; <a href=\"https:\/\/lesmarret.marret.co\/index.php\/les-marret-bijoutiers\/paris-16-rue-vivienne\/\">Continuer la lecture <span class=\"meta-nav\">&rarr;<\/span><\/a><\/p>\n","protected":false},"author":1,"featured_media":0,"parent":5629,"menu_order":0,"comment_status":"closed","ping_status":"closed","template":"","meta":{"_monsterinsights_skip_tracking":false,"_monsterinsights_sitenote_active":false,"_monsterinsights_sitenote_note":"","_monsterinsights_sitenote_category":0,"ngg_post_thumbnail":0,"footnotes":""},"class_list":["post-5498","page","type-page","status-publish","hentry"],"aioseo_notices":[],"_links":{"self":[{"href":"https:\/\/lesmarret.marret.co\/index.php\/wp-json\/wp\/v2\/pages\/5498","targetHints":{"allow":["GET"]}}],"collection":[{"href":"https:\/\/lesmarret.marret.co\/index.php\/wp-json\/wp\/v2\/pages"}],"about":[{"href":"https:\/\/lesmarret.marret.co\/index.php\/wp-json\/wp\/v2\/types\/page"}],"author":[{"embeddable":true,"href":"https:\/\/lesmarret.marret.co\/index.php\/wp-json\/wp\/v2\/users\/1"}],"replies":[{"embeddable":true,"href":"https:\/\/lesmarret.marret.co\/index.php\/wp-json\/wp\/v2\/comments?post=5498"}],"version-history":[{"count":2,"href":"https:\/\/lesmarret.marret.co\/index.php\/wp-json\/wp\/v2\/pages\/5498\/revisions"}],"predecessor-version":[{"id":7547,"href":"https:\/\/lesmarret.marret.co\/index.php\/wp-json\/wp\/v2\/pages\/5498\/revisions\/7547"}],"up":[{"embeddable":true,"href":"https:\/\/lesmarret.marret.co\/index.php\/wp-json\/wp\/v2\/pages\/5629"}],"wp:attachment":[{"href":"https:\/\/lesmarret.marret.co\/index.php\/wp-json\/wp\/v2\/media?parent=5498"}],"curies":[{"name":"wp","href":"https:\/\/api.w.org\/{rel}","templated":true}]}}