{"id":5629,"date":"2017-04-30T18:50:05","date_gmt":"2017-04-30T17:50:05","guid":{"rendered":"http:\/\/lesmarret.marret.co\/?page_id=5629"},"modified":"2017-06-30T18:15:44","modified_gmt":"2017-06-30T17:15:44","slug":"les-marret-bijoutiers","status":"publish","type":"page","link":"https:\/\/lesmarret.marret.co\/index.php\/les-marret-bijoutiers\/","title":{"rendered":"Les Marret bijoutiers"},"content":{"rendered":"<p><span lang=\"FR\" style=\"margin: 0px; font-family: 'Georgia','serif';\"><span style=\"color: #000000;\"><a href=\"https:\/\/lesmarret.marret.co\/wp-content\/uploads\/2017\/04\/Marret-Fr\u00e8res-\u00c9crin-pour-bague-03_wp.jpg\"><img loading=\"lazy\" decoding=\"async\" width=\"199\" height=\"175\" class=\"wp-image-5344 alignright\" alt=\"\" src=\"https:\/\/lesmarret.marret.co\/wp-content\/uploads\/2017\/04\/Marret-Fr\u00e8res-\u00c9crin-pour-bague-03_wp.jpg\" data-wp-pid=\"5344\" srcset=\"https:\/\/lesmarret.marret.co\/wp-content\/uploads\/2017\/04\/Marret-Fr\u00e8res-\u00c9crin-pour-bague-03_wp.jpg 591w, https:\/\/lesmarret.marret.co\/wp-content\/uploads\/2017\/04\/Marret-Fr\u00e8res-\u00c9crin-pour-bague-03_wp-300x263.jpg 300w\" sizes=\"auto, (max-width: 199px) 100vw, 199px\" \/><\/a>Pierre Marret est peut-\u00eatre le premier membre de la famille \u00e0 avoir \u0153uvr\u00e9 dans le domaine de la bijouterie, la joaillerie et l\u2019orf\u00e8vrerie. Mais ce ne fut pas le dernier, loin de l\u00e0! Lors du d\u00e9c\u00e8s de sa femme, Marie-Jeanne Cottard, en 1844, ses quatre enfants encore vivants et sa bru se d\u00e9clarent tous comme bijoutiers. Parmi ses petits-enfants et ses arri\u00e8res-petits-enfants, plus d\u2019une douzaine y ont fait carri\u00e8re\u2026 Au total, pr\u00e8s d&rsquo;une quinzaine de <a href=\"https:\/\/lesmarret.marret.co\/index.php\/les-marret-bijoutiers\/les-societes-marret-de-bijouterie-joaillerie-et-orfevrerie\/\">soci\u00e9t\u00e9s Marret <\/a>ont \u0153uvr\u00e9 dans le domaine&#8230;<\/span><\/span><\/p>\n<p><span style=\"color: #000000; font-family: Times New Roman;\"><img loading=\"lazy\" decoding=\"async\" width=\"17\" height=\"17\" src=\"file:\/\/\/C:\/Users\/Jean-Luc\/AppData\/Local\/Temp\/msohtmlclip1\/01\/clip_image002.gif\"><\/span><span style=\"color: #000000; font-family: Arial;\">&nbsp; <\/span><strong>MARRET Pierre<\/strong> (1765 &#8211; Tourzel-Ronzi\u00e8res \/ 1857 &#8211; Fourqueux)<span style=\"color: #000000; font-family: Arial;\">&nbsp;&nbsp;<br \/>\n<\/span><span style=\"color: #000000; font-family: Arial;\">&nbsp;<\/span><img loading=\"lazy\" decoding=\"async\" width=\"17\" height=\"17\" src=\"file:\/\/\/C:\/Users\/Jean-Luc\/AppData\/Local\/Temp\/msohtmlclip1\/01\/clip_image004.jpg\"><span style=\"color: #000000; font-family: Arial;\">&nbsp; <\/span><span style=\"color: #000000; font-family: Arial;\">&nbsp;&nbsp;&nbsp;<\/span>+ MAUG\u00c9 Marie-Anne ( &#8211;<span style=\"color: #000000; font-family: Arial;\">&nbsp; <\/span>\/<span style=\"color: #000000; font-family: Arial;\">&nbsp; <\/span>&#8211; )<\/p>\n<p style=\"padding-left: 60px;\">1a &#8211; MARRET Auguste <span style=\"font-size: 14pt;\">\u2663<\/span> (1790 &#8211; Paris \/ 1851 &#8211; Paris)<span style=\"color: #000000; font-family: Arial;\">&nbsp;&nbsp;&nbsp;<\/span><\/p>\n<p style=\"padding-left: 90px;\">1a.1 &#8211; MARRET Paul <span style=\"font-size: 14pt;\">\u2663<\/span>&nbsp;(~ 1816 &#8211;<span style=\"color: #000000; font-family: Arial;\">&nbsp; <\/span>\/ 1854 &#8211; Paris)<br \/>\n&nbsp;&nbsp;&nbsp;&nbsp;&nbsp;&nbsp;&nbsp;&nbsp;&nbsp;&nbsp;&nbsp;&nbsp;&nbsp;&nbsp;&nbsp; + DURAND Zo\u00e9<span style=\"color: #000000; font-family: Arial;\">&nbsp;<span style=\"font-size: 14pt;\">\u2663<span style=\"font-family: georgia,palatino,serif; font-size: 12pt;\"> (1822 &#8211; Paris \/&nbsp;1887 &#8211; Grigny)<\/span><\/span><br \/>\n<\/span><span style=\"color: #000000; font-family: Arial;\">&nbsp;&nbsp;&nbsp;&nbsp;&nbsp;<\/span><span style=\"color: #000000; font-family: Arial;\">&nbsp;<\/span>1a.1.1 &#8211; MARRET Albert (1844 &#8211; Paris \/ 1920 &#8211; )<br \/>\n&nbsp;&nbsp;&nbsp;&nbsp;&nbsp;&nbsp; 1a.1.2 &#8211; MARRET Am\u00e9lie (1846 &#8211; Paris \/<span style=\"color: #000000; font-family: Arial;\">&nbsp; <\/span>&#8211; )<br \/>\n&nbsp;&nbsp;&nbsp;&nbsp;&nbsp;&nbsp; 1a.1.3 &#8211; MARRET \u00c9mile (1847 &#8211; Paris \/<span style=\"color: #000000; font-family: Arial;\">&nbsp; <\/span>&#8211; )<br \/>\n&nbsp;&nbsp;&nbsp;&nbsp;&nbsp;&nbsp; 1a.1.4 &#8211; MARRET Paul (1848 &#8211; Grigny \/ 1893 &#8211; Paris)<br \/>\n&nbsp;&nbsp;&nbsp;&nbsp;&nbsp;&nbsp; 1a.1.5 &#8211; MARRET Berthe (1849 &#8211; Paris \/<span style=\"color: #000000; font-family: Arial;\">&nbsp; <\/span>&#8211; )<span style=\"color: #000000; font-family: Arial;\">&nbsp;&nbsp;<\/span><span style=\"color: #000000; font-family: Arial;\">&nbsp;&nbsp;<\/span><span style=\"color: #000000; font-family: Arial;\">&nbsp;&nbsp;&nbsp;&nbsp;&nbsp;<\/span><span style=\"color: #000000; font-family: Arial;\">&nbsp;&nbsp;&nbsp;&nbsp;&nbsp;<\/span><span style=\"color: #000000; font-family: Arial;\">&nbsp;&nbsp;&nbsp;&nbsp;&nbsp;<\/span><span style=\"color: #000000; font-family: Arial;\">&nbsp;&nbsp;&nbsp;&nbsp;&nbsp;<\/span><span style=\"color: #000000; font-family: Arial;\">&nbsp;&nbsp;&nbsp;&nbsp;&nbsp;<\/span><span style=\"color: #000000; font-family: Arial;\">&nbsp;<\/span><\/p>\n<p><span style=\"color: #000000; font-family: Arial;\">&nbsp;<\/span><img loading=\"lazy\" decoding=\"async\" width=\"17\" height=\"17\" src=\"file:\/\/\/C:\/Users\/Jean-Luc\/AppData\/Local\/Temp\/msohtmlclip1\/01\/clip_image004.jpg\"><span style=\"color: #000000; font-family: Arial;\">&nbsp;<\/span><span style=\"color: #000000; font-family: Arial;\">&nbsp;&nbsp;&nbsp; <\/span>+ COTTARD Marie-Jeanne (1776 &#8211; Fourqueux \/ 1844 &#8211; Paris)<\/p>\n<p style=\"padding-left: 60px;\">2b &#8211; MARRET Pauline Genevi\u00e8ve (~ 1802 &#8211;<span style=\"color: #000000; font-family: Arial;\">&nbsp; <\/span>\/ 1834 &#8211; Paris)<br \/>\n<span style=\"color: #000000; font-family: Arial;\">&nbsp;&nbsp;&nbsp;&nbsp;&nbsp;&nbsp;&nbsp;&nbsp;&nbsp;&nbsp;&nbsp; <\/span>+ PICHON Antoine (an VI &#8211; Marly-le-Roi \/ 1840 &#8211; Paris)<\/p>\n<p><span style=\"color: #000000; font-family: Arial;\">&nbsp;&nbsp;&nbsp;&nbsp;<\/span><span style=\"color: #000000; font-family: Arial;\">&nbsp;&nbsp;&nbsp;&nbsp;&nbsp;<\/span><span style=\"color: #000000; font-family: Arial;\">&nbsp;&nbsp;&nbsp;&nbsp;&nbsp;<\/span><span style=\"color: #000000; font-family: Arial;\">&nbsp;&nbsp;&nbsp;&nbsp; <\/span><img loading=\"lazy\" decoding=\"async\" width=\"17\" height=\"17\" src=\"file:\/\/\/C:\/Users\/Jean-Luc\/AppData\/Local\/Temp\/msohtmlclip1\/01\/clip_image006.gif\"><span style=\"color: #000000; font-family: Arial;\">&nbsp;<\/span>2b.1 &#8211; PICHON <span style=\"color: #000000; font-family: Arial;\">&nbsp;<\/span>Emmanuel (1825 &#8211; Glos \/ 1887 &#8211; Paris)<br \/>\n&nbsp;&nbsp;&nbsp;&nbsp;&nbsp;&nbsp;&nbsp;&nbsp;&nbsp;&nbsp;&nbsp;&nbsp;&nbsp;&nbsp;&nbsp;&nbsp;&nbsp;&nbsp;&nbsp;&nbsp;&nbsp;&nbsp;&nbsp;&nbsp;&nbsp;&nbsp;&nbsp;&nbsp;&nbsp;&nbsp;&nbsp;&nbsp;<span lang=\"DE\">2b.1.1 &#8211; PICHON Gustave ( &#8211;<span style=\"color: #000000; font-family: Arial;\">&nbsp; <\/span>\/<span style=\"color: #000000; font-family: Arial;\">&nbsp; <\/span>&#8211; )<br \/>\n&nbsp;&nbsp;&nbsp;&nbsp;&nbsp;&nbsp;&nbsp;&nbsp;&nbsp;&nbsp;&nbsp;&nbsp;&nbsp;&nbsp;&nbsp;&nbsp;&nbsp;&nbsp;&nbsp;&nbsp;&nbsp;&nbsp;&nbsp;&nbsp;&nbsp;&nbsp;&nbsp;&nbsp;<\/span><span lang=\"DE\">2b.2 &#8211; PICHON St\u00e9phanie (1827 &#8211; Glos \/ 1866 &#8211; Paris)<br \/>\n&nbsp;&nbsp;&nbsp;&nbsp;&nbsp;&nbsp;&nbsp;&nbsp;&nbsp;&nbsp;&nbsp;&nbsp;&nbsp;&nbsp;&nbsp;&nbsp;&nbsp;&nbsp;&nbsp;&nbsp;&nbsp;&nbsp;&nbsp;&nbsp;&nbsp;&nbsp;&nbsp;&nbsp;&nbsp;&nbsp;&nbsp;&nbsp;&nbsp;&nbsp;&nbsp;&nbsp; <\/span>+ JARRY Eug\u00e8ne <span style=\"font-size: 14pt;\">\u2663<\/span>&nbsp;(1818 &#8211; Paris \/ 1883 &#8211; Trouville-sur-Mer)<br \/>\n&nbsp;&nbsp;&nbsp;&nbsp;&nbsp;&nbsp;&nbsp;&nbsp;&nbsp;&nbsp;&nbsp;&nbsp;&nbsp;&nbsp;&nbsp;&nbsp;&nbsp;&nbsp;&nbsp;&nbsp;&nbsp;&nbsp;&nbsp;&nbsp;&nbsp;&nbsp;&nbsp;&nbsp;&nbsp;&nbsp;&nbsp;&nbsp;&nbsp;2b.2.1 &#8211; JARRY Fernand (1862 &#8211; Paris \/<span style=\"color: #000000; font-family: Arial;\">&nbsp; <\/span>&#8211; )<\/p>\n<p style=\"padding-left: 60px;\">3b &#8211; MARRET Justin <span style=\"font-size: 14pt;\">\u2663<\/span>&nbsp;(1803 &#8211; Paris \/ 1844 &#8211; Paris)<br \/>\n&nbsp;&nbsp;&nbsp;&nbsp;&nbsp;&nbsp;&nbsp;&nbsp;&nbsp;&nbsp;&nbsp;&nbsp;&nbsp;+ BESSE Ang\u00e9lique <span style=\"font-size: 14pt;\">\u2663<\/span>&nbsp;(an XI &#8211; Triel-sur-Seine \/ 1887 &#8211; Fourqueux)<\/p>\n<p style=\"padding-left: 120px;\">3b.1 &#8211; MARRET Caroline (1833 &#8211; Paris \/ 1834 &#8211; Fourqueux)<\/p>\n<p style=\"padding-left: 90px;\"><span style=\"color: #000000; font-family: Arial;\">&nbsp;<\/span><span style=\"color: #000000; font-family: Arial;\">&nbsp;&nbsp;&nbsp;&nbsp;&nbsp;<\/span><span style=\"color: #000000; font-family: Arial;\">&nbsp;<\/span>3b.2 &#8211; MARRET Ernest <span style=\"font-size: 14pt;\">\u2663<\/span>&nbsp;(1835 &#8211; Paris \/ 1911 &#8211; Le Chalard)<br \/>\n<span style=\"color: #000000; font-family: Arial;\">&nbsp;&nbsp;&nbsp;&nbsp;&nbsp;&nbsp;&nbsp;&nbsp;&nbsp;&nbsp; <\/span>3b.2.1 &#8211; MARRET Charles <span style=\"font-size: 14pt;\">\u2663<\/span>&nbsp;(1861 &#8211; Paris \/ 1958 &#8211; Fourqueux)<br \/>\n<span style=\"color: #000000; font-family: Arial;\">&nbsp;&nbsp;&nbsp;<\/span><span style=\"color: #000000; font-family: Arial;\">&nbsp;&nbsp;&nbsp;&nbsp;&nbsp;<\/span><span style=\"color: #000000; font-family: Arial;\">&nbsp;&nbsp;&nbsp;<\/span>3b.2.2 &#8211; MARRET Paul <span style=\"font-size: 14pt;\">\u2663<\/span>&nbsp;(1863 &#8211; Paris \/ 1935 &#8211; Toussaint)<br \/>\n<span style=\"color: #000000; font-family: Arial;\">&nbsp;&nbsp;<\/span><span style=\"color: #000000; font-family: Arial;\">&nbsp;&nbsp;&nbsp;&nbsp;&nbsp;<\/span><span style=\"color: #000000; font-family: Arial;\">&nbsp;&nbsp;&nbsp;&nbsp;<\/span>3b.2.3 &#8211; MARRET Henri (1878 &#8211; Paris \/ 1964 &#8211; Fourqueux)<\/p>\n<p style=\"padding-left: 90px;\"><span style=\"color: #000000; font-family: Arial;\">&nbsp;<\/span><span style=\"color: #000000; font-family: Arial;\">&nbsp;&nbsp;&nbsp;&nbsp;&nbsp;<\/span><span style=\"color: #000000; font-family: Arial;\">&nbsp;<\/span>3b.3 &#8211; MARRET Charles (1839 &#8211;<span style=\"color: #000000; font-family: Arial;\">&nbsp; <\/span>\/ 1840 &#8211; Fourqueux)<\/p>\n<p style=\"padding-left: 90px;\"><span style=\"color: #000000; font-family: Arial;\">&nbsp;&nbsp;<\/span><span style=\"color: #000000; font-family: Arial;\">&nbsp;&nbsp;&nbsp;&nbsp;&nbsp; <\/span>3b.4 &#8211; MARRET Hippolyte <span style=\"font-size: 14pt;\">\u2663<\/span>&nbsp;(1841 &#8211; Paris \/ 1920 &#8211; Paris)<br \/>\n&nbsp;&nbsp;&nbsp;&nbsp;&nbsp;&nbsp;&nbsp;&nbsp;&nbsp;&nbsp;&nbsp;&nbsp;&nbsp;&nbsp; 3b.4.1 &#8211; MARRET Maurice (1873 &#8211; Paris \/ 1944 &#8211; Paris)<br \/>\n<span style=\"color: #000000; font-family: Arial;\">&nbsp;&nbsp;&nbsp;&nbsp;<\/span><span style=\"color: #000000; font-family: Arial;\">&nbsp;&nbsp;&nbsp;&nbsp;&nbsp;<\/span><span style=\"color: #000000; font-family: Arial;\">&nbsp;&nbsp;&nbsp;&nbsp;<\/span>3b.4.2 &#8211; MARRET L\u00e9on Ernest (1877 &#8211; Paris \/ 1932 &#8211; Marseille<\/p>\n<p style=\"padding-left: 60px;\">4b &#8211; MARRET Hippolyte <span style=\"font-size: 14pt;\">\u2663<\/span>&nbsp;(1804 &#8211; Paris \/ 1883 &#8211; Le Chalard)<\/p>\n<p style=\"padding-left: 60px;\"><span style=\"color: #000000; font-family: Arial;\">&nbsp;<\/span>5b &#8211; MARRET Charles <span style=\"font-size: 14pt;\">\u2663<\/span>&nbsp;(1807 &#8211; Paris \/ 1846 &#8211; Paris)<br \/>\n&nbsp;&nbsp;&nbsp;&nbsp;&nbsp;&nbsp;&nbsp;&nbsp;&nbsp;&nbsp;&nbsp;&nbsp;&nbsp;&nbsp;+HY Louise <span style=\"font-size: 14pt;\">\u2663<\/span>&nbsp;(~ 1816 &#8211; Paris \/ 1896 &#8211; Paris)<br \/>\n&nbsp;&nbsp;&nbsp;&nbsp;&nbsp;&nbsp;&nbsp;&nbsp;&nbsp;&nbsp;&nbsp;&nbsp;&nbsp;&nbsp;&nbsp;&nbsp;&nbsp; 5b.1 &#8211; MARRET Alfred <span style=\"font-size: 14pt;\">\u2663<\/span>&nbsp;(1835 &#8211; Paris \/ 1876 &#8211; St-Germain-Lembron)<\/p>\n<p><span style=\"color: #000000; font-family: Arial;\"><span style=\"font-size: 14pt;\">\u2663<\/span>&nbsp; <\/span>Ce signe indique que, selon les documents consult\u00e9s, la personne a \u0153uvr\u00e9 comme joaillier, bijoutier ou orf\u00e8vre.<\/p>\n<p>Aux membres de la famille Marret pourraient s\u2019ajouter plusieurs personnes apparent\u00e9es, tels des Jarry, Linzeler et Marchand qui ont travaill\u00e9 dans le m\u00eame secteur au XIXe si\u00e8cle. En outre, d\u2019autres descendants se sont occup\u00e9s ult\u00e9rieurement de m\u00e9taux pr\u00e9cieux, travaillant, \u00e0 la suite de Maurice Marret, &nbsp;chez <em>Marret, Bonin<\/em>, ou au <em>Comptoir Lyon-Alemand<\/em>\u2026<\/p>\n","protected":false},"excerpt":{"rendered":"<p>Pierre Marret est peut-\u00eatre le premier membre de la famille \u00e0 avoir \u0153uvr\u00e9 dans le domaine de la bijouterie, la joaillerie et l\u2019orf\u00e8vrerie. Mais ce ne fut pas le dernier, loin de l\u00e0! Lors du d\u00e9c\u00e8s de sa femme, Marie-Jeanne &hellip; <a href=\"https:\/\/lesmarret.marret.co\/index.php\/les-marret-bijoutiers\/\">Continuer la lecture <span class=\"meta-nav\">&rarr;<\/span><\/a><\/p>\n","protected":false},"author":1,"featured_media":0,"parent":0,"menu_order":0,"comment_status":"closed","ping_status":"closed","template":"","meta":{"_monsterinsights_skip_tracking":false,"_monsterinsights_sitenote_active":false,"_monsterinsights_sitenote_note":"","_monsterinsights_sitenote_category":0,"ngg_post_thumbnail":0,"footnotes":""},"class_list":["post-5629","page","type-page","status-publish","hentry"],"aioseo_notices":[],"_links":{"self":[{"href":"https:\/\/lesmarret.marret.co\/index.php\/wp-json\/wp\/v2\/pages\/5629","targetHints":{"allow":["GET"]}}],"collection":[{"href":"https:\/\/lesmarret.marret.co\/index.php\/wp-json\/wp\/v2\/pages"}],"about":[{"href":"https:\/\/lesmarret.marret.co\/index.php\/wp-json\/wp\/v2\/types\/page"}],"author":[{"embeddable":true,"href":"https:\/\/lesmarret.marret.co\/index.php\/wp-json\/wp\/v2\/users\/1"}],"replies":[{"embeddable":true,"href":"https:\/\/lesmarret.marret.co\/index.php\/wp-json\/wp\/v2\/comments?post=5629"}],"version-history":[{"count":0,"href":"https:\/\/lesmarret.marret.co\/index.php\/wp-json\/wp\/v2\/pages\/5629\/revisions"}],"wp:attachment":[{"href":"https:\/\/lesmarret.marret.co\/index.php\/wp-json\/wp\/v2\/media?parent=5629"}],"curies":[{"name":"wp","href":"https:\/\/api.w.org\/{rel}","templated":true}]}}