{"id":5705,"date":"2017-05-08T00:55:18","date_gmt":"2017-05-07T23:55:18","guid":{"rendered":"http:\/\/lesmarret.marret.co\/?page_id=5705"},"modified":"2017-05-08T00:55:18","modified_gmt":"2017-05-07T23:55:18","slug":"tourzel-le-cimetiere","status":"publish","type":"page","link":"https:\/\/lesmarret.marret.co\/index.php\/des-lieux-de-famille\/tourzel\/tourzel-le-cimetiere\/","title":{"rendered":"Tourzel &#8211; le cimeti\u00e8re"},"content":{"rendered":"<p>En 1978, le village comptait encore un certain nombre d&rsquo;habitants, dont certains se rassemblaient au caf\u00e9&#8230; Dans le cimeti\u00e8re plusieurs tombes Marret \u00e9taient encore entretenues et visibles&#8230;<\/p>\nngg_shortcode_0_placeholder\n<p>&nbsp;<\/p>\n<p>Depuis, le village d\u00e9p\u00e9rit et, faute d&rsquo;entretien dans le cimeti\u00e8re, des s\u00e9pultures ont disparu. En 2005,&nbsp; il n&rsquo;en restait que fort peu affichant le nom de Marret.&nbsp;<\/p>\nngg_shortcode_1_placeholder\n<p style=\"text-align: right;\">&nbsp;<\/p>\n<p style=\"text-align: right;\"><span style=\"font-size: 10pt;\"><em>Photos Ren\u00e9 Le Marois<\/em><\/span><\/p>\n","protected":false},"excerpt":{"rendered":"<p>En 1978, le village comptait encore un certain nombre d&rsquo;habitants, dont certains se rassemblaient au caf\u00e9&#8230; Dans le cimeti\u00e8re plusieurs tombes Marret \u00e9taient encore entretenues et visibles&#8230; \u00a0\u00bb order_by=\u00a0\u00bbsortorder\u00a0\u00bb order_direction=\u00a0\u00bbASC\u00a0\u00bb returns=\u00a0\u00bbincluded\u00a0\u00bb maximum_entity_count=\u00a0\u00bb500&Prime;]&nbsp; &nbsp; Depuis, le village d\u00e9p\u00e9rit et, faute d&rsquo;entretien &hellip; <a href=\"https:\/\/lesmarret.marret.co\/index.php\/des-lieux-de-famille\/tourzel\/tourzel-le-cimetiere\/\">Continuer la lecture <span class=\"meta-nav\">&rarr;<\/span><\/a><\/p>\n","protected":false},"author":1,"featured_media":0,"parent":5770,"menu_order":0,"comment_status":"closed","ping_status":"closed","template":"","meta":{"_monsterinsights_skip_tracking":false,"_monsterinsights_sitenote_active":false,"_monsterinsights_sitenote_note":"","_monsterinsights_sitenote_category":0,"ngg_post_thumbnail":0,"footnotes":""},"class_list":["post-5705","page","type-page","status-publish","hentry"],"aioseo_notices":[],"_links":{"self":[{"href":"https:\/\/lesmarret.marret.co\/index.php\/wp-json\/wp\/v2\/pages\/5705","targetHints":{"allow":["GET"]}}],"collection":[{"href":"https:\/\/lesmarret.marret.co\/index.php\/wp-json\/wp\/v2\/pages"}],"about":[{"href":"https:\/\/lesmarret.marret.co\/index.php\/wp-json\/wp\/v2\/types\/page"}],"author":[{"embeddable":true,"href":"https:\/\/lesmarret.marret.co\/index.php\/wp-json\/wp\/v2\/users\/1"}],"replies":[{"embeddable":true,"href":"https:\/\/lesmarret.marret.co\/index.php\/wp-json\/wp\/v2\/comments?post=5705"}],"version-history":[{"count":0,"href":"https:\/\/lesmarret.marret.co\/index.php\/wp-json\/wp\/v2\/pages\/5705\/revisions"}],"up":[{"embeddable":true,"href":"https:\/\/lesmarret.marret.co\/index.php\/wp-json\/wp\/v2\/pages\/5770"}],"wp:attachment":[{"href":"https:\/\/lesmarret.marret.co\/index.php\/wp-json\/wp\/v2\/media?parent=5705"}],"curies":[{"name":"wp","href":"https:\/\/api.w.org\/{rel}","templated":true}]}}