{"id":5770,"date":"2017-05-08T00:54:43","date_gmt":"2017-05-07T23:54:43","guid":{"rendered":"http:\/\/lesmarret.marret.co\/?page_id=5770"},"modified":"2017-05-08T00:54:43","modified_gmt":"2017-05-07T23:54:43","slug":"tourzel","status":"publish","type":"page","link":"https:\/\/lesmarret.marret.co\/index.php\/des-lieux-de-famille\/tourzel\/","title":{"rendered":"Tourzel"},"content":{"rendered":"<p><a href=\"https:\/\/lesmarret.marret.co\/wp-content\/uploads\/2017\/05\/Tourzel-01a_wp.jpg\"><img loading=\"lazy\" decoding=\"async\" width=\"377\" height=\"238\" class=\"wp-image-5773 alignright\" alt=\"\" src=\"https:\/\/lesmarret.marret.co\/wp-content\/uploads\/2017\/05\/Tourzel-01a_wp.jpg\" data-wp-pid=\"5773\" srcset=\"https:\/\/lesmarret.marret.co\/wp-content\/uploads\/2017\/05\/Tourzel-01a_wp.jpg 886w, https:\/\/lesmarret.marret.co\/wp-content\/uploads\/2017\/05\/Tourzel-01a_wp-300x189.jpg 300w, https:\/\/lesmarret.marret.co\/wp-content\/uploads\/2017\/05\/Tourzel-01a_wp-768x485.jpg 768w, https:\/\/lesmarret.marret.co\/wp-content\/uploads\/2017\/05\/Tourzel-01a_wp-800x505.jpg 800w, https:\/\/lesmarret.marret.co\/wp-content\/uploads\/2017\/05\/Tourzel-01a_wp-600x379.jpg 600w\" sizes=\"auto, (max-width: 377px) 100vw, 377px\" \/><\/a><\/p>\n<div class=\"wp-caption-dd\"><span lang=\"FR\" style=\"font-family: georgia,palatino,serif;\"><span style=\"color: #000000;\">Bijoutiers c\u00e9l\u00e8bres dans le Paris du XIXe si\u00e8cle, les Marret n&rsquo;en sont pas originaires, leurs souches \u00e9tant plut\u00f4t auvergnates. En effet, Pierre Marret, le premier \u00e0 \u00ab&nbsp;monter&nbsp;\u00bb vers 1788 \u00e0 la capitale, \u00e9tait n\u00e9 \u00e0 Tourzel, paroisse de Ronzi\u00e8res, dans le Puy-de-D\u00f4me. Son p\u00e8re, Pierre Marret (\u00e9poux de Jeanne Passion) y travaillait d&rsquo;ailleurs comme laboureur.<\/span><\/span><\/div>\n<div class=\"wp-caption-dd\">&nbsp;<\/div>\n<div class=\"wp-caption-dd\">&nbsp;<\/div>\n<div class=\"wp-caption-dd\"><a href=\"https:\/\/lesmarret.marret.co\/wp-content\/uploads\/2017\/05\/Tourzel-Vue-generale-et-Plateau-de-Lavelle_wp.jpg\"><img loading=\"lazy\" decoding=\"async\" width=\"376\" height=\"264\" class=\"wp-image-5774 alignleft\" alt=\"\" src=\"https:\/\/lesmarret.marret.co\/wp-content\/uploads\/2017\/05\/Tourzel-Vue-generale-et-Plateau-de-Lavelle_wp.jpg\" data-wp-pid=\"5774\" srcset=\"https:\/\/lesmarret.marret.co\/wp-content\/uploads\/2017\/05\/Tourzel-Vue-generale-et-Plateau-de-Lavelle_wp.jpg 886w, https:\/\/lesmarret.marret.co\/wp-content\/uploads\/2017\/05\/Tourzel-Vue-generale-et-Plateau-de-Lavelle_wp-300x211.jpg 300w, https:\/\/lesmarret.marret.co\/wp-content\/uploads\/2017\/05\/Tourzel-Vue-generale-et-Plateau-de-Lavelle_wp-768x540.jpg 768w, https:\/\/lesmarret.marret.co\/wp-content\/uploads\/2017\/05\/Tourzel-Vue-generale-et-Plateau-de-Lavelle_wp-800x563.jpg 800w, https:\/\/lesmarret.marret.co\/wp-content\/uploads\/2017\/05\/Tourzel-Vue-generale-et-Plateau-de-Lavelle_wp-600x422.jpg 600w\" sizes=\"auto, (max-width: 376px) 100vw, 376px\" \/><\/a>&nbsp;<\/div>\n<div class=\"wp-caption-dd\">&nbsp;<\/div>\n<div class=\"wp-caption-dd\">Tourzel<br \/>\n&#8211; Vue g\u00e9n\u00e9rale et Plateau de Lavelle<\/div>\n<div class=\"wp-caption-dd\">&nbsp;<\/div>\n<div class=\"wp-caption-dd\"><a href=\"https:\/\/lesmarret.marret.co\/wp-content\/uploads\/2017\/05\/Ronzi\u00e8res-01a_wp.jpg\"><img loading=\"lazy\" decoding=\"async\" width=\"376\" height=\"244\" class=\"wp-image-5772 alignright\" alt=\"\" src=\"https:\/\/lesmarret.marret.co\/wp-content\/uploads\/2017\/05\/Ronzi\u00e8res-01a_wp.jpg\" data-wp-pid=\"5772\" srcset=\"https:\/\/lesmarret.marret.co\/wp-content\/uploads\/2017\/05\/Ronzi\u00e8res-01a_wp.jpg 886w, https:\/\/lesmarret.marret.co\/wp-content\/uploads\/2017\/05\/Ronzi\u00e8res-01a_wp-300x195.jpg 300w, https:\/\/lesmarret.marret.co\/wp-content\/uploads\/2017\/05\/Ronzi\u00e8res-01a_wp-768x498.jpg 768w, https:\/\/lesmarret.marret.co\/wp-content\/uploads\/2017\/05\/Ronzi\u00e8res-01a_wp-800x519.jpg 800w, https:\/\/lesmarret.marret.co\/wp-content\/uploads\/2017\/05\/Ronzi\u00e8res-01a_wp-600x389.jpg 600w\" sizes=\"auto, (max-width: 376px) 100vw, 376px\" \/><\/a><\/div>\n<div class=\"wp-caption-dd\">&nbsp;<\/div>\n<div class=\"wp-caption-dd\">&nbsp;<\/div>\n<div class=\"wp-caption-dd\">&nbsp;<\/div>\n<div class=\"wp-caption-dd\">&nbsp;<\/div>\n<div class=\"wp-caption-dd\">&nbsp;<\/div>\n<div class=\"wp-caption-dd\">&nbsp;<\/div>\n<div class=\"wp-caption-dd\">&nbsp;<\/div>\n<div class=\"wp-caption-dd\">Ronzi\u00e8res &#8211; La chapelle<\/div>\n<div class=\"wp-caption-dd\">&nbsp;<\/div>\n<div class=\"wp-caption-dd\">&nbsp;<\/div>\n<div class=\"wp-caption-dd\">\n<div class=\"wp-caption-dd\">&nbsp;<\/div>\n<div class=\"wp-caption-dd\">&nbsp;<\/div>\n<p>&nbsp;<\/p>\n<\/div>\n<div class=\"wp-caption-dd\">\n<hr>\n<\/div>\n<div class=\"wp-caption-dd\">\n<p>Quelques vues du village<\/p>\nngg_shortcode_0_placeholder\n<p style=\"text-align: center;\"><span style=\"font-size: 10pt;\"><em>Photos Ren\u00e9 Le Marois&nbsp;: 1978 (noir &amp; blanc) et 1996 (couleur)<\/em><\/span><\/p>\n<\/div>\n","protected":false},"excerpt":{"rendered":"<p>Bijoutiers c\u00e9l\u00e8bres dans le Paris du XIXe si\u00e8cle, les Marret n&rsquo;en sont pas originaires, leurs souches \u00e9tant plut\u00f4t auvergnates. En effet, Pierre Marret, le premier \u00e0 \u00ab&nbsp;monter&nbsp;\u00bb vers 1788 \u00e0 la capitale, \u00e9tait n\u00e9 \u00e0 Tourzel, paroisse de Ronzi\u00e8res, dans &hellip; <a href=\"https:\/\/lesmarret.marret.co\/index.php\/des-lieux-de-famille\/tourzel\/\">Continuer la lecture <span class=\"meta-nav\">&rarr;<\/span><\/a><\/p>\n","protected":false},"author":1,"featured_media":0,"parent":5382,"menu_order":0,"comment_status":"closed","ping_status":"closed","template":"","meta":{"_monsterinsights_skip_tracking":false,"_monsterinsights_sitenote_active":false,"_monsterinsights_sitenote_note":"","_monsterinsights_sitenote_category":0,"ngg_post_thumbnail":0,"footnotes":""},"class_list":["post-5770","page","type-page","status-publish","hentry"],"aioseo_notices":[],"_links":{"self":[{"href":"https:\/\/lesmarret.marret.co\/index.php\/wp-json\/wp\/v2\/pages\/5770","targetHints":{"allow":["GET"]}}],"collection":[{"href":"https:\/\/lesmarret.marret.co\/index.php\/wp-json\/wp\/v2\/pages"}],"about":[{"href":"https:\/\/lesmarret.marret.co\/index.php\/wp-json\/wp\/v2\/types\/page"}],"author":[{"embeddable":true,"href":"https:\/\/lesmarret.marret.co\/index.php\/wp-json\/wp\/v2\/users\/1"}],"replies":[{"embeddable":true,"href":"https:\/\/lesmarret.marret.co\/index.php\/wp-json\/wp\/v2\/comments?post=5770"}],"version-history":[{"count":0,"href":"https:\/\/lesmarret.marret.co\/index.php\/wp-json\/wp\/v2\/pages\/5770\/revisions"}],"up":[{"embeddable":true,"href":"https:\/\/lesmarret.marret.co\/index.php\/wp-json\/wp\/v2\/pages\/5382"}],"wp:attachment":[{"href":"https:\/\/lesmarret.marret.co\/index.php\/wp-json\/wp\/v2\/media?parent=5770"}],"curies":[{"name":"wp","href":"https:\/\/api.w.org\/{rel}","templated":true}]}}