{"id":5952,"date":"2017-05-09T23:11:37","date_gmt":"2017-05-09T22:11:37","guid":{"rendered":"http:\/\/lesmarret.marret.co\/?page_id=5952"},"modified":"2017-05-09T23:11:37","modified_gmt":"2017-05-09T22:11:37","slug":"fourqueux","status":"publish","type":"page","link":"https:\/\/lesmarret.marret.co\/index.php\/des-lieux-de-famille\/fourqueux\/","title":{"rendered":"Fourqueux"},"content":{"rendered":"<p><span lang=\"FR\" style=\"margin: 0px; color: windowtext; font-family: 'Georgia','serif';\"><a href=\"https:\/\/lesmarret.marret.co\/wp-content\/uploads\/2017\/05\/Panneau-Fourqueux-2_wp.jpg\"><img loading=\"lazy\" decoding=\"async\" width=\"249\" height=\"74\" class=\"wp-image-5955 alignright\" alt=\"\" src=\"https:\/\/lesmarret.marret.co\/wp-content\/uploads\/2017\/05\/Panneau-Fourqueux-2_wp.jpg\" data-wp-pid=\"5955\" srcset=\"https:\/\/lesmarret.marret.co\/wp-content\/uploads\/2017\/05\/Panneau-Fourqueux-2_wp.jpg 591w, https:\/\/lesmarret.marret.co\/wp-content\/uploads\/2017\/05\/Panneau-Fourqueux-2_wp-300x89.jpg 300w\" sizes=\"auto, (max-width: 249px) 100vw, 249px\" \/><\/a>Tourzel-Ronzi\u00e8res, dans le Puy-de-D\u00f4me, constitue bien s\u00fbr le berceau ancestral de la famille Marret. Mais Fourqueux est le premier et principal \u00ab&nbsp;lieu de famille&nbsp;\u00bb des Marret en r\u00e9gion parisienne.<\/span><\/p>\n<p><span lang=\"FR\" style=\"margin: 0px; color: windowtext; font-family: 'Georgia','serif';\"><a href=\"https:\/\/lesmarret.marret.co\/wp-content\/uploads\/2017\/05\/HM_034-RLM0222_wp.jpg\"><img loading=\"lazy\" decoding=\"async\" width=\"235\" height=\"211\" class=\"wp-image-5954 alignleft\" alt=\"\" src=\"https:\/\/lesmarret.marret.co\/wp-content\/uploads\/2017\/05\/HM_034-RLM0222_wp.jpg\" data-wp-pid=\"5954\" srcset=\"https:\/\/lesmarret.marret.co\/wp-content\/uploads\/2017\/05\/HM_034-RLM0222_wp.jpg 886w, https:\/\/lesmarret.marret.co\/wp-content\/uploads\/2017\/05\/HM_034-RLM0222_wp-300x269.jpg 300w, https:\/\/lesmarret.marret.co\/wp-content\/uploads\/2017\/05\/HM_034-RLM0222_wp-768x689.jpg 768w, https:\/\/lesmarret.marret.co\/wp-content\/uploads\/2017\/05\/HM_034-RLM0222_wp-800x718.jpg 800w, https:\/\/lesmarret.marret.co\/wp-content\/uploads\/2017\/05\/HM_034-RLM0222_wp-600x538.jpg 600w\" sizes=\"auto, (max-width: 235px) 100vw, 235px\" \/><\/a><\/span><\/p>\n<p>&nbsp;<\/p>\n<p><span lang=\"FR\" style=\"margin: 0px; color: windowtext; font-family: 'Georgia','serif';\">Apr\u00e8s s\u2019\u00eatre port\u00e9 acqu\u00e9reur d\u2019une propri\u00e9t\u00e9 \u2013 appel\u00e9e <a href=\"https:\/\/lesmarret.marret.co\/index.php\/des-lieux-de-famille\/fourqueux-la-maison-de-notable\/\">maison de notable<\/a> \u2014 en 1807, Pierre Marret y a r\u00e9sid\u00e9 de nombreuses ann\u00e9es et y est mort en 1857. Transmise \u00e0 ses descendants, cette maison fut, au XXe si\u00e8cle, le lieu de travail et d\u2019habitation d\u2019Henri Marret, fresquiste c\u00e9l\u00e8bre \u00e0 son \u00e9poque.<\/span><\/p>\n<p><span lang=\"FR\" style=\"margin: 0px; color: windowtext; font-family: 'Georgia','serif';\"><a href=\"https:\/\/lesmarret.marret.co\/wp-content\/uploads\/2017\/05\/Villa-Collin-dessin-01a_wp.jpg\"><img loading=\"lazy\" decoding=\"async\" width=\"239\" height=\"195\" class=\"wp-image-5834 alignright\" alt=\"\" src=\"https:\/\/lesmarret.marret.co\/wp-content\/uploads\/2017\/05\/Villa-Collin-dessin-01a_wp.jpg\" data-wp-pid=\"5834\" srcset=\"https:\/\/lesmarret.marret.co\/wp-content\/uploads\/2017\/05\/Villa-Collin-dessin-01a_wp.jpg 886w, https:\/\/lesmarret.marret.co\/wp-content\/uploads\/2017\/05\/Villa-Collin-dessin-01a_wp-300x245.jpg 300w, https:\/\/lesmarret.marret.co\/wp-content\/uploads\/2017\/05\/Villa-Collin-dessin-01a_wp-768x628.jpg 768w, https:\/\/lesmarret.marret.co\/wp-content\/uploads\/2017\/05\/Villa-Collin-dessin-01a_wp-800x654.jpg 800w, https:\/\/lesmarret.marret.co\/wp-content\/uploads\/2017\/05\/Villa-Collin-dessin-01a_wp-600x490.jpg 600w\" sizes=\"auto, (max-width: 239px) 100vw, 239px\" \/><\/a><\/span><\/p>\n<p>&nbsp;<\/p>\n<p><span lang=\"FR\" style=\"margin: 0px; color: windowtext; font-family: 'Georgia','serif';\">Quant \u00e0 Charles Marret, le fr\u00e8re a\u00een\u00e9 d\u2019Henri Marret, il y aurait \u00e9galement r\u00e9sid\u00e9, dans une maison que l\u2019on appelait la <a href=\"https:\/\/lesmarret.marret.co\/index.php\/des-lieux-de-famille\/fourqueux-la-villa-collin\/\">villa Collin<\/a> ou \u00ab&nbsp;le ch\u00e2teau&nbsp;\u00bb parce qu\u2019elle avait \u00e9t\u00e9 \u00e9rig\u00e9e, \u00e0 la demande de son beau-p\u00e8re, Armand Collin, sur l\u2019emplacement d\u2019un ancien ch\u00e2teau.<\/span><\/p>\n<p><span lang=\"FR\" style=\"margin: 0px; color: windowtext; font-family: 'Georgia','serif';\">Les deux principaux lieux patrimoniaux de Fourqueux ont donc \u00e9t\u00e9 tous les deux habit\u00e9s par des Marret\u2026<\/span><span lang=\"FR\" style=\"margin: 0px; color: windowtext; font-family: 'Georgia','serif';\"><a href=\"https:\/\/lesmarret.marret.co\/wp-content\/uploads\/2017\/04\/Fourqueux-Plan_wp.jpg\"><img loading=\"lazy\" decoding=\"async\" width=\"171\" height=\"352\" class=\"wp-image-5315 aligncenter\" alt=\"\" src=\"https:\/\/lesmarret.marret.co\/wp-content\/uploads\/2017\/04\/Fourqueux-Plan_wp.jpg\" data-wp-pid=\"5315\" srcset=\"https:\/\/lesmarret.marret.co\/wp-content\/uploads\/2017\/04\/Fourqueux-Plan_wp.jpg 430w, https:\/\/lesmarret.marret.co\/wp-content\/uploads\/2017\/04\/Fourqueux-Plan_wp-146x300.jpg 146w, https:\/\/lesmarret.marret.co\/wp-content\/uploads\/2017\/04\/Fourqueux-Plan_wp-291x600.jpg 291w\" sizes=\"auto, (max-width: 171px) 100vw, 171px\" \/><\/a><\/span><\/p>\n","protected":false},"excerpt":{"rendered":"<p>Tourzel-Ronzi\u00e8res, dans le Puy-de-D\u00f4me, constitue bien s\u00fbr le berceau ancestral de la famille Marret. Mais Fourqueux est le premier et principal \u00ab&nbsp;lieu de famille&nbsp;\u00bb des Marret en r\u00e9gion parisienne. &nbsp; Apr\u00e8s s\u2019\u00eatre port\u00e9 acqu\u00e9reur d\u2019une propri\u00e9t\u00e9 \u2013 appel\u00e9e maison de &hellip; <a href=\"https:\/\/lesmarret.marret.co\/index.php\/des-lieux-de-famille\/fourqueux\/\">Continuer la lecture <span class=\"meta-nav\">&rarr;<\/span><\/a><\/p>\n","protected":false},"author":1,"featured_media":0,"parent":5382,"menu_order":0,"comment_status":"closed","ping_status":"closed","template":"","meta":{"_monsterinsights_skip_tracking":false,"_monsterinsights_sitenote_active":false,"_monsterinsights_sitenote_note":"","_monsterinsights_sitenote_category":0,"ngg_post_thumbnail":0,"footnotes":""},"class_list":["post-5952","page","type-page","status-publish","hentry"],"aioseo_notices":[],"_links":{"self":[{"href":"https:\/\/lesmarret.marret.co\/index.php\/wp-json\/wp\/v2\/pages\/5952","targetHints":{"allow":["GET"]}}],"collection":[{"href":"https:\/\/lesmarret.marret.co\/index.php\/wp-json\/wp\/v2\/pages"}],"about":[{"href":"https:\/\/lesmarret.marret.co\/index.php\/wp-json\/wp\/v2\/types\/page"}],"author":[{"embeddable":true,"href":"https:\/\/lesmarret.marret.co\/index.php\/wp-json\/wp\/v2\/users\/1"}],"replies":[{"embeddable":true,"href":"https:\/\/lesmarret.marret.co\/index.php\/wp-json\/wp\/v2\/comments?post=5952"}],"version-history":[{"count":0,"href":"https:\/\/lesmarret.marret.co\/index.php\/wp-json\/wp\/v2\/pages\/5952\/revisions"}],"up":[{"embeddable":true,"href":"https:\/\/lesmarret.marret.co\/index.php\/wp-json\/wp\/v2\/pages\/5382"}],"wp:attachment":[{"href":"https:\/\/lesmarret.marret.co\/index.php\/wp-json\/wp\/v2\/media?parent=5952"}],"curies":[{"name":"wp","href":"https:\/\/api.w.org\/{rel}","templated":true}]}}