{"id":6156,"date":"2017-05-14T23:29:13","date_gmt":"2017-05-14T22:29:13","guid":{"rendered":"http:\/\/lesmarret.marret.co\/?page_id=6156"},"modified":"2018-12-29T11:51:28","modified_gmt":"2018-12-29T10:51:28","slug":"marret-freres-catalogues","status":"publish","type":"page","link":"https:\/\/lesmarret.marret.co\/index.php\/les-marret-bijoutiers\/marret-freres\/marret-freres-catalogues\/","title":{"rendered":"Marret Fr\u00e8res &#8211; Catalogues"},"content":{"rendered":"\n<p>\n\nAu fil des ann\u00e9es, la maison <em>Marret Fr\u00e8res<\/em> a pr\u00e9sent\u00e9 ses mod\u00e8les dans des catalogues; trois de ceux-ci sont pr\u00e9sent\u00e9s sur cette page.\n\n<\/p>\n\n\n<p>Pour faire une pause sur l&rsquo;une des illustrations, placer la souris au-dessus de celle-ci; la d\u00e9placer hors de l&rsquo;illustration pour reprendre le cours du diaporama&#8230;<\/p>\n\n\n<h3 class=\"wp-block-heading\"><strong>\u00a0<\/strong><\/h3>\n\n\n\n<p><strong>Catalogue 1\u00a0<\/strong>:\u00a0quelques\u00a0objets\u00a0fabriqu\u00e9s\u00a0par\u00a0la\u00a0Maison\u00a0Marret\u00a0Fr\u00e8res<\/p>\n\n\n\n<div id=\"metaslider-id-6149\" style=\"max-width: 550px; margin: 0 auto;\" class=\"ml-slider-3-105-0 metaslider metaslider-responsive metaslider-6149 ml-slider ms-theme-default\" role=\"region\" aria-label=\"MF \u2013 Cat. 1\" data-height=\"402\" data-width=\"550\">\n    <div id=\"metaslider_container_6149\">\n        <ul id='metaslider_6149' class='rslides'>\n            <li aria-roledescription='slide' aria-labelledby='slide-0'><img loading=\"lazy\" decoding=\"async\" src=\"https:\/\/lesmarret.marret.co\/wp-content\/uploads\/2017\/04\/Marret-Fr\u00e8res-Catalogue-1-c_wp-550x402.jpg\" height=\"402\" width=\"550\" alt=\"\" class=\"slider-6149 slide-6155 msDefaultImage\" \/><\/li>\n            <li style='display: none;' aria-roledescription='slide' aria-labelledby='slide-1'><img loading=\"lazy\" decoding=\"async\" src=\"https:\/\/lesmarret.marret.co\/wp-content\/uploads\/2017\/04\/Marret-Fr\u00e8res-Catalogue-1-p1_wp-550x402.jpg\" height=\"402\" width=\"550\" alt=\"\" class=\"slider-6149 slide-6154 msDefaultImage\" \/><\/li>\n            <li style='display: none;' aria-roledescription='slide' aria-labelledby='slide-2'><img loading=\"lazy\" decoding=\"async\" src=\"https:\/\/lesmarret.marret.co\/wp-content\/uploads\/2017\/04\/Marret-Fr\u00e8res-Catalogue-1-p2_wp-550x402.jpg\" height=\"402\" width=\"550\" alt=\"\" class=\"slider-6149 slide-6153 msDefaultImage\" \/><\/li>\n            <li style='display: none;' aria-roledescription='slide' aria-labelledby='slide-3'><img loading=\"lazy\" decoding=\"async\" src=\"https:\/\/lesmarret.marret.co\/wp-content\/uploads\/2017\/04\/Marret-Fr\u00e8res-Catalogue-1-p3_wp-550x402.jpg\" height=\"402\" width=\"550\" alt=\"\" class=\"slider-6149 slide-6152 msDefaultImage\" \/><\/li>\n            <li style='display: none;' aria-roledescription='slide' aria-labelledby='slide-4'><img loading=\"lazy\" decoding=\"async\" src=\"https:\/\/lesmarret.marret.co\/wp-content\/uploads\/2017\/04\/Marret-Fr\u00e8res-Catalogue-1-p4_wp-550x402.jpg\" height=\"402\" width=\"550\" alt=\"\" class=\"slider-6149 slide-6151 msDefaultImage\" \/><\/li>\n            <li style='display: none;' aria-roledescription='slide' aria-labelledby='slide-5'><img loading=\"lazy\" decoding=\"async\" src=\"https:\/\/lesmarret.marret.co\/wp-content\/uploads\/2017\/04\/Marret-Fr\u00e8res-Catalogue-1-p5_wp-550x402.jpg\" height=\"402\" width=\"550\" alt=\"\" class=\"slider-6149 slide-6150 msDefaultImage\" \/><\/li>\n        <\/ul>\n        \n    <\/div>\n<\/div>\n\n\n\n<h3 class=\"wp-block-heading\"><strong>\u00a0<\/strong><\/h3>\n\n\n\n<p><strong>Catalogue 2<\/strong> : ce catalogue \u00e9tait envoy\u00e9 aux clients en fin d&rsquo;ann\u00e9e.<\/p>\n\n\n\n<div id=\"metaslider-id-6160\" style=\"max-width: 550px; margin: 0 auto;\" class=\"ml-slider-3-105-0 metaslider metaslider-responsive metaslider-6160 ml-slider ms-theme-default\" role=\"region\" aria-label=\"MF \u2013 Cat. 2\" data-height=\"418\" data-width=\"550\">\n    <div id=\"metaslider_container_6160\">\n        <ul id='metaslider_6160' class='rslides'>\n            <li aria-roledescription='slide' aria-labelledby='slide-0'><img loading=\"lazy\" decoding=\"async\" src=\"https:\/\/lesmarret.marret.co\/wp-content\/uploads\/2017\/04\/Marret-Fr\u00e8res-Catalogue-2-c1_wp-550x418.jpg\" height=\"418\" width=\"550\" alt=\"\" class=\"slider-6160 slide-6170 msDefaultImage\" \/><\/li>\n            <li style='display: none;' aria-roledescription='slide' aria-labelledby='slide-1'><img loading=\"lazy\" decoding=\"async\" src=\"https:\/\/lesmarret.marret.co\/wp-content\/uploads\/2017\/04\/Marret-Fr\u00e8res-Catalogue-2-p1_wp-550x418.jpg\" height=\"418\" width=\"550\" alt=\"\" class=\"slider-6160 slide-6168 msDefaultImage\" \/><\/li>\n            <li style='display: none;' aria-roledescription='slide' aria-labelledby='slide-2'><img loading=\"lazy\" decoding=\"async\" src=\"https:\/\/lesmarret.marret.co\/wp-content\/uploads\/2017\/04\/Marret-Fr\u00e8res-Catalogue-2-p2_wp-550x418.jpg\" height=\"418\" width=\"550\" alt=\"\" class=\"slider-6160 slide-6167 msDefaultImage\" \/><\/li>\n            <li style='display: none;' aria-roledescription='slide' aria-labelledby='slide-3'><img loading=\"lazy\" decoding=\"async\" src=\"https:\/\/lesmarret.marret.co\/wp-content\/uploads\/2017\/04\/Marret-Fr\u00e8res-Catalogue-2-p3_wp-550x418.jpg\" height=\"418\" width=\"550\" alt=\"\" class=\"slider-6160 slide-6166 msDefaultImage\" \/><\/li>\n            <li style='display: none;' aria-roledescription='slide' aria-labelledby='slide-4'><img loading=\"lazy\" decoding=\"async\" src=\"https:\/\/lesmarret.marret.co\/wp-content\/uploads\/2017\/04\/Marret-Fr\u00e8res-Catalogue-2-p4_wp-550x418.jpg\" height=\"418\" width=\"550\" alt=\"\" class=\"slider-6160 slide-6165 msDefaultImage\" \/><\/li>\n            <li style='display: none;' aria-roledescription='slide' aria-labelledby='slide-5'><img loading=\"lazy\" decoding=\"async\" src=\"https:\/\/lesmarret.marret.co\/wp-content\/uploads\/2017\/04\/Marret-Fr\u00e8res-Catalogue-2-p5_wp-550x418.jpg\" height=\"418\" width=\"550\" alt=\"\" class=\"slider-6160 slide-6164 msDefaultImage\" \/><\/li>\n            <li style='display: none;' aria-roledescription='slide' aria-labelledby='slide-6'><img loading=\"lazy\" decoding=\"async\" src=\"https:\/\/lesmarret.marret.co\/wp-content\/uploads\/2017\/04\/Marret-Fr\u00e8res-Catalogue-2-p6_wp-550x418.jpg\" height=\"418\" width=\"550\" alt=\"\" class=\"slider-6160 slide-6163 msDefaultImage\" \/><\/li>\n            <li style='display: none;' aria-roledescription='slide' aria-labelledby='slide-7'><img loading=\"lazy\" decoding=\"async\" src=\"https:\/\/lesmarret.marret.co\/wp-content\/uploads\/2017\/04\/Marret-Fr\u00e8res-Catalogue-2-p7_wp-550x418.jpg\" height=\"418\" width=\"550\" alt=\"\" class=\"slider-6160 slide-6162 msDefaultImage\" \/><\/li>\n            <li style='display: none;' aria-roledescription='slide' aria-labelledby='slide-8'><img loading=\"lazy\" decoding=\"async\" src=\"https:\/\/lesmarret.marret.co\/wp-content\/uploads\/2017\/04\/Marret-Fr\u00e8res-Catalogue-2-p8_wp-550x418.jpg\" height=\"418\" width=\"550\" alt=\"\" class=\"slider-6160 slide-6161 msDefaultImage\" \/><\/li>\n            <li style='display: none;' aria-roledescription='slide' aria-labelledby='slide-9'><img loading=\"lazy\" decoding=\"async\" src=\"https:\/\/lesmarret.marret.co\/wp-content\/uploads\/2017\/04\/Marret-Fr\u00e8res-Catalogue-2-c4_wp-550x418.jpg\" height=\"418\" width=\"550\" alt=\"\" class=\"slider-6160 slide-6169 msDefaultImage\" \/><\/li>\n        <\/ul>\n        \n    <\/div>\n<\/div>\n\n\n\n<h3 class=\"wp-block-heading\"><strong>\u00a0<\/strong><\/h3>\n\n\n\n<p><strong>Catalogue 3<\/strong>\u00a0: ce catalogue pr\u00e9sente un \u00e9ventail tr\u00e8s large des productions de la Maison Marret Fr\u00e8res \u00e0 la fin du XIXe si\u00e8cle.<\/p>\n\n\n\n<div id=\"metaslider-id-7651\" style=\"max-width: 550px; margin: 0 auto;\" class=\"ml-slider-3-105-0 metaslider metaslider-responsive metaslider-7651 ml-slider ms-theme-default\" role=\"region\" aria-label=\"MF \u2013 Cat. 4\" data-height=\"352\" data-width=\"550\">\n    <div id=\"metaslider_container_7651\">\n        <ul id='metaslider_7651' class='rslides'>\n            <li aria-roledescription='slide' aria-labelledby='slide-0'><img loading=\"lazy\" decoding=\"async\" src=\"https:\/\/lesmarret.marret.co\/wp-content\/uploads\/2018\/12\/Marret-Fr\u00e8res-Catalogue-4-JLM-c1_wp-550x352.jpg\" height=\"352\" width=\"550\" alt=\"\" class=\"slider-7651 slide-7670 msDefaultImage\" title=\"Marret Fr\u00e8res - Catalogue 4 (JLM) c1_wp\" \/><\/li>\n            <li style='display: none;' aria-roledescription='slide' aria-labelledby='slide-1'><img loading=\"lazy\" decoding=\"async\" src=\"https:\/\/lesmarret.marret.co\/wp-content\/uploads\/2018\/12\/Marret-Fr\u00e8res-Catalogue-4-JLM-p01_wp-550x352.jpg\" height=\"352\" width=\"550\" alt=\"\" class=\"slider-7651 slide-7668 msDefaultImage\" title=\"Marret Fr\u00e8res - Catalogue 4 (JLM) p01_wp\" \/><\/li>\n            <li style='display: none;' aria-roledescription='slide' aria-labelledby='slide-2'><img loading=\"lazy\" decoding=\"async\" src=\"https:\/\/lesmarret.marret.co\/wp-content\/uploads\/2018\/12\/Marret-Fr\u00e8res-Catalogue-4-JLM-p02_wp-550x352.jpg\" height=\"352\" width=\"550\" alt=\"\" class=\"slider-7651 slide-7667 msDefaultImage\" title=\"Marret Fr\u00e8res - Catalogue 4 (JLM) p02_wp\" \/><\/li>\n            <li style='display: none;' aria-roledescription='slide' aria-labelledby='slide-3'><img loading=\"lazy\" decoding=\"async\" src=\"https:\/\/lesmarret.marret.co\/wp-content\/uploads\/2018\/12\/Marret-Fr\u00e8res-Catalogue-4-JLM-p03_wp-550x352.jpg\" height=\"352\" width=\"550\" alt=\"\" class=\"slider-7651 slide-7666 msDefaultImage\" title=\"Marret Fr\u00e8res - Catalogue 4 (JLM) p03_wp\" \/><\/li>\n            <li style='display: none;' aria-roledescription='slide' aria-labelledby='slide-4'><img loading=\"lazy\" decoding=\"async\" src=\"https:\/\/lesmarret.marret.co\/wp-content\/uploads\/2018\/12\/Marret-Fr\u00e8res-Catalogue-4-JLM-p05_wp-550x352.jpg\" height=\"352\" width=\"550\" alt=\"\" class=\"slider-7651 slide-7665 msDefaultImage\" title=\"Marret Fr\u00e8res - Catalogue 4 (JLM) p05_wp\" \/><\/li>\n            <li style='display: none;' aria-roledescription='slide' aria-labelledby='slide-5'><img loading=\"lazy\" decoding=\"async\" src=\"https:\/\/lesmarret.marret.co\/wp-content\/uploads\/2018\/12\/Marret-Fr\u00e8res-Catalogue-4-JLM-p07_wp-550x352.jpg\" height=\"352\" width=\"550\" alt=\"\" class=\"slider-7651 slide-7664 msDefaultImage\" title=\"Marret Fr\u00e8res - Catalogue 4 (JLM) p07_wp\" \/><\/li>\n            <li style='display: none;' aria-roledescription='slide' aria-labelledby='slide-6'><img loading=\"lazy\" decoding=\"async\" src=\"https:\/\/lesmarret.marret.co\/wp-content\/uploads\/2018\/12\/Marret-Fr\u00e8res-Catalogue-4-JLM-p09_wp-550x352.jpg\" height=\"352\" width=\"550\" alt=\"\" class=\"slider-7651 slide-7663 msDefaultImage\" title=\"Marret Fr\u00e8res - Catalogue 4 (JLM) p09_wp\" \/><\/li>\n            <li style='display: none;' aria-roledescription='slide' aria-labelledby='slide-7'><img loading=\"lazy\" decoding=\"async\" src=\"https:\/\/lesmarret.marret.co\/wp-content\/uploads\/2018\/12\/Marret-Fr\u00e8res-Catalogue-4-JLM-p11_wp-550x352.jpg\" height=\"352\" width=\"550\" alt=\"\" class=\"slider-7651 slide-7662 msDefaultImage\" title=\"Marret Fr\u00e8res - Catalogue 4 (JLM) p11_wp\" \/><\/li>\n            <li style='display: none;' aria-roledescription='slide' aria-labelledby='slide-8'><img loading=\"lazy\" decoding=\"async\" src=\"https:\/\/lesmarret.marret.co\/wp-content\/uploads\/2018\/12\/Marret-Fr\u00e8res-Catalogue-4-JLM-p13_wp-550x352.jpg\" height=\"352\" width=\"550\" alt=\"\" class=\"slider-7651 slide-7661 msDefaultImage\" title=\"Marret Fr\u00e8res - Catalogue 4 (JLM) p13_wp\" \/><\/li>\n            <li style='display: none;' aria-roledescription='slide' aria-labelledby='slide-9'><img loading=\"lazy\" decoding=\"async\" src=\"https:\/\/lesmarret.marret.co\/wp-content\/uploads\/2018\/12\/Marret-Fr\u00e8res-Catalogue-4-JLM-p15_wp-550x352.jpg\" height=\"352\" width=\"550\" alt=\"\" class=\"slider-7651 slide-7660 msDefaultImage\" title=\"Marret Fr\u00e8res - Catalogue 4 (JLM) p15_wp\" \/><\/li>\n            <li style='display: none;' aria-roledescription='slide' aria-labelledby='slide-10'><img loading=\"lazy\" decoding=\"async\" src=\"https:\/\/lesmarret.marret.co\/wp-content\/uploads\/2018\/12\/Marret-Fr\u00e8res-Catalogue-4-JLM-p17_wp-550x352.jpg\" height=\"352\" width=\"550\" alt=\"\" class=\"slider-7651 slide-7659 msDefaultImage\" title=\"Marret Fr\u00e8res - Catalogue 4 (JLM) p17_wp\" \/><\/li>\n            <li style='display: none;' aria-roledescription='slide' aria-labelledby='slide-11'><img loading=\"lazy\" decoding=\"async\" src=\"https:\/\/lesmarret.marret.co\/wp-content\/uploads\/2018\/12\/Marret-Fr\u00e8res-Catalogue-4-JLM-p19_wp-550x352.jpg\" height=\"352\" width=\"550\" alt=\"\" class=\"slider-7651 slide-7658 msDefaultImage\" title=\"Marret Fr\u00e8res - Catalogue 4 (JLM) p19_wp\" \/><\/li>\n            <li style='display: none;' aria-roledescription='slide' aria-labelledby='slide-12'><img loading=\"lazy\" decoding=\"async\" src=\"https:\/\/lesmarret.marret.co\/wp-content\/uploads\/2018\/12\/Marret-Fr\u00e8res-Catalogue-4-JLM-p21_wp-550x352.jpg\" height=\"352\" width=\"550\" alt=\"\" class=\"slider-7651 slide-7657 msDefaultImage\" title=\"Marret Fr\u00e8res - Catalogue 4 (JLM) p21_wp\" \/><\/li>\n            <li style='display: none;' aria-roledescription='slide' aria-labelledby='slide-13'><img loading=\"lazy\" decoding=\"async\" src=\"https:\/\/lesmarret.marret.co\/wp-content\/uploads\/2018\/12\/Marret-Fr\u00e8res-Catalogue-4-JLM-p23_wp-550x352.jpg\" height=\"352\" width=\"550\" alt=\"\" class=\"slider-7651 slide-7656 msDefaultImage\" title=\"Marret Fr\u00e8res - Catalogue 4 (JLM) p23_wp\" \/><\/li>\n            <li style='display: none;' aria-roledescription='slide' aria-labelledby='slide-14'><img loading=\"lazy\" decoding=\"async\" src=\"https:\/\/lesmarret.marret.co\/wp-content\/uploads\/2018\/12\/Marret-Fr\u00e8res-Catalogue-4-JLM-p25_wp-550x352.jpg\" height=\"352\" width=\"550\" alt=\"\" class=\"slider-7651 slide-7655 msDefaultImage\" title=\"Marret Fr\u00e8res - Catalogue 4 (JLM) p25_wp\" \/><\/li>\n            <li style='display: none;' aria-roledescription='slide' aria-labelledby='slide-15'><img loading=\"lazy\" decoding=\"async\" src=\"https:\/\/lesmarret.marret.co\/wp-content\/uploads\/2018\/12\/Marret-Fr\u00e8res-Catalogue-4-JLM-p27_wp-550x352.jpg\" height=\"352\" width=\"550\" alt=\"\" class=\"slider-7651 slide-7654 msDefaultImage\" title=\"Marret Fr\u00e8res - Catalogue 4 (JLM) p27_wp\" \/><\/li>\n            <li style='display: none;' aria-roledescription='slide' aria-labelledby='slide-16'><img loading=\"lazy\" decoding=\"async\" src=\"https:\/\/lesmarret.marret.co\/wp-content\/uploads\/2018\/12\/Marret-Fr\u00e8res-Catalogue-4-JLM-p29_wp-550x352.jpg\" height=\"352\" width=\"550\" alt=\"\" class=\"slider-7651 slide-7653 msDefaultImage\" title=\"Marret Fr\u00e8res - Catalogue 4 (JLM) p29_wp\" \/><\/li>\n            <li style='display: none;' aria-roledescription='slide' aria-labelledby='slide-17'><img loading=\"lazy\" decoding=\"async\" src=\"https:\/\/lesmarret.marret.co\/wp-content\/uploads\/2018\/12\/Marret-Fr\u00e8res-Catalogue-4-JLM-p31_wp-550x352.jpg\" height=\"352\" width=\"550\" alt=\"\" class=\"slider-7651 slide-7652 msDefaultImage\" title=\"Marret Fr\u00e8res - Catalogue 4 (JLM) p31_wp\" \/><\/li>\n            <li style='display: none;' aria-roledescription='slide' aria-labelledby='slide-18'><img loading=\"lazy\" decoding=\"async\" src=\"https:\/\/lesmarret.marret.co\/wp-content\/uploads\/2018\/12\/Marret-Fr\u00e8res-Catalogue-4-JLM-c4_wp-550x352.jpg\" height=\"352\" width=\"550\" alt=\"\" class=\"slider-7651 slide-7669 msDefaultImage\" title=\"Marret Fr\u00e8res - Catalogue 4 (JLM) c4_wp\" \/><\/li>\n        <\/ul>\n        \n    <\/div>\n<\/div>\n\n\n\n<h3 class=\"wp-block-heading\"><strong>\u00a0<\/strong><\/h3>\n\n\n\n<p><strong>Catalogue 4<\/strong>\u00a0: les illustrations qui en sont extraites pr\u00e9sentent le nouveau magasin, 352 rue Saint-Honor\u00e9; publi\u00e9 entre 1901 et 1910. <\/p>\n\n\n\n<div id=\"metaslider-id-6171\" style=\"max-width: 550px; margin: 0 auto;\" class=\"ml-slider-3-105-0 metaslider metaslider-responsive metaslider-6171 ml-slider ms-theme-default\" role=\"region\" aria-label=\"MF \u2013 Cat. 3\" data-height=\"459\" data-width=\"550\">\n    <div id=\"metaslider_container_6171\">\n        <ul id='metaslider_6171' class='rslides'>\n            <li aria-roledescription='slide' aria-labelledby='slide-0'><img loading=\"lazy\" decoding=\"async\" src=\"https:\/\/lesmarret.marret.co\/wp-content\/uploads\/2017\/04\/Marret-Fr\u00e8res-Catalogue-3-p01_wp-550x459.jpg\" height=\"459\" width=\"550\" alt=\"\" class=\"slider-6171 slide-6175 msDefaultImage\" \/><\/li>\n            <li style='display: none;' aria-roledescription='slide' aria-labelledby='slide-1'><img loading=\"lazy\" decoding=\"async\" src=\"https:\/\/lesmarret.marret.co\/wp-content\/uploads\/2017\/04\/Marret-Fr\u00e8res-Catalogue-3-p02_wp-550x459.jpg\" height=\"459\" width=\"550\" alt=\"\" class=\"slider-6171 slide-6174 msDefaultImage\" \/><\/li>\n            <li style='display: none;' aria-roledescription='slide' aria-labelledby='slide-2'><img loading=\"lazy\" decoding=\"async\" src=\"https:\/\/lesmarret.marret.co\/wp-content\/uploads\/2017\/04\/Marret-Fr\u00e8res-Catalogue-3-p03_wp-550x459.jpg\" height=\"459\" width=\"550\" alt=\"\" class=\"slider-6171 slide-6173 msDefaultImage\" \/><\/li>\n            <li style='display: none;' aria-roledescription='slide' aria-labelledby='slide-3'><img loading=\"lazy\" decoding=\"async\" src=\"https:\/\/lesmarret.marret.co\/wp-content\/uploads\/2017\/04\/Marret-Fr\u00e8res-Catalogue-3-p04_wp-550x459.jpg\" height=\"459\" width=\"550\" alt=\"\" class=\"slider-6171 slide-6172 msDefaultImage\" \/><\/li>\n        <\/ul>\n        \n    <\/div>\n<\/div>\n","protected":false},"excerpt":{"rendered":"<p>Au fil des ann\u00e9es, la maison Marret Fr\u00e8res a pr\u00e9sent\u00e9 ses mod\u00e8les dans des catalogues; trois de ceux-ci sont pr\u00e9sent\u00e9s sur cette page. Pour faire une pause sur l&rsquo;une des illustrations, placer la souris au-dessus de celle-ci; la d\u00e9placer hors &hellip; <a href=\"https:\/\/lesmarret.marret.co\/index.php\/les-marret-bijoutiers\/marret-freres\/marret-freres-catalogues\/\">Continuer la lecture <span class=\"meta-nav\">&rarr;<\/span><\/a><\/p>\n","protected":false},"author":1,"featured_media":0,"parent":6073,"menu_order":0,"comment_status":"closed","ping_status":"closed","template":"","meta":{"_monsterinsights_skip_tracking":false,"_monsterinsights_sitenote_active":false,"_monsterinsights_sitenote_note":"","_monsterinsights_sitenote_category":0,"ngg_post_thumbnail":0,"footnotes":""},"class_list":["post-6156","page","type-page","status-publish","hentry"],"aioseo_notices":[],"_links":{"self":[{"href":"https:\/\/lesmarret.marret.co\/index.php\/wp-json\/wp\/v2\/pages\/6156","targetHints":{"allow":["GET"]}}],"collection":[{"href":"https:\/\/lesmarret.marret.co\/index.php\/wp-json\/wp\/v2\/pages"}],"about":[{"href":"https:\/\/lesmarret.marret.co\/index.php\/wp-json\/wp\/v2\/types\/page"}],"author":[{"embeddable":true,"href":"https:\/\/lesmarret.marret.co\/index.php\/wp-json\/wp\/v2\/users\/1"}],"replies":[{"embeddable":true,"href":"https:\/\/lesmarret.marret.co\/index.php\/wp-json\/wp\/v2\/comments?post=6156"}],"version-history":[{"count":5,"href":"https:\/\/lesmarret.marret.co\/index.php\/wp-json\/wp\/v2\/pages\/6156\/revisions"}],"predecessor-version":[{"id":7676,"href":"https:\/\/lesmarret.marret.co\/index.php\/wp-json\/wp\/v2\/pages\/6156\/revisions\/7676"}],"up":[{"embeddable":true,"href":"https:\/\/lesmarret.marret.co\/index.php\/wp-json\/wp\/v2\/pages\/6073"}],"wp:attachment":[{"href":"https:\/\/lesmarret.marret.co\/index.php\/wp-json\/wp\/v2\/media?parent=6156"}],"curies":[{"name":"wp","href":"https:\/\/api.w.org\/{rel}","templated":true}]}}