{"id":6222,"date":"2017-05-19T22:51:20","date_gmt":"2017-05-19T21:51:20","guid":{"rendered":"http:\/\/lesmarret.marret.co\/?page_id=6222"},"modified":"2019-04-28T22:56:51","modified_gmt":"2019-04-28T21:56:51","slug":"eaubonne-val-joli","status":"publish","type":"page","link":"https:\/\/lesmarret.marret.co\/index.php\/des-lieux-de-famille\/eaubonne-val-joli\/","title":{"rendered":"Eaubonne &#8211; Val-Joli"},"content":{"rendered":"<p>Fils d\u2019Alfred Marret (1835-1876), joaillier \u00e0 Paris, et de Marie Pinatelle (1843-1913), <strong>Charles Marret<\/strong> (1864-1932) ne suit pas les traces de son p\u00e8re. Devenu avocat et mari\u00e9 avec Marguerite Mautin, il rejoint l\u2019\u00e9tude de son beau-p\u00e8re, courtier en assurances \u2013 qu\u2019il remplacera ult\u00e9rieurement -, et y fait fortune.<\/p>\n<p><a href=\"https:\/\/lesmarret.marret.co\/wp-content\/uploads\/2017\/05\/Le-Val-Joli-Eaubonne-02-2_wp.jpg\"><img loading=\"lazy\" decoding=\"async\" class=\"wp-image-6027 alignright\" src=\"https:\/\/lesmarret.marret.co\/wp-content\/uploads\/2017\/05\/Le-Val-Joli-Eaubonne-02-2_wp.jpg\" alt=\"\" width=\"301\" height=\"193\" data-wp-pid=\"6027\" srcset=\"https:\/\/lesmarret.marret.co\/wp-content\/uploads\/2017\/05\/Le-Val-Joli-Eaubonne-02-2_wp.jpg 886w, https:\/\/lesmarret.marret.co\/wp-content\/uploads\/2017\/05\/Le-Val-Joli-Eaubonne-02-2_wp-300x192.jpg 300w, https:\/\/lesmarret.marret.co\/wp-content\/uploads\/2017\/05\/Le-Val-Joli-Eaubonne-02-2_wp-768x492.jpg 768w, https:\/\/lesmarret.marret.co\/wp-content\/uploads\/2017\/05\/Le-Val-Joli-Eaubonne-02-2_wp-800x513.jpg 800w, https:\/\/lesmarret.marret.co\/wp-content\/uploads\/2017\/05\/Le-Val-Joli-Eaubonne-02-2_wp-600x385.jpg 600w\" sizes=\"auto, (max-width: 301px) 100vw, 301px\" \/><\/a><\/p>\n<p>R\u00e9sident \u00e0 Paris, avenue de Wagram, il cherche \u00e0 se doter d\u2019un lieu de vill\u00e9giature \u00e0 faible distance de la capitale et il acquiert, dans la commune d\u2019Eaubonne, les terres de la Croix-Saint-Samson. C\u2019est l\u00e0 qu\u2019il fait construire une grande maison bourgeoise qu\u2019il d\u00e9nomme \u00ab&nbsp;<strong>le Val-Joli<\/strong>&nbsp;\u00bb.<\/p>\n<div id=\"attachment_6219\" style=\"width: 309px\" class=\"wp-caption alignleft\"><a href=\"https:\/\/lesmarret.marret.co\/wp-content\/uploads\/2017\/05\/1920v-Eaubonne-Charles-Marret-maire_wp.jpg\"><img loading=\"lazy\" decoding=\"async\" aria-describedby=\"caption-attachment-6219\" class=\" wp-image-6219\" src=\"https:\/\/lesmarret.marret.co\/wp-content\/uploads\/2017\/05\/1920v-Eaubonne-Charles-Marret-maire_wp-1024x734.jpg\" alt=\"\" width=\"299\" height=\"214\" data-wp-pid=\"6219\" srcset=\"https:\/\/lesmarret.marret.co\/wp-content\/uploads\/2017\/05\/1920v-Eaubonne-Charles-Marret-maire_wp-1024x734.jpg 1024w, https:\/\/lesmarret.marret.co\/wp-content\/uploads\/2017\/05\/1920v-Eaubonne-Charles-Marret-maire_wp-300x215.jpg 300w, https:\/\/lesmarret.marret.co\/wp-content\/uploads\/2017\/05\/1920v-Eaubonne-Charles-Marret-maire_wp-768x551.jpg 768w, https:\/\/lesmarret.marret.co\/wp-content\/uploads\/2017\/05\/1920v-Eaubonne-Charles-Marret-maire_wp-800x574.jpg 800w, https:\/\/lesmarret.marret.co\/wp-content\/uploads\/2017\/05\/1920v-Eaubonne-Charles-Marret-maire_wp-600x430.jpg 600w, https:\/\/lesmarret.marret.co\/wp-content\/uploads\/2017\/05\/1920v-Eaubonne-Charles-Marret-maire_wp.jpg 1181w\" sizes=\"auto, (max-width: 299px) 100vw, 299px\" \/><\/a><p id=\"caption-attachment-6219\" class=\"wp-caption-text\">Charles Marret, maire d&rsquo;Eaubonne &#8211; vers 1920<\/p><\/div>\n<p>&nbsp;<\/p>\n<p>Conseiller municipal, de 1904 \u00e0 1905, puis adjoint au maire Jules Huyot de 1905 \u00e0 1908, il se fait \u00e9lire maire en 1908 et le demeure jusqu\u2019en 1925. Charles Marret pr\u00eate son parc, avant la Premi\u00e8re Guerre mondiale, pour que celui-ci serve de cadre \u00e0 toutes les f\u00eates et c\u00e9r\u00e9monies de la commune ou de la paroisse, depuis la Retraite aux flambeaux du 13 juillet, jusqu\u2019\u00e0 la procession de la F\u00eate-Dieu.<\/p>\n<p>En 1931, la soci\u00e9t\u00e9 Bernheim fr\u00e8res ach\u00e8te le Val-Joli pour en faire un lotissement, mais celui-ci ne verra jamais le jour. La soci\u00e9t\u00e9 P\u00e9chiney y \u00e9tablira ult\u00e9rieurement un tennis, un terrain de sports et des locaux sociaux pour son personnel; la ville d\u2019Eaubonne l\u2019acquiert en 2001 et y ouvre en 2005 un Centre de loisirs maternel.<\/p>\n<p style=\"text-align: center;\"><div id=\"metaslider-id-6224\" style=\"max-width: 500px; margin: 0 auto;\" class=\"ml-slider-3-105-0 metaslider metaslider-flex metaslider-6224 ml-slider has-dots-nav ms-theme-default\" role=\"region\" aria-label=\"Eaubonne \u2013 Val-Joli\" data-height=\"375\" data-width=\"500\">\n    <div id=\"metaslider_container_6224\">\n        <div id=\"metaslider_6224\">\n            <ul class='slides'>\n                <li style=\"display: block; width: 100%;\" class=\"slide-6225 ms-image \" aria-roledescription=\"slide\" data-date=\"2017-05-19 17:56:47\" data-filename=\"Le-Val-Joli-Eaubonne-05_wp-500x375.jpg\" data-slide-type=\"image\"><img loading=\"lazy\" decoding=\"async\" src=\"https:\/\/lesmarret.marret.co\/wp-content\/uploads\/2017\/05\/Le-Val-Joli-Eaubonne-05_wp-500x375.jpg\" height=\"375\" width=\"500\" alt=\"\" class=\"slider-6224 slide-6225 msDefaultImage\" \/><\/li>\n                <li style=\"display: none; width: 100%;\" class=\"slide-6229 ms-image \" aria-roledescription=\"slide\" data-date=\"2017-05-19 17:56:48\" data-filename=\"Le-Val-Joli-Eaubonne-01_wp-500x375.jpg\" data-slide-type=\"image\"><img loading=\"lazy\" decoding=\"async\" src=\"https:\/\/lesmarret.marret.co\/wp-content\/uploads\/2017\/05\/Le-Val-Joli-Eaubonne-01_wp-500x375.jpg\" height=\"375\" width=\"500\" alt=\"\" class=\"slider-6224 slide-6229 msDefaultImage\" \/><\/li>\n                <li style=\"display: none; width: 100%;\" class=\"slide-6227 ms-image \" aria-roledescription=\"slide\" data-date=\"2017-05-19 17:56:47\" data-filename=\"Le-Val-Joli-Eaubonne-03_wp-500x375.jpg\" data-slide-type=\"image\"><img loading=\"lazy\" decoding=\"async\" src=\"https:\/\/lesmarret.marret.co\/wp-content\/uploads\/2017\/05\/Le-Val-Joli-Eaubonne-03_wp-500x375.jpg\" height=\"375\" width=\"500\" alt=\"\" class=\"slider-6224 slide-6227 msDefaultImage\" \/><\/li>\n                <li style=\"display: none; width: 100%;\" class=\"slide-6228 ms-image \" aria-roledescription=\"slide\" data-date=\"2017-05-19 17:56:48\" data-filename=\"Le-Val-Joli-Eaubonne-02-1_wp-500x375.jpg\" data-slide-type=\"image\"><img loading=\"lazy\" decoding=\"async\" src=\"https:\/\/lesmarret.marret.co\/wp-content\/uploads\/2017\/05\/Le-Val-Joli-Eaubonne-02-1_wp-500x375.jpg\" height=\"375\" width=\"500\" alt=\"\" class=\"slider-6224 slide-6228 msDefaultImage\" \/><\/li>\n                <li style=\"display: none; width: 100%;\" class=\"slide-6226 ms-image \" aria-roledescription=\"slide\" data-date=\"2017-05-19 17:56:47\" data-filename=\"Le-Val-Joli-Eaubonne-04_wp-500x375.jpg\" data-slide-type=\"image\"><img loading=\"lazy\" decoding=\"async\" src=\"https:\/\/lesmarret.marret.co\/wp-content\/uploads\/2017\/05\/Le-Val-Joli-Eaubonne-04_wp-500x375.jpg\" height=\"375\" width=\"500\" alt=\"\" class=\"slider-6224 slide-6226 msDefaultImage\" \/><\/li>\n            <\/ul>\n        <\/div>\n        \n    <\/div>\n<\/div><\/p>\n<p>Aujourd\u2019hui, une grande salle du Val-Joli peut \u00eatre lou\u00e9e pour des r\u00e9unions et des r\u00e9ceptions (mariages, etc.). Quant au parc, plant\u00e9 d\u2019arbres centenaires, il accueille les manifestations des associations locales ou de la commune.<\/p>\n<p style=\"text-align: center;\"><a href=\"https:\/\/lesmarret.marret.co\/wp-content\/uploads\/2017\/05\/Eaubonne_-_Le_Val_Joli.jpg\"><img loading=\"lazy\" decoding=\"async\" class=\"alignnone size-large wp-image-6231\" src=\"https:\/\/lesmarret.marret.co\/wp-content\/uploads\/2017\/05\/Eaubonne_-_Le_Val_Joli-1024x768.jpg\" alt=\"\" width=\"640\" height=\"480\" data-wp-pid=\"6231\" srcset=\"https:\/\/lesmarret.marret.co\/wp-content\/uploads\/2017\/05\/Eaubonne_-_Le_Val_Joli-1024x768.jpg 1024w, https:\/\/lesmarret.marret.co\/wp-content\/uploads\/2017\/05\/Eaubonne_-_Le_Val_Joli-300x225.jpg 300w, https:\/\/lesmarret.marret.co\/wp-content\/uploads\/2017\/05\/Eaubonne_-_Le_Val_Joli-768x576.jpg 768w, https:\/\/lesmarret.marret.co\/wp-content\/uploads\/2017\/05\/Eaubonne_-_Le_Val_Joli-800x600.jpg 800w, https:\/\/lesmarret.marret.co\/wp-content\/uploads\/2017\/05\/Eaubonne_-_Le_Val_Joli-600x450.jpg 600w, https:\/\/lesmarret.marret.co\/wp-content\/uploads\/2017\/05\/Eaubonne_-_Le_Val_Joli-1200x900-cropped.jpg 1200w, https:\/\/lesmarret.marret.co\/wp-content\/uploads\/2017\/05\/Eaubonne_-_Le_Val_Joli.jpg 1365w\" sizes=\"auto, (max-width: 640px) 100vw, 640px\" \/><\/a><span style=\"font-size: 10pt;\"><em>Source&nbsp;: Ch\u00e2teau et parc du Val-Joli \u00e0 Eaubonne (Val-d&rsquo;Oise), France Avril 2007<br \/>\nPhoto personnelle de Clicsouris (Wikimedia Commons)<\/em><\/span><\/p>\n<p><span lang=\"FR\" style=\"margin: 0px; color: #333333; font-family: 'Georgia','serif';\">Le Cercle historique d&rsquo;Eaubonne consacre l&rsquo;une de ses fiches, sur son site internet, au Ch\u00e2teau du Val-Joli&#8230;&nbsp;<\/span><\/p>\n","protected":false},"excerpt":{"rendered":"<p>Fils d\u2019Alfred Marret (1835-1876), joaillier \u00e0 Paris, et de Marie Pinatelle (1843-1913), Charles Marret (1864-1932) ne suit pas les traces de son p\u00e8re. Devenu avocat et mari\u00e9 avec Marguerite Mautin, il rejoint l\u2019\u00e9tude de son beau-p\u00e8re, courtier en assurances \u2013 &hellip; <a href=\"https:\/\/lesmarret.marret.co\/index.php\/des-lieux-de-famille\/eaubonne-val-joli\/\">Continuer la lecture <span class=\"meta-nav\">&rarr;<\/span><\/a><\/p>\n","protected":false},"author":1,"featured_media":0,"parent":5382,"menu_order":0,"comment_status":"closed","ping_status":"closed","template":"","meta":{"_monsterinsights_skip_tracking":false,"_monsterinsights_sitenote_active":false,"_monsterinsights_sitenote_note":"","_monsterinsights_sitenote_category":0,"ngg_post_thumbnail":0,"footnotes":""},"class_list":["post-6222","page","type-page","status-publish","hentry"],"aioseo_notices":[],"_links":{"self":[{"href":"https:\/\/lesmarret.marret.co\/index.php\/wp-json\/wp\/v2\/pages\/6222","targetHints":{"allow":["GET"]}}],"collection":[{"href":"https:\/\/lesmarret.marret.co\/index.php\/wp-json\/wp\/v2\/pages"}],"about":[{"href":"https:\/\/lesmarret.marret.co\/index.php\/wp-json\/wp\/v2\/types\/page"}],"author":[{"embeddable":true,"href":"https:\/\/lesmarret.marret.co\/index.php\/wp-json\/wp\/v2\/users\/1"}],"replies":[{"embeddable":true,"href":"https:\/\/lesmarret.marret.co\/index.php\/wp-json\/wp\/v2\/comments?post=6222"}],"version-history":[{"count":1,"href":"https:\/\/lesmarret.marret.co\/index.php\/wp-json\/wp\/v2\/pages\/6222\/revisions"}],"predecessor-version":[{"id":7760,"href":"https:\/\/lesmarret.marret.co\/index.php\/wp-json\/wp\/v2\/pages\/6222\/revisions\/7760"}],"up":[{"embeddable":true,"href":"https:\/\/lesmarret.marret.co\/index.php\/wp-json\/wp\/v2\/pages\/5382"}],"wp:attachment":[{"href":"https:\/\/lesmarret.marret.co\/index.php\/wp-json\/wp\/v2\/media?parent=6222"}],"curies":[{"name":"wp","href":"https:\/\/api.w.org\/{rel}","templated":true}]}}