{"id":6635,"date":"2017-05-31T02:46:44","date_gmt":"2017-05-31T01:46:44","guid":{"rendered":"http:\/\/lesmarret.marret.co\/?page_id=6635"},"modified":"2017-06-04T15:09:21","modified_gmt":"2017-06-04T14:09:21","slug":"ballon-dalsace-ferme-restaurant-marret","status":"publish","type":"page","link":"https:\/\/lesmarret.marret.co\/index.php\/des-lieux-de-famille\/ballon-dalsace-ferme-restaurant-marret\/","title":{"rendered":"Ballon d&rsquo;Alsace &#8211; Ferme-restaurant Marret"},"content":{"rendered":"<p><a href=\"https:\/\/lesmarret.marret.co\/wp-content\/uploads\/2017\/05\/Ballon-dAlsace-01_wp.jpg\"><img loading=\"lazy\" decoding=\"async\" width=\"351\" height=\"246\" class=\"wp-image-6637 alignright\" alt=\"\" src=\"https:\/\/lesmarret.marret.co\/wp-content\/uploads\/2017\/05\/Ballon-dAlsace-01_wp.jpg\" data-wp-pid=\"6637\" srcset=\"https:\/\/lesmarret.marret.co\/wp-content\/uploads\/2017\/05\/Ballon-dAlsace-01_wp.jpg 886w, https:\/\/lesmarret.marret.co\/wp-content\/uploads\/2017\/05\/Ballon-dAlsace-01_wp-300x210.jpg 300w, https:\/\/lesmarret.marret.co\/wp-content\/uploads\/2017\/05\/Ballon-dAlsace-01_wp-768x537.jpg 768w, https:\/\/lesmarret.marret.co\/wp-content\/uploads\/2017\/05\/Ballon-dAlsace-01_wp-800x560.jpg 800w, https:\/\/lesmarret.marret.co\/wp-content\/uploads\/2017\/05\/Ballon-dAlsace-01_wp-600x420.jpg 600w\" sizes=\"auto, (max-width: 351px) 100vw, 351px\" \/><\/a><a href=\"https:\/\/lesmarret.marret.co\/wp-content\/uploads\/2017\/05\/Ballon-dAlsace-02_wp.jpg\"><br \/>\n<\/a><\/p>\n<p><span style=\"margin: 0px; color: #4f6228; font-family: 'Georgia','serif'; font-size: 12pt;\">Une partie des terres situ\u00e9es sur le Ballon d\u2019Alsace appartenait \u00e0 la famille Saglio; apr\u00e8s la mort de sa m\u00e8re, H\u00e9l\u00e8ne Saglio (1878-1949), Maurice Marret (1902-1959) h\u00e9rite de la propri\u00e9t\u00e9. <\/span><\/p>\n<p>&nbsp;<\/p>\n<p><a href=\"https:\/\/lesmarret.marret.co\/wp-content\/uploads\/2017\/05\/Ballon-dAlsace-04_wp.jpg\"><img loading=\"lazy\" decoding=\"async\" width=\"350\" height=\"242\" class=\"wp-image-6640 alignleft\" alt=\"\" src=\"https:\/\/lesmarret.marret.co\/wp-content\/uploads\/2017\/05\/Ballon-dAlsace-04_wp.jpg\" data-wp-pid=\"6640\" srcset=\"https:\/\/lesmarret.marret.co\/wp-content\/uploads\/2017\/05\/Ballon-dAlsace-04_wp.jpg 886w, https:\/\/lesmarret.marret.co\/wp-content\/uploads\/2017\/05\/Ballon-dAlsace-04_wp-300x207.jpg 300w, https:\/\/lesmarret.marret.co\/wp-content\/uploads\/2017\/05\/Ballon-dAlsace-04_wp-768x530.jpg 768w, https:\/\/lesmarret.marret.co\/wp-content\/uploads\/2017\/05\/Ballon-dAlsace-04_wp-800x553.jpg 800w, https:\/\/lesmarret.marret.co\/wp-content\/uploads\/2017\/05\/Ballon-dAlsace-04_wp-600x414.jpg 600w\" sizes=\"auto, (max-width: 350px) 100vw, 350px\" \/><\/a><\/p>\n<p>&nbsp;<\/p>\n<p><span style=\"margin: 0px; color: #4f6228; font-family: 'Georgia','serif'; font-size: 12pt;\">Dans les ann\u00e9es 1960, son \u00e9pouse, Anne-Marie Vermot (1902-1994) transforme une ferme existant \u00e0 cet endroit en restaurant; son fils, Bernard Marret (1935-vers 2005) et la femme de celui-ci, Marie-Madeleine Dambier, op\u00e8rent ce qui s&rsquo;appelle d\u00e9sormais la <strong>Ferme-restaurant Marret<\/strong>. <a href=\"https:\/\/lesmarret.marret.co\/wp-content\/uploads\/2017\/05\/Ballon-dAlsace-03_wp.jpg\"><img loading=\"lazy\" decoding=\"async\" width=\"351\" height=\"250\" class=\"wp-image-6639 alignright\" alt=\"\" src=\"https:\/\/lesmarret.marret.co\/wp-content\/uploads\/2017\/05\/Ballon-dAlsace-03_wp.jpg\" data-wp-pid=\"6639\" srcset=\"https:\/\/lesmarret.marret.co\/wp-content\/uploads\/2017\/05\/Ballon-dAlsace-03_wp.jpg 886w, https:\/\/lesmarret.marret.co\/wp-content\/uploads\/2017\/05\/Ballon-dAlsace-03_wp-300x214.jpg 300w, https:\/\/lesmarret.marret.co\/wp-content\/uploads\/2017\/05\/Ballon-dAlsace-03_wp-768x547.jpg 768w, https:\/\/lesmarret.marret.co\/wp-content\/uploads\/2017\/05\/Ballon-dAlsace-03_wp-800x570.jpg 800w, https:\/\/lesmarret.marret.co\/wp-content\/uploads\/2017\/05\/Ballon-dAlsace-03_wp-600x427.jpg 600w\" sizes=\"auto, (max-width: 351px) 100vw, 351px\" \/><\/a><\/span><\/p>\n<p>&nbsp;<\/p>\n<p><span style=\"margin: 0px; color: #4f6228; font-family: 'Georgia','serif'; font-size: 12pt;\">La propri\u00e9t\u00e9,&nbsp;de 59 ha, est vendue en 1979 au Syndicat mixte interd\u00e9partemental du Ballon d\u2019Alsace.<\/span><\/p>\n<p><a href=\"https:\/\/lesmarret.marret.co\/wp-content\/uploads\/2017\/05\/Ballon-dAlsace-01_wp.jpg\">&nbsp;<\/a><\/p>\n","protected":false},"excerpt":{"rendered":"<p>Une partie des terres situ\u00e9es sur le Ballon d\u2019Alsace appartenait \u00e0 la famille Saglio; apr\u00e8s la mort de sa m\u00e8re, H\u00e9l\u00e8ne Saglio (1878-1949), Maurice Marret (1902-1959) h\u00e9rite de la propri\u00e9t\u00e9. &nbsp; &nbsp; Dans les ann\u00e9es 1960, son \u00e9pouse, Anne-Marie Vermot &hellip; <a href=\"https:\/\/lesmarret.marret.co\/index.php\/des-lieux-de-famille\/ballon-dalsace-ferme-restaurant-marret\/\">Continuer la lecture <span class=\"meta-nav\">&rarr;<\/span><\/a><\/p>\n","protected":false},"author":1,"featured_media":0,"parent":5382,"menu_order":0,"comment_status":"closed","ping_status":"closed","template":"","meta":{"_monsterinsights_skip_tracking":false,"_monsterinsights_sitenote_active":false,"_monsterinsights_sitenote_note":"","_monsterinsights_sitenote_category":0,"ngg_post_thumbnail":0,"footnotes":""},"class_list":["post-6635","page","type-page","status-publish","hentry"],"aioseo_notices":[],"_links":{"self":[{"href":"https:\/\/lesmarret.marret.co\/index.php\/wp-json\/wp\/v2\/pages\/6635","targetHints":{"allow":["GET"]}}],"collection":[{"href":"https:\/\/lesmarret.marret.co\/index.php\/wp-json\/wp\/v2\/pages"}],"about":[{"href":"https:\/\/lesmarret.marret.co\/index.php\/wp-json\/wp\/v2\/types\/page"}],"author":[{"embeddable":true,"href":"https:\/\/lesmarret.marret.co\/index.php\/wp-json\/wp\/v2\/users\/1"}],"replies":[{"embeddable":true,"href":"https:\/\/lesmarret.marret.co\/index.php\/wp-json\/wp\/v2\/comments?post=6635"}],"version-history":[{"count":0,"href":"https:\/\/lesmarret.marret.co\/index.php\/wp-json\/wp\/v2\/pages\/6635\/revisions"}],"up":[{"embeddable":true,"href":"https:\/\/lesmarret.marret.co\/index.php\/wp-json\/wp\/v2\/pages\/5382"}],"wp:attachment":[{"href":"https:\/\/lesmarret.marret.co\/index.php\/wp-json\/wp\/v2\/media?parent=6635"}],"curies":[{"name":"wp","href":"https:\/\/api.w.org\/{rel}","templated":true}]}}