{"id":6672,"date":"2017-06-03T21:52:04","date_gmt":"2017-06-03T20:52:04","guid":{"rendered":"http:\/\/lesmarret.marret.co\/?page_id=6672"},"modified":"2017-06-03T21:52:04","modified_gmt":"2017-06-03T20:52:04","slug":"marret-freres-et-jarry","status":"publish","type":"page","link":"https:\/\/lesmarret.marret.co\/index.php\/les-marret-bijoutiers\/marret-freres-et-jarry\/","title":{"rendered":"Marret Fr\u00e8res et Jarry\u00a0"},"content":{"rendered":"<div>\n<p><span style=\"font-size: medium;\"><a href=\"https:\/\/lesmarret.marret.co\/wp-content\/uploads\/2017\/04\/Marret-Fr\u00e8res-et-Jarry-L\u00e9gumier-2-10_wp.jpg\"><img loading=\"lazy\" decoding=\"async\" width=\"199\" height=\"165\" class=\"wp-image-5345 alignright\" alt=\"\" src=\"https:\/\/lesmarret.marret.co\/wp-content\/uploads\/2017\/04\/Marret-Fr\u00e8res-et-Jarry-L\u00e9gumier-2-10_wp.jpg\" data-wp-pid=\"5345\" srcset=\"https:\/\/lesmarret.marret.co\/wp-content\/uploads\/2017\/04\/Marret-Fr\u00e8res-et-Jarry-L\u00e9gumier-2-10_wp.jpg 591w, https:\/\/lesmarret.marret.co\/wp-content\/uploads\/2017\/04\/Marret-Fr\u00e8res-et-Jarry-L\u00e9gumier-2-10_wp-300x249.jpg 300w\" sizes=\"auto, (max-width: 199px) 100vw, 199px\" \/><\/a>La maison<span class=\"Apple-converted-space\">&nbsp;<\/span><em><strong>Marret Fr\u00e8res et Jarry<\/strong><\/em><span class=\"Apple-converted-space\">&nbsp;<\/span>n\u2019a exist\u00e9 que quelques ann\u00e9es, de 1872 \u00e0 1879. Deux enfants de Justin Marret, Ernest (1835-1911) et Hippolyte (1841-1920) s\u2019\u00e9taient alors associ\u00e9s \u00e0 Gustave Jarry, le neveu de Eug\u00e8ne et Gustave Jarry, ceux-l\u00e0 m\u00eames qui avaient fait partie de la soci\u00e9t\u00e9<i><span class=\"Apple-converted-space\">&nbsp;<\/span>Marret et Jarry Fr\u00e8res<\/i>.<\/span><\/p>\n<p style=\"text-align: center;\">~~~~~~~<\/p>\n<h3 style=\"text-align: center;\"><strong>Quelques objets fabriqu\u00e9s par la maison <em>Marret Fr\u00e8res et Jarry<\/em><\/strong><\/h3>\n<p style=\"text-align: center;\"><div id=\"metaslider-id-6764\" style=\"max-width: 540px; margin: 0 auto;\" class=\"ml-slider-3-105-0 metaslider metaslider-flex metaslider-6764 ml-slider ms-theme-default nav-hidden\" role=\"region\" aria-label=\"MF et Jarry\" data-height=\"360\" data-width=\"540\">\n    <div id=\"metaslider_container_6764\">\n        <div id=\"metaslider_6764\" class=\"flexslider\">\n            <ul class='slides'>\n                <li style=\"display: block; width: 100%;\" class=\"slide-6810 ms-image \" aria-roledescription=\"slide\" data-date=\"2017-06-03 21:39:00\" data-filename=\"Marret-fr\u00e8res-et-Jarry-Broche-2-1_wp-540x360.jpg\" data-slide-type=\"image\"><img loading=\"lazy\" decoding=\"async\" src=\"https:\/\/lesmarret.marret.co\/wp-content\/uploads\/2017\/06\/Marret-fr\u00e8res-et-Jarry-Broche-2-1_wp-540x360.jpg\" height=\"360\" width=\"540\" alt=\"\" class=\"slider-6764 slide-6810 msDefaultImage\" \/><div class=\"caption-wrap\"><div class=\"caption\">Marret Fr\u00e8res et Jarry - une broche<\/div><\/div><\/li>\n                <li style=\"display: none; width: 100%;\" class=\"slide-6808 ms-image \" aria-roledescription=\"slide\" data-date=\"2017-06-03 21:35:32\" data-filename=\"Marret-Fr\u00e8res-et-Jarry-L\u00e9gumier-2-1_wp-540x360.jpg\" data-slide-type=\"image\"><img loading=\"lazy\" decoding=\"async\" src=\"https:\/\/lesmarret.marret.co\/wp-content\/uploads\/2017\/06\/Marret-Fr\u00e8res-et-Jarry-L\u00e9gumier-2-1_wp-540x360.jpg\" height=\"360\" width=\"540\" alt=\"\" class=\"slider-6764 slide-6808 msDefaultImage\" \/><div class=\"caption-wrap\"><div class=\"caption\">Marret Fr\u00e8res et Jarry - un l\u00e9gumier<\/div><\/div><\/li>\n                <li style=\"display: none; width: 100%;\" class=\"slide-6805 ms-image \" aria-roledescription=\"slide\" data-date=\"2017-06-03 21:35:32\" data-filename=\"Marret-Fr\u00e8res-et-Jarry-Verseuse_wp-540x360.jpg\" data-slide-type=\"image\"><img loading=\"lazy\" decoding=\"async\" src=\"https:\/\/lesmarret.marret.co\/wp-content\/uploads\/2017\/06\/Marret-Fr\u00e8res-et-Jarry-Verseuse_wp-540x360.jpg\" height=\"360\" width=\"540\" alt=\"\" class=\"slider-6764 slide-6805 msDefaultImage\" \/><div class=\"caption-wrap\"><div class=\"caption\">Marret Fr\u00e8res et Jarry - une verseuse<\/div><\/div><\/li>\n                <li style=\"display: none; width: 100%;\" class=\"slide-6807 ms-image \" aria-roledescription=\"slide\" data-date=\"2017-06-03 21:35:32\" data-filename=\"Marret-Fr\u00e8res-et-Jarry-Chocolati\u00e8re_wp-540x360.jpg\" data-slide-type=\"image\"><img loading=\"lazy\" decoding=\"async\" src=\"https:\/\/lesmarret.marret.co\/wp-content\/uploads\/2017\/06\/Marret-Fr\u00e8res-et-Jarry-Chocolati\u00e8re_wp-540x360.jpg\" height=\"360\" width=\"540\" alt=\"\" class=\"slider-6764 slide-6807 msDefaultImage\" \/><div class=\"caption-wrap\"><div class=\"caption\">Marret Fr\u00e8res et Jarry - une chocolati\u00e8re<\/div><\/div><\/li>\n                <li style=\"display: none; width: 100%;\" class=\"slide-6806 ms-image \" aria-roledescription=\"slide\" data-date=\"2017-06-03 21:35:32\" data-filename=\"Marret-fr\u00e8res-et-Jarry-Sucrier_wp-540x360.jpg\" data-slide-type=\"image\"><img loading=\"lazy\" decoding=\"async\" src=\"https:\/\/lesmarret.marret.co\/wp-content\/uploads\/2017\/06\/Marret-fr\u00e8res-et-Jarry-Sucrier_wp-540x360.jpg\" height=\"360\" width=\"540\" alt=\"\" class=\"slider-6764 slide-6806 msDefaultImage\" \/><div class=\"caption-wrap\"><div class=\"caption\">Marret Fr\u00e8res et Jarry - un sucrier<\/div><\/div><\/li>\n                <li style=\"display: none; width: 100%;\" class=\"slide-6809 ms-image \" aria-roledescription=\"slide\" data-date=\"2017-06-03 21:35:32\" data-filename=\"Marret-Fr\u00e8res-et-Jarry-Coupe-01_wp-540x360.jpg\" data-slide-type=\"image\"><img loading=\"lazy\" decoding=\"async\" src=\"https:\/\/lesmarret.marret.co\/wp-content\/uploads\/2017\/06\/Marret-Fr\u00e8res-et-Jarry-Coupe-01_wp-540x360.jpg\" height=\"360\" width=\"540\" alt=\"\" class=\"slider-6764 slide-6809 msDefaultImage\" \/><div class=\"caption-wrap\"><div class=\"caption\">Marret Fr\u00e8res et Jarry - une coupe<\/div><\/div><\/li>\n            <\/ul>\n        <\/div>\n        \n    <\/div>\n<\/div><\/p>\n<p style=\"text-align: center;\">&nbsp;<\/p>\n<\/div>\n<h2 style=\"text-align: center;\"><span style=\"font-size: 12pt;\"><b><span lang=\"FR-CA\"><span style=\"color: #000000;\">Expositions<\/span><\/span><\/b><\/span><\/h2>\n<p><span lang=\"FR-CA\"><u><span style=\"font-family: georgia,serif;\">1859 \u2013 Exposition universelle<\/span><\/u><\/span><\/p>\n<div style=\"padding-left: 30px;\"><span style=\"font-family: georgia,serif; font-size: 12pt;\">\u00ab&nbsp;<span lang=\"FR-CA\">Mentionnons, parmi les exposants r\u00e9compens\u00e9s&nbsp;: [&#8230;] Marret fr\u00e8res et Jarry avaient expos\u00e9, entre autres, une belle parure de corsage rubis et brillants.&nbsp;\u00bb<\/span><\/span><\/div>\n<p style=\"text-align: right;\"><span style=\"font-size: small;\"><em><span style=\"font-family: georgia,serif;\">Source&nbsp;: Vever, Henri.<span class=\"Apple-converted-space\">&nbsp;<\/span>La bijouterie fran\u00e7aise au XIXe si\u00e8cle, vol.&nbsp;2, p.&nbsp;120.<\/span><\/em><\/span><\/p>\n<p><span lang=\"FR-CA\"><u><span style=\"font-family: georgia,serif;\">1878 \u2013 Exposition<\/span><\/u><\/span><\/p>\n<div style=\"padding-left: 30px;\"><span style=\"font-family: georgia,serif; font-size: 12pt;\">M\u00e9daille d\u2019or<\/span><\/div>\n<div>&nbsp;<\/div>\n<div style=\"text-align: right;\"><span style=\"font-size: 10pt;\"><em><span style=\"font-family: georgia,serif;\">Source&nbsp;: Vever, Henri.<span class=\"Apple-converted-space\">&nbsp;<\/span><\/span><span style=\"font-family: georgia,serif;\">La bijouterie fran\u00e7aise au XIXe si\u00e8cle, vol.&nbsp;3, p.&nbsp;362<\/span>.<\/em><\/span><\/div>\n<p>&nbsp;<\/p>\n","protected":false},"excerpt":{"rendered":"<p>La maison&nbsp;Marret Fr\u00e8res et Jarry&nbsp;n\u2019a exist\u00e9 que quelques ann\u00e9es, de 1872 \u00e0 1879. Deux enfants de Justin Marret, Ernest (1835-1911) et Hippolyte (1841-1920) s\u2019\u00e9taient alors associ\u00e9s \u00e0 Gustave Jarry, le neveu de Eug\u00e8ne et Gustave Jarry, ceux-l\u00e0 m\u00eames qui avaient &hellip; <a href=\"https:\/\/lesmarret.marret.co\/index.php\/les-marret-bijoutiers\/marret-freres-et-jarry\/\">Continuer la lecture <span class=\"meta-nav\">&rarr;<\/span><\/a><\/p>\n","protected":false},"author":1,"featured_media":0,"parent":5629,"menu_order":0,"comment_status":"closed","ping_status":"closed","template":"","meta":{"_monsterinsights_skip_tracking":false,"_monsterinsights_sitenote_active":false,"_monsterinsights_sitenote_note":"","_monsterinsights_sitenote_category":0,"ngg_post_thumbnail":0,"footnotes":""},"class_list":["post-6672","page","type-page","status-publish","hentry"],"aioseo_notices":[],"_links":{"self":[{"href":"https:\/\/lesmarret.marret.co\/index.php\/wp-json\/wp\/v2\/pages\/6672","targetHints":{"allow":["GET"]}}],"collection":[{"href":"https:\/\/lesmarret.marret.co\/index.php\/wp-json\/wp\/v2\/pages"}],"about":[{"href":"https:\/\/lesmarret.marret.co\/index.php\/wp-json\/wp\/v2\/types\/page"}],"author":[{"embeddable":true,"href":"https:\/\/lesmarret.marret.co\/index.php\/wp-json\/wp\/v2\/users\/1"}],"replies":[{"embeddable":true,"href":"https:\/\/lesmarret.marret.co\/index.php\/wp-json\/wp\/v2\/comments?post=6672"}],"version-history":[{"count":0,"href":"https:\/\/lesmarret.marret.co\/index.php\/wp-json\/wp\/v2\/pages\/6672\/revisions"}],"up":[{"embeddable":true,"href":"https:\/\/lesmarret.marret.co\/index.php\/wp-json\/wp\/v2\/pages\/5629"}],"wp:attachment":[{"href":"https:\/\/lesmarret.marret.co\/index.php\/wp-json\/wp\/v2\/media?parent=6672"}],"curies":[{"name":"wp","href":"https:\/\/api.w.org\/{rel}","templated":true}]}}