{"id":6675,"date":"2017-06-03T22:30:31","date_gmt":"2017-06-03T21:30:31","guid":{"rendered":"http:\/\/lesmarret.marret.co\/?page_id=6675"},"modified":"2017-06-03T22:30:31","modified_gmt":"2017-06-03T21:30:31","slug":"marret-et-jarry","status":"publish","type":"page","link":"https:\/\/lesmarret.marret.co\/index.php\/les-marret-bijoutiers\/marret-et-jarry\/","title":{"rendered":"Marret et Jarry"},"content":{"rendered":"<p><span style=\"margin: 0px; line-height: 115%; font-family: 'Georgia','serif'; font-size: 12pt;\"><span style=\"color: #000000;\"><a href=\"https:\/\/lesmarret.marret.co\/wp-content\/uploads\/2017\/04\/Marret-Jarry-Couteaux-1-06b_wp.jpg\"><img loading=\"lazy\" decoding=\"async\" width=\"199\" height=\"72\" class=\"wp-image-5341 alignright\" alt=\"\" src=\"https:\/\/lesmarret.marret.co\/wp-content\/uploads\/2017\/04\/Marret-Jarry-Couteaux-1-06b_wp.jpg\" data-wp-pid=\"5341\" srcset=\"https:\/\/lesmarret.marret.co\/wp-content\/uploads\/2017\/04\/Marret-Jarry-Couteaux-1-06b_wp.jpg 591w, https:\/\/lesmarret.marret.co\/wp-content\/uploads\/2017\/04\/Marret-Jarry-Couteaux-1-06b_wp-300x109.jpg 300w\" sizes=\"auto, (max-width: 199px) 100vw, 199px\" \/><\/a>Henri Vever, dans son livre quasi encyclop\u00e9dique <em>La bijouterie fran\u00e7aise au XIXe si\u00e8cle<\/em> ne fait aucune r\u00e9f\u00e9rence \u00e0 une soci\u00e9t\u00e9 <strong>Marret &amp; Jarry<\/strong>\u2026 <a href=\"https:\/\/lesmarret.marret.co\/wp-content\/uploads\/2017\/06\/Marret-Jarry-Couteaux-2-15_wp.jpg\"><img loading=\"lazy\" decoding=\"async\" width=\"201\" height=\"89\" class=\"wp-image-6680 alignleft\" alt=\"\" src=\"https:\/\/lesmarret.marret.co\/wp-content\/uploads\/2017\/06\/Marret-Jarry-Couteaux-2-15_wp.jpg\" data-wp-pid=\"6680\" srcset=\"https:\/\/lesmarret.marret.co\/wp-content\/uploads\/2017\/06\/Marret-Jarry-Couteaux-2-15_wp.jpg 454w, https:\/\/lesmarret.marret.co\/wp-content\/uploads\/2017\/06\/Marret-Jarry-Couteaux-2-15_wp-300x133.jpg 300w\" sizes=\"auto, (max-width: 201px) 100vw, 201px\" \/><\/a> <a href=\"https:\/\/lesmarret.marret.co\/wp-content\/uploads\/2017\/06\/Marret-Jarry-Chauffe-cognac-7b_wp.jpg\"><img loading=\"lazy\" decoding=\"async\" width=\"200\" height=\"116\" class=\"wp-image-6681 alignright\" alt=\"\" src=\"https:\/\/lesmarret.marret.co\/wp-content\/uploads\/2017\/06\/Marret-Jarry-Chauffe-cognac-7b_wp.jpg\" data-wp-pid=\"6681\"><\/a>Pourtant, l\u2019on trouve quelques mentions de celle-ci dans des documents et une marque sp\u00e9cifique appara\u00eet sur plusieurs objets\u2026<\/span><\/span><\/p>\n<p><span style=\"margin: 0px; line-height: 115%; font-family: 'Georgia','serif'; font-size: 12pt;\"><span style=\"color: #000000;\">Entre 1856 et 1878, dates de parution des livres consult\u00e9s, Vever fait \u00e9tat de trois&nbsp;maisons : <\/span><\/span><span style=\"margin: 0px; line-height: 115%; font-family: 'Georgia','serif'; font-size: 12pt;\"><span style=\"color: #000000;\"><em>Maison et Jarry fr\u00e8res; <\/em><\/span><\/span><span style=\"margin: 0px; line-height: 115%; font-family: 'Georgia','serif'; font-size: 12pt;\"><span style=\"color: #000000;\"><em>Marret, Jarry fr\u00e8res et Marret neveux; <\/em><\/span><\/span><span style=\"margin: 0px; line-height: 115%; font-family: 'Georgia','serif'; font-size: 12pt;\"><span style=\"color: #000000;\"><em>Marret fr\u00e8res et Jarry<\/em>. <\/span><\/span><\/p>\n<p><span style=\"margin: 0px; line-height: 115%; font-family: 'Georgia','serif'; font-size: 12pt;\"><span style=\"color: #000000;\"><a href=\"https:\/\/lesmarret.marret.co\/wp-content\/uploads\/2017\/06\/03252-Marret-Jarry-2014-01_036_wp.jpg\"><img loading=\"lazy\" decoding=\"async\" width=\"251\" height=\"251\" class=\"wp-image-6683 alignright\" alt=\"\" src=\"https:\/\/lesmarret.marret.co\/wp-content\/uploads\/2017\/06\/03252-Marret-Jarry-2014-01_036_wp.jpg\" data-wp-pid=\"6683\" srcset=\"https:\/\/lesmarret.marret.co\/wp-content\/uploads\/2017\/06\/03252-Marret-Jarry-2014-01_036_wp.jpg 885w, https:\/\/lesmarret.marret.co\/wp-content\/uploads\/2017\/06\/03252-Marret-Jarry-2014-01_036_wp-150x150.jpg 150w, https:\/\/lesmarret.marret.co\/wp-content\/uploads\/2017\/06\/03252-Marret-Jarry-2014-01_036_wp-300x300.jpg 300w, https:\/\/lesmarret.marret.co\/wp-content\/uploads\/2017\/06\/03252-Marret-Jarry-2014-01_036_wp-768x769.jpg 768w, https:\/\/lesmarret.marret.co\/wp-content\/uploads\/2017\/06\/03252-Marret-Jarry-2014-01_036_wp-800x801.jpg 800w, https:\/\/lesmarret.marret.co\/wp-content\/uploads\/2017\/06\/03252-Marret-Jarry-2014-01_036_wp-600x600.jpg 600w\" sizes=\"auto, (max-width: 251px) 100vw, 251px\" \/><\/a><\/span><\/span><\/p>\n<p>&nbsp;<\/p>\n<p><span style=\"margin: 0px; line-height: 115%; font-family: 'Georgia','serif'; font-size: 12pt;\"><span style=\"color: #000000;\">\u00c0 laquelle des trois doit-on associer Marret et Jarry? Le dictionnaire des poin\u00e7ons <\/span><\/span><span style=\"font-size: 10pt;\"><em><span style=\"margin: 0px; line-height: 115%; font-family: 'Georgia','serif'; font-size: 12pt;\"><span style=\"color: #000000;\">(<\/span><\/span><span style=\"margin: 0px; line-height: 115%; font-family: 'Georgia','serif'; font-size: 12pt;\"><span style=\"color: #000000;\"><span lang=\"FR\" style=\"margin: 0px; font-family: 'Arial','sans-serif';\"><span style=\"color: #000000;\">Dictionnaire des poin\u00e7ons de fabricants d&rsquo;ouvrages d&rsquo;or et d&rsquo;argent de Paris et de la Seine<\/span><\/span><span lang=\"FR\" style=\"margin: 0px; font-family: 'Arial','sans-serif';\"><span style=\"color: #000000;\">. Paris : Impr. nationale \u00e9d., 1991<\/span><\/span><\/span><\/span><span style=\"margin: 0px; line-height: 115%; font-family: 'Georgia','serif'; font-size: 12pt;\"><span style=\"color: #000000;\">)<\/span><\/span><\/em><\/span><span style=\"margin: 0px; line-height: 115%; font-family: 'Georgia','serif'; font-size: 12pt;\"><span style=\"color: #000000;\"> opte pour la premi\u00e8re&#8230;&nbsp;<\/span><\/span><\/p>\n<p style=\"text-align: center;\"><span style=\"margin: 0px; line-height: 115%; font-family: 'Georgia','serif'; font-size: 12pt;\"><span style=\"color: #000000;\">&nbsp;~~~~~~~<\/span><\/span><\/p>\n<p style=\"text-align: left;\">&nbsp;<\/p>\n<p style=\"text-align: left; padding-left: 30px;\">&nbsp;<span lang=\"EN-CA\" style=\"margin: 0px; line-height: 115%; font-family: 'Georgia','serif'; font-size: 12pt;\"><span style=\"color: #000000;\">\u00ab MM. Marret et Jarry, also celebrated setters of Diamonds. \u00bb<\/span><\/span><\/p>\n<p style=\"text-align: right;\"><em><span lang=\"EN-CA\" style=\"margin: 0px; line-height: 115%; font-family: 'Georgia','serif'; font-size: 12pt;\"><span style=\"color: #000000;\">Source&nbsp;: Roset, Hippomax. Jewelry and the precious stones. <\/span><\/span><span style=\"margin: 0px; line-height: 115%; font-family: 'Georgia','serif'; font-size: 12pt;\"><span style=\"color: #000000;\">Philadelphia, 185, p. 342.<\/span><\/span><\/em><span style=\"margin: 0px; line-height: 115%; font-family: 'Georgia','serif'; font-size: 12pt;\"><span style=\"color: #000000;\">&nbsp;<\/span><\/span><\/p>\n<p style=\"text-align: center;\"><span style=\"margin: 0px; line-height: 115%; font-family: 'Georgia','serif'; font-size: 12pt;\"><span style=\"color: #000000;\">~~~~~~~<\/span><\/span><\/p>\n<p style=\"text-align: center;\"><strong>Quelques objets fabriqu\u00e9s par la maison Marret et Jarry<br \/>\n(ou Marret et Jarry Fr\u00e8res?)<\/strong><\/p>\n<p style=\"text-align: center;\"><div id=\"metaslider-id-6830\" style=\"max-width: 540px; margin: 0 auto;\" class=\"ml-slider-3-105-0 metaslider metaslider-flex metaslider-6830 ml-slider ms-theme-default nav-hidden\" role=\"region\" aria-label=\"Marret et Jarry\" data-height=\"360\" data-width=\"540\">\n    <div id=\"metaslider_container_6830\">\n        <div id=\"metaslider_6830\" class=\"flexslider\">\n            <ul class='slides'>\n                <li style=\"display: block; width: 100%;\" class=\"slide-6836 ms-image \" aria-roledescription=\"slide\" data-date=\"2017-06-03 22:11:39\" data-filename=\"Marret-Jarry-Parure_wp-540x360.jpg\" data-slide-type=\"image\"><img loading=\"lazy\" decoding=\"async\" src=\"https:\/\/lesmarret.marret.co\/wp-content\/uploads\/2017\/06\/Marret-Jarry-Parure_wp-540x360.jpg\" height=\"360\" width=\"540\" alt=\"\" class=\"slider-6830 slide-6836 msDefaultImage\" \/><div class=\"caption-wrap\"><div class=\"caption\">Marret et Jarry - une parure<\/div><\/div><\/li>\n                <li style=\"display: none; width: 100%;\" class=\"slide-6851 ms-image \" aria-roledescription=\"slide\" data-date=\"2017-06-03 22:20:18\" data-filename=\"Marret-Jarry-Pendentif-2_wp-540x360.jpg\" data-slide-type=\"image\"><img loading=\"lazy\" decoding=\"async\" src=\"https:\/\/lesmarret.marret.co\/wp-content\/uploads\/2017\/06\/Marret-Jarry-Pendentif-2_wp-540x360.jpg\" height=\"360\" width=\"540\" alt=\"\" class=\"slider-6830 slide-6851 msDefaultImage\" \/><div class=\"caption-wrap\"><div class=\"caption\">Marret et Jarry - un pendentif <\/div><\/div><\/li>\n                <li style=\"display: none; width: 100%;\" class=\"slide-6839 ms-image \" aria-roledescription=\"slide\" data-date=\"2017-06-03 22:11:39\" data-filename=\"Marret-Jarry-Chatelaine_wp-540x360.jpg\" data-slide-type=\"image\"><img loading=\"lazy\" decoding=\"async\" src=\"https:\/\/lesmarret.marret.co\/wp-content\/uploads\/2017\/06\/Marret-Jarry-Chatelaine_wp-540x360.jpg\" height=\"360\" width=\"540\" alt=\"\" class=\"slider-6830 slide-6839 msDefaultImage\" \/><div class=\"caption-wrap\"><div class=\"caption\">Marret et Jarry - une chatelaine<\/div><\/div><\/li>\n                <li style=\"display: none; width: 100%;\" class=\"slide-6847 ms-image \" aria-roledescription=\"slide\" data-date=\"2017-06-03 22:11:40\" data-filename=\"Marret-Jarry-Broche-et-montre-02_wp-540x360.jpg\" data-slide-type=\"image\"><img loading=\"lazy\" decoding=\"async\" src=\"https:\/\/lesmarret.marret.co\/wp-content\/uploads\/2017\/06\/Marret-Jarry-Broche-et-montre-02_wp-540x360.jpg\" height=\"360\" width=\"540\" alt=\"\" class=\"slider-6830 slide-6847 msDefaultImage\" \/><div class=\"caption-wrap\"><div class=\"caption\">Marret et Jarry - une broche avec une montre<\/div><\/div><\/li>\n                <li style=\"display: none; width: 100%;\" class=\"slide-6843 ms-image \" aria-roledescription=\"slide\" data-date=\"2017-06-03 22:11:40\" data-filename=\"Marret-et-Jarry-Montre-1_wp-540x360.jpg\" data-slide-type=\"image\"><img loading=\"lazy\" decoding=\"async\" src=\"https:\/\/lesmarret.marret.co\/wp-content\/uploads\/2017\/06\/Marret-et-Jarry-Montre-1_wp-540x360.jpg\" height=\"360\" width=\"540\" alt=\"\" class=\"slider-6830 slide-6843 msDefaultImage\" \/><div class=\"caption-wrap\"><div class=\"caption\">Marret et Jarry - une montre<\/div><\/div><\/li>\n                <li style=\"display: none; width: 100%;\" class=\"slide-6842 ms-image \" aria-roledescription=\"slide\" data-date=\"2017-06-03 22:11:40\" data-filename=\"Marret-et-Jarry-Montre-remontoir-2_wp-540x360.jpg\" data-slide-type=\"image\"><img loading=\"lazy\" decoding=\"async\" src=\"https:\/\/lesmarret.marret.co\/wp-content\/uploads\/2017\/06\/Marret-et-Jarry-Montre-remontoir-2_wp-540x360.jpg\" height=\"360\" width=\"540\" alt=\"\" class=\"slider-6830 slide-6842 msDefaultImage\" \/><div class=\"caption-wrap\"><div class=\"caption\">Marret et Jarry - une montre<\/div><\/div><\/li>\n                <li style=\"display: none; width: 100%;\" class=\"slide-6849 ms-image \" aria-roledescription=\"slide\" data-date=\"2017-06-03 22:11:41\" data-filename=\"Marret-et-Jarry-N\u00e9cessaire-\u00e0-couture-2-12_wp-540x360.jpg\" data-slide-type=\"image\"><img loading=\"lazy\" decoding=\"async\" src=\"https:\/\/lesmarret.marret.co\/wp-content\/uploads\/2017\/06\/Marret-et-Jarry-N\u00e9cessaire-\u00e0-couture-2-12_wp-540x360.jpg\" height=\"360\" width=\"540\" alt=\"\" class=\"slider-6830 slide-6849 msDefaultImage\" \/><div class=\"caption-wrap\"><div class=\"caption\">Marret et Jarry - un n\u00e9cessaire \u00e0 couture<\/div><\/div><\/li>\n                <li style=\"display: none; width: 100%;\" class=\"slide-6834 ms-image \" aria-roledescription=\"slide\" data-date=\"2017-06-03 22:11:38\" data-filename=\"Marret-Jarry-Plats-prix-agricole_wp-540x360.jpg\" data-slide-type=\"image\"><img loading=\"lazy\" decoding=\"async\" src=\"https:\/\/lesmarret.marret.co\/wp-content\/uploads\/2017\/06\/Marret-Jarry-Plats-prix-agricole_wp-540x360.jpg\" height=\"360\" width=\"540\" alt=\"\" class=\"slider-6830 slide-6834 msDefaultImage\" \/><div class=\"caption-wrap\"><div class=\"caption\">Marret et Jarry - des plats<\/div><\/div><\/li>\n                <li style=\"display: none; width: 100%;\" class=\"slide-6841 ms-image \" aria-roledescription=\"slide\" data-date=\"2017-06-03 22:11:39\" data-filename=\"Marret-et-Jarry-Plats-2_wp-540x360.jpg\" data-slide-type=\"image\"><img loading=\"lazy\" decoding=\"async\" src=\"https:\/\/lesmarret.marret.co\/wp-content\/uploads\/2017\/06\/Marret-et-Jarry-Plats-2_wp-540x360.jpg\" height=\"360\" width=\"540\" alt=\"\" class=\"slider-6830 slide-6841 msDefaultImage\" \/><div class=\"caption-wrap\"><div class=\"caption\">Marret et Jarry - des plats ronds<\/div><\/div><\/li>\n                <li style=\"display: none; width: 100%;\" class=\"slide-6845 ms-image \" aria-roledescription=\"slide\" data-date=\"2017-06-03 22:11:40\" data-filename=\"Marret-et-Jarry-L\u00e9gumier_wp-540x360.jpg\" data-slide-type=\"image\"><img loading=\"lazy\" decoding=\"async\" src=\"https:\/\/lesmarret.marret.co\/wp-content\/uploads\/2017\/06\/Marret-et-Jarry-L\u00e9gumier_wp-540x360.jpg\" height=\"360\" width=\"540\" alt=\"\" class=\"slider-6830 slide-6845 msDefaultImage\" \/><div class=\"caption-wrap\"><div class=\"caption\">Marret et Jarry - un l\u00e9gumier<\/div><\/div><\/li>\n                <li style=\"display: none; width: 100%;\" class=\"slide-6844 ms-image \" aria-roledescription=\"slide\" data-date=\"2017-06-03 22:11:40\" data-filename=\"Marret-et-Jarry-M\u00e9nag\u00e8re-2-1_wp-540x360.jpg\" data-slide-type=\"image\"><img loading=\"lazy\" decoding=\"async\" src=\"https:\/\/lesmarret.marret.co\/wp-content\/uploads\/2017\/06\/Marret-et-Jarry-M\u00e9nag\u00e8re-2-1_wp-540x360.jpg\" height=\"360\" width=\"540\" alt=\"\" class=\"slider-6830 slide-6844 msDefaultImage\" \/><div class=\"caption-wrap\"><div class=\"caption\">Marret et Jarry - des couverts<\/div><\/div><\/li>\n                <li style=\"display: none; width: 100%;\" class=\"slide-6837 ms-image \" aria-roledescription=\"slide\" data-date=\"2017-06-03 22:11:39\" data-filename=\"Marret-Jarry-Couteaux-1-12_wp-540x360.jpg\" data-slide-type=\"image\"><img loading=\"lazy\" decoding=\"async\" src=\"https:\/\/lesmarret.marret.co\/wp-content\/uploads\/2017\/06\/Marret-Jarry-Couteaux-1-12_wp-540x360.jpg\" height=\"360\" width=\"540\" alt=\"\" class=\"slider-6830 slide-6837 msDefaultImage\" \/><div class=\"caption-wrap\"><div class=\"caption\">Marret et Jarry - des couteaux<\/div><\/div><\/li>\n                <li style=\"display: none; width: 100%;\" class=\"slide-6846 ms-image \" aria-roledescription=\"slide\" data-date=\"2017-06-03 22:11:40\" data-filename=\"Marret-Jarry-Couteaux-2-01_wp-540x360.jpg\" data-slide-type=\"image\"><img loading=\"lazy\" decoding=\"async\" src=\"https:\/\/lesmarret.marret.co\/wp-content\/uploads\/2017\/06\/Marret-Jarry-Couteaux-2-01_wp-540x360.jpg\" height=\"360\" width=\"540\" alt=\"\" class=\"slider-6830 slide-6846 msDefaultImage\" \/><div class=\"caption-wrap\"><div class=\"caption\">Marret et Jarry - des couteaux<\/div><\/div><\/li>\n                <li style=\"display: none; width: 100%;\" class=\"slide-6833 ms-image \" aria-roledescription=\"slide\" data-date=\"2017-06-03 22:11:38\" data-filename=\"Marret-Jarry-Pot-\u00e0-lait_wp-540x360.jpg\" data-slide-type=\"image\"><img loading=\"lazy\" decoding=\"async\" src=\"https:\/\/lesmarret.marret.co\/wp-content\/uploads\/2017\/06\/Marret-Jarry-Pot-\u00e0-lait_wp-540x360.jpg\" height=\"360\" width=\"540\" alt=\"\" class=\"slider-6830 slide-6833 msDefaultImage\" \/><div class=\"caption-wrap\"><div class=\"caption\">Marret et Jarry - une carafe et un gobelet<\/div><\/div><\/li>\n                <li style=\"display: none; width: 100%;\" class=\"slide-6848 ms-image \" aria-roledescription=\"slide\" data-date=\"2017-06-03 22:11:40\" data-filename=\"Marret-Jarry-Verseuse-3-01_wp--540x360.jpg\" data-slide-type=\"image\"><img loading=\"lazy\" decoding=\"async\" src=\"https:\/\/lesmarret.marret.co\/wp-content\/uploads\/2017\/06\/Marret-Jarry-Verseuse-3-01_wp--540x360.jpg\" height=\"360\" width=\"540\" alt=\"\" class=\"slider-6830 slide-6848 msDefaultImage\" \/><div class=\"caption-wrap\"><div class=\"caption\">Marret et Jarry - une verseuse<\/div><\/div><\/li>\n                <li style=\"display: none; width: 100%;\" class=\"slide-6832 ms-image \" aria-roledescription=\"slide\" data-date=\"2017-06-03 22:11:38\" data-filename=\"Marret-Jarry-Service-\u00e0-th\u00e9_wp-540x360.jpg\" data-slide-type=\"image\"><img loading=\"lazy\" decoding=\"async\" src=\"https:\/\/lesmarret.marret.co\/wp-content\/uploads\/2017\/06\/Marret-Jarry-Service-\u00e0-th\u00e9_wp-540x360.jpg\" height=\"360\" width=\"540\" alt=\"\" class=\"slider-6830 slide-6832 msDefaultImage\" \/><div class=\"caption-wrap\"><div class=\"caption\">Marret et Jarry - un service \u00e0 th\u00e9<\/div><\/div><\/li>\n                <li style=\"display: none; width: 100%;\" class=\"slide-6840 ms-image \" aria-roledescription=\"slide\" data-date=\"2017-06-03 22:11:39\" data-filename=\"Marret-et-Jarry-Tisani\u00e8re_wp-540x360.jpg\" data-slide-type=\"image\"><img loading=\"lazy\" decoding=\"async\" src=\"https:\/\/lesmarret.marret.co\/wp-content\/uploads\/2017\/06\/Marret-et-Jarry-Tisani\u00e8re_wp-540x360.jpg\" height=\"360\" width=\"540\" alt=\"\" class=\"slider-6830 slide-6840 msDefaultImage\" \/><div class=\"caption-wrap\"><div class=\"caption\">Marret et Jarry - une tisani\u00e8re<\/div><\/div><\/li>\n                <li style=\"display: none; width: 100%;\" class=\"slide-6831 ms-image \" aria-roledescription=\"slide\" data-date=\"2017-06-03 22:11:38\" data-filename=\"Marret-Jarry-Sucrier-2-1_wp-540x360.jpg\" data-slide-type=\"image\"><img loading=\"lazy\" decoding=\"async\" src=\"https:\/\/lesmarret.marret.co\/wp-content\/uploads\/2017\/06\/Marret-Jarry-Sucrier-2-1_wp-540x360.jpg\" height=\"360\" width=\"540\" alt=\"\" class=\"slider-6830 slide-6831 msDefaultImage\" \/><div class=\"caption-wrap\"><div class=\"caption\">Marret et Jarry - un sucrier<\/div><\/div><\/li>\n                <li style=\"display: none; width: 100%;\" class=\"slide-6838 ms-image \" aria-roledescription=\"slide\" data-date=\"2017-06-03 22:11:39\" data-filename=\"Marret-Jarry-Chauffe-cognac_wp-540x360.jpg\" data-slide-type=\"image\"><img loading=\"lazy\" decoding=\"async\" src=\"https:\/\/lesmarret.marret.co\/wp-content\/uploads\/2017\/06\/Marret-Jarry-Chauffe-cognac_wp-540x360.jpg\" height=\"360\" width=\"540\" alt=\"\" class=\"slider-6830 slide-6838 msDefaultImage\" \/><div class=\"caption-wrap\"><div class=\"caption\">Marret et Jarry - un chauffe cognac<\/div><\/div><\/li>\n            <\/ul>\n        <\/div>\n        \n    <\/div>\n<\/div><\/p>\n<h2 style=\"text-align: center;\"><span style=\"font-size: 12pt;\"><strong><span style=\"margin: 0px; line-height: 115%; font-family: 'Georgia','serif'; font-size: 12pt;\"><span style=\"color: #000000;\">Expositions<\/span><\/span><\/strong><\/span><\/h2>\n<p><u><span style=\"margin: 0px; line-height: 115%; font-family: 'Georgia','serif'; font-size: 12pt;\"><span style=\"color: #000000;\">1878 \u2013 Exposition<\/span><\/span><\/u><\/p>\n<p style=\"padding-left: 30px;\"><span style=\"margin: 0px; line-height: 115%; font-family: 'Georgia','serif'; font-size: 12pt;\"><span style=\"color: #000000;\">&nbsp;<\/span><\/span><span style=\"margin: 0px; line-height: 115%; font-family: 'Georgia','serif'; font-size: 12pt;\"><span style=\"color: #000000;\">M\u00e9daille d\u2019or<\/span><\/span><\/p>\n<p style=\"text-align: right;\"><span style=\"font-size: 10pt;\"><em><span style=\"margin: 0px; line-height: 115%; font-family: 'Georgia','serif';\"><span style=\"color: #000000;\">Source : Champier, Victor. L\u2019ann\u00e9e artistique, ann\u00e9e 1878. Paris, 1879.<\/span><\/span><\/em><\/span><\/p>\n","protected":false},"excerpt":{"rendered":"<p>Henri Vever, dans son livre quasi encyclop\u00e9dique La bijouterie fran\u00e7aise au XIXe si\u00e8cle ne fait aucune r\u00e9f\u00e9rence \u00e0 une soci\u00e9t\u00e9 Marret &amp; Jarry\u2026 Pourtant, l\u2019on trouve quelques mentions de celle-ci dans des documents et une marque sp\u00e9cifique appara\u00eet sur plusieurs &hellip; <a href=\"https:\/\/lesmarret.marret.co\/index.php\/les-marret-bijoutiers\/marret-et-jarry\/\">Continuer la lecture <span class=\"meta-nav\">&rarr;<\/span><\/a><\/p>\n","protected":false},"author":1,"featured_media":0,"parent":5629,"menu_order":0,"comment_status":"closed","ping_status":"closed","template":"","meta":{"_monsterinsights_skip_tracking":false,"_monsterinsights_sitenote_active":false,"_monsterinsights_sitenote_note":"","_monsterinsights_sitenote_category":0,"ngg_post_thumbnail":0,"footnotes":""},"class_list":["post-6675","page","type-page","status-publish","hentry"],"aioseo_notices":[],"_links":{"self":[{"href":"https:\/\/lesmarret.marret.co\/index.php\/wp-json\/wp\/v2\/pages\/6675","targetHints":{"allow":["GET"]}}],"collection":[{"href":"https:\/\/lesmarret.marret.co\/index.php\/wp-json\/wp\/v2\/pages"}],"about":[{"href":"https:\/\/lesmarret.marret.co\/index.php\/wp-json\/wp\/v2\/types\/page"}],"author":[{"embeddable":true,"href":"https:\/\/lesmarret.marret.co\/index.php\/wp-json\/wp\/v2\/users\/1"}],"replies":[{"embeddable":true,"href":"https:\/\/lesmarret.marret.co\/index.php\/wp-json\/wp\/v2\/comments?post=6675"}],"version-history":[{"count":0,"href":"https:\/\/lesmarret.marret.co\/index.php\/wp-json\/wp\/v2\/pages\/6675\/revisions"}],"up":[{"embeddable":true,"href":"https:\/\/lesmarret.marret.co\/index.php\/wp-json\/wp\/v2\/pages\/5629"}],"wp:attachment":[{"href":"https:\/\/lesmarret.marret.co\/index.php\/wp-json\/wp\/v2\/media?parent=6675"}],"curies":[{"name":"wp","href":"https:\/\/api.w.org\/{rel}","templated":true}]}}