{"id":6883,"date":"2017-06-09T00:07:17","date_gmt":"2017-06-08T23:07:17","guid":{"rendered":"http:\/\/lesmarret.marret.co\/?page_id=6883"},"modified":"2017-06-09T00:07:17","modified_gmt":"2017-06-08T23:07:17","slug":"benier-et-marret-freres","status":"publish","type":"page","link":"https:\/\/lesmarret.marret.co\/index.php\/les-marret-bijoutiers\/benier-et-marret-freres\/","title":{"rendered":"B\u00e9nier et Marret Fr\u00e8res"},"content":{"rendered":"<p>Hippolyte Marret (1804-1883) et Charles Marret (1807-1846) ont probablement appris leur m\u00e9tier aux c\u00f4t\u00e9s de Claude-Andr\u00e9 B\u00e9nier, alors que celui-ci dirige sa fabrique de bijouterie, 10 rue Vivienne.<\/p>\n<p><a href=\"https:\/\/lesmarret.marret.co\/wp-content\/uploads\/2017\/06\/1829-R\u00e9pertoire-du-commerce-de-Paris-p247a_wp.jpg\"><img loading=\"lazy\" decoding=\"async\" width=\"308\" height=\"37\" class=\"wp-image-6926 alignright\" alt=\"\" src=\"https:\/\/lesmarret.marret.co\/wp-content\/uploads\/2017\/06\/1829-R\u00e9pertoire-du-commerce-de-Paris-p247a_wp.jpg\" data-wp-pid=\"6926\" srcset=\"https:\/\/lesmarret.marret.co\/wp-content\/uploads\/2017\/06\/1829-R\u00e9pertoire-du-commerce-de-Paris-p247a_wp.jpg 591w, https:\/\/lesmarret.marret.co\/wp-content\/uploads\/2017\/06\/1829-R\u00e9pertoire-du-commerce-de-Paris-p247a_wp-300x36.jpg 300w\" sizes=\"auto, (max-width: 308px) 100vw, 308px\" \/><\/a>En f\u00e9vrier 1826, tous les trois s\u2019associent \u00ab&nbsp;pour l\u2019exploitation de la fabrique et du commerce de bijouterie&nbsp;\u00bb dans la maison&nbsp;<strong><em>B\u00e9nier et Marret Fr\u00e8res<\/em><\/strong>.<\/p>\n<p>Claude-Andr\u00e9 B\u00e9nier se retire en 1829, mais il continue \u00e0 aider financi\u00e8rement les fr\u00e8res Marret pendant plusieurs ann\u00e9es. Lorsqu\u2019Hippolyte Marret se retrouve tout seul, en 1834, il le soutient encore dans le cadre d\u2019une soci\u00e9t\u00e9 en commandite op\u00e9r\u00e9e sous la raison sociale <em>Hippolyte Marret<\/em>.<\/p>\n<p align=\"center\"><span style=\"color: #000000;\">~~~~~~~<\/span><\/p>\n<p style=\"padding-left: 30px;\"><span lang=\"FR-CA\">\u00ab&nbsp;En 1810, <em>B\u00e9nier et Rondelet<\/em> avaient fond\u00e9, cour des Fontaines n\u00ba&nbsp;1, une fabrique de bijouterie que B\u00e9nier transf\u00e9ra, en 1822, 10 rue Vivienne. Quelques ann\u00e9es plus tard, en 1826, B\u00e9nier s\u2019associa les deux fr\u00e8res Hippolyte et Charles Marret, et la maison prit alors le nom de <em>B\u00e9nier et Marret Fr\u00e8res<\/em> jusqu\u2019en 1829, \u00e9poque \u00e0 laquelle B\u00e9nier se retira compl\u00e8tement. Les deux fr\u00e8res Marret rest\u00e8rent, sous la raison sociale <em>Marret Fr\u00e8res<\/em>.&nbsp;\u00bb<\/span><\/p>\n<p align=\"right\"><span style=\"font-size: 10pt;\"><em><span style=\"color: #000000;\">Source&nbsp;: Vever, Henri. La bijouterie fran\u00e7aise au XIXe si\u00e8cle, vol.&nbsp;3, p.&nbsp;356.<\/span><\/em><\/span><\/p>\n","protected":false},"excerpt":{"rendered":"<p>Hippolyte Marret (1804-1883) et Charles Marret (1807-1846) ont probablement appris leur m\u00e9tier aux c\u00f4t\u00e9s de Claude-Andr\u00e9 B\u00e9nier, alors que celui-ci dirige sa fabrique de bijouterie, 10 rue Vivienne. En f\u00e9vrier 1826, tous les trois s\u2019associent \u00ab&nbsp;pour l\u2019exploitation de la fabrique &hellip; <a href=\"https:\/\/lesmarret.marret.co\/index.php\/les-marret-bijoutiers\/benier-et-marret-freres\/\">Continuer la lecture <span class=\"meta-nav\">&rarr;<\/span><\/a><\/p>\n","protected":false},"author":1,"featured_media":0,"parent":5629,"menu_order":0,"comment_status":"closed","ping_status":"closed","template":"","meta":{"_monsterinsights_skip_tracking":false,"_monsterinsights_sitenote_active":false,"_monsterinsights_sitenote_note":"","_monsterinsights_sitenote_category":0,"ngg_post_thumbnail":0,"footnotes":""},"class_list":["post-6883","page","type-page","status-publish","hentry"],"aioseo_notices":[],"_links":{"self":[{"href":"https:\/\/lesmarret.marret.co\/index.php\/wp-json\/wp\/v2\/pages\/6883","targetHints":{"allow":["GET"]}}],"collection":[{"href":"https:\/\/lesmarret.marret.co\/index.php\/wp-json\/wp\/v2\/pages"}],"about":[{"href":"https:\/\/lesmarret.marret.co\/index.php\/wp-json\/wp\/v2\/types\/page"}],"author":[{"embeddable":true,"href":"https:\/\/lesmarret.marret.co\/index.php\/wp-json\/wp\/v2\/users\/1"}],"replies":[{"embeddable":true,"href":"https:\/\/lesmarret.marret.co\/index.php\/wp-json\/wp\/v2\/comments?post=6883"}],"version-history":[{"count":0,"href":"https:\/\/lesmarret.marret.co\/index.php\/wp-json\/wp\/v2\/pages\/6883\/revisions"}],"up":[{"embeddable":true,"href":"https:\/\/lesmarret.marret.co\/index.php\/wp-json\/wp\/v2\/pages\/5629"}],"wp:attachment":[{"href":"https:\/\/lesmarret.marret.co\/index.php\/wp-json\/wp\/v2\/media?parent=6883"}],"curies":[{"name":"wp","href":"https:\/\/api.w.org\/{rel}","templated":true}]}}