{"id":6889,"date":"2017-06-06T03:20:25","date_gmt":"2017-06-06T02:20:25","guid":{"rendered":"http:\/\/lesmarret.marret.co\/?page_id=6889"},"modified":"2017-08-02T17:24:29","modified_gmt":"2017-08-02T16:24:29","slug":"justin-marret-fabricant-dordres","status":"publish","type":"page","link":"https:\/\/lesmarret.marret.co\/index.php\/les-marret-bijoutiers\/justin-marret-fabricant-dordres\/","title":{"rendered":"Justin Marret, fabricant d&rsquo;ordres"},"content":{"rendered":"<p>Comme tous ses fr\u00e8res, <strong>Justin Marret<\/strong> (1803-1844) fait carri\u00e8re dans le monde de la bijouterie-joaillerie-orf\u00e8vrerie. Il travaille ainsi chez Peck-Olivier, un orf\u00e8vre fort sp\u00e9cialis\u00e9 qui se consacre \u00e0 la fabrication des d\u00e9corations des ordres fran\u00e7ais et \u00e9trangers.<\/p>\n<blockquote><p>Le \u00ab&nbsp;fabricant d\u2019ordre&nbsp;\u00bb doit \u00eatre dot\u00e9 d\u2019un grand savoir-faire&nbsp;: il lui faut \u00e9videmment \u00eatre capable de respecter les r\u00e8gles et les statuts qui lui sont impos\u00e9s par les ordres quant aux formes, dimensions et sp\u00e9cificit\u00e9s de ces d\u00e9corations. Lorsqu\u2019il s\u2019agit de d\u00e9corations ordinaires, il pourra avoir \u00e0 concevoir un outillage pr\u00e9cis lui permettant de les produire en s\u00e9rie&nbsp;; \u00e0 l\u2019inverse, lorsqu\u2019il s\u2019agira de pi\u00e8ces quasi uniques, hautement symboliques et fort sophistiqu\u00e9es, il devra montrer son talent, voire sa cr\u00e9ativit\u00e9.<\/p><\/blockquote>\n<p style=\"text-align: center;\">En 1836, Justin Marret remplace Peck-Olivier dans l\u2019\u00e9tablissement du Palais-Royal&#8230;<\/p>\n<p><a href=\"https:\/\/lesmarret.marret.co\/wp-content\/uploads\/2017\/05\/1837-Almanach-du-commerce-de-Paris-p18_wp.jpg\"><img loading=\"lazy\" decoding=\"async\" width=\"418\" height=\"58\" class=\"wp-image-6405 alignleft\" alt=\"\" src=\"https:\/\/lesmarret.marret.co\/wp-content\/uploads\/2017\/05\/1837-Almanach-du-commerce-de-Paris-p18_wp.jpg\" data-wp-pid=\"6405\" srcset=\"https:\/\/lesmarret.marret.co\/wp-content\/uploads\/2017\/05\/1837-Almanach-du-commerce-de-Paris-p18_wp.jpg 591w, https:\/\/lesmarret.marret.co\/wp-content\/uploads\/2017\/05\/1837-Almanach-du-commerce-de-Paris-p18_wp-300x42.jpg 300w\" sizes=\"auto, (max-width: 418px) 100vw, 418px\" \/><\/a><span style=\"font-size: 10pt;\">Almanach du commerce de Paris, des d\u00e9partemens&#8230; (1837)<\/span><\/p>\n<p>&nbsp;<\/p>\n<p><a href=\"https:\/\/lesmarret.marret.co\/wp-content\/uploads\/2017\/06\/Marret-Justin-M\u00e9daille-2-5-05_wp.jpg\"><img loading=\"lazy\" decoding=\"async\" width=\"300\" height=\"212\" class=\"wp-image-6902 aligncenter\" alt=\"\" src=\"https:\/\/lesmarret.marret.co\/wp-content\/uploads\/2017\/06\/Marret-Justin-M\u00e9daille-2-5-05_wp.jpg\" data-wp-pid=\"6902\" srcset=\"https:\/\/lesmarret.marret.co\/wp-content\/uploads\/2017\/06\/Marret-Justin-M\u00e9daille-2-5-05_wp.jpg 591w, https:\/\/lesmarret.marret.co\/wp-content\/uploads\/2017\/06\/Marret-Justin-M\u00e9daille-2-5-05_wp-300x212.jpg 300w\" sizes=\"auto, (max-width: 300px) 100vw, 300px\" \/><\/a><\/p>\n<p>&nbsp;<\/p>\n<p>Justin Marret&nbsp;n\u2019y \u0153uvre cependant que quelques ann\u00e9es, d\u00e9c\u00e9dant en f\u00e9vrier 1844.<\/p>\n<p><a href=\"https:\/\/lesmarret.marret.co\/wp-content\/uploads\/2017\/06\/Marret-Justin-M\u00e9daille-2_wp.jpg\"><img loading=\"lazy\" decoding=\"async\" width=\"285\" height=\"291\" class=\" wp-image-6891\" alt=\"\" src=\"https:\/\/lesmarret.marret.co\/wp-content\/uploads\/2017\/06\/Marret-Justin-M\u00e9daille-2_wp.jpg\" data-wp-pid=\"6891\" srcset=\"https:\/\/lesmarret.marret.co\/wp-content\/uploads\/2017\/06\/Marret-Justin-M\u00e9daille-2_wp.jpg 867w, https:\/\/lesmarret.marret.co\/wp-content\/uploads\/2017\/06\/Marret-Justin-M\u00e9daille-2_wp-294x300.jpg 294w, https:\/\/lesmarret.marret.co\/wp-content\/uploads\/2017\/06\/Marret-Justin-M\u00e9daille-2_wp-768x785.jpg 768w, https:\/\/lesmarret.marret.co\/wp-content\/uploads\/2017\/06\/Marret-Justin-M\u00e9daille-2_wp-800x818.jpg 800w, https:\/\/lesmarret.marret.co\/wp-content\/uploads\/2017\/06\/Marret-Justin-M\u00e9daille-2_wp-587x600.jpg 587w\" sizes=\"auto, (max-width: 285px) 100vw, 285px\" \/><\/a>&nbsp;&nbsp;&nbsp;&nbsp;&nbsp; &nbsp;<a href=\"https:\/\/lesmarret.marret.co\/wp-content\/uploads\/2017\/06\/M\u00e9daille-Justin-Marret-01_wp.jpg\"><img loading=\"lazy\" decoding=\"async\" width=\"249\" height=\"295\" class=\" wp-image-6892\" alt=\"\" src=\"https:\/\/lesmarret.marret.co\/wp-content\/uploads\/2017\/06\/M\u00e9daille-Justin-Marret-01_wp.jpg\" data-wp-pid=\"6892\" srcset=\"https:\/\/lesmarret.marret.co\/wp-content\/uploads\/2017\/06\/M\u00e9daille-Justin-Marret-01_wp.jpg 747w, https:\/\/lesmarret.marret.co\/wp-content\/uploads\/2017\/06\/M\u00e9daille-Justin-Marret-01_wp-253x300.jpg 253w, https:\/\/lesmarret.marret.co\/wp-content\/uploads\/2017\/06\/M\u00e9daille-Justin-Marret-01_wp-506x600.jpg 506w\" sizes=\"auto, (max-width: 249px) 100vw, 249px\" \/><\/a><\/p>\n<p><span style=\"font-size: 10pt;\">&nbsp;&nbsp;&nbsp; M\u00e9daille de l&rsquo;Ordre de l&rsquo;Aigle rouge (Prusse)&nbsp;&nbsp;&nbsp;&nbsp;&nbsp;&nbsp;&nbsp;&nbsp; M\u00e9daille de <a href=\"http:\/\/www.omsd.dk\/DanishOrders\/en\/OrderDannebrog_en.aspx\" target=\"_blank\" rel=\"noopener noreferrer\">l&rsquo;Ordre de Dannebrog<\/a> (Danemark)<br \/>\n<\/span><span style=\"font-size: 10pt;\">&nbsp; &nbsp; &nbsp; &nbsp; &nbsp; &nbsp; &nbsp; &nbsp; &nbsp; &nbsp; &nbsp; &nbsp; &nbsp; &nbsp; &nbsp; &nbsp; &nbsp; &nbsp; &nbsp; &nbsp; &nbsp; &nbsp; &nbsp; &nbsp; &nbsp; &nbsp; &nbsp; &nbsp; &nbsp; &nbsp; &nbsp; &nbsp;&nbsp; <span style=\"font-size: 12pt;\">R\u00e9alisations de Justin Marret<\/span><br \/>\n<\/span><\/p>\n<p>Apr\u00e8s la mort de Justin Marret, Ang\u00e9lique Besse (1803-1887), son \u00e9pouse, d\u00e9cide de prendre la suite. Elle s\u2019associe \u00e0 Esprit-Prudent Jean Philippe Renon et \u00e0 Julie Fanny Breton (la femme de celui-ci), dans une soci\u00e9t\u00e9 en commandite qui prend le nom de <em>Renon et C<sup>ie<\/sup><\/em>. Ladite soci\u00e9t\u00e9 est dissoute en octobre 1846.<\/p>\n<p>Hippolyte Marret (1804-1883), fr\u00e8re de Justin Marret, rach\u00e8te ult\u00e9rieurement le fonds de commerce et l\u2019incorpore dans la maison <a href=\"https:\/\/lesmarret.marret.co\/index.php\/les-marret-bijoutiers\/marret-et-jarry-freres\/\"><em>Marret et Jarry Fr\u00e8res<\/em><\/a>.<\/p>\n","protected":false},"excerpt":{"rendered":"<p>Comme tous ses fr\u00e8res, Justin Marret (1803-1844) fait carri\u00e8re dans le monde de la bijouterie-joaillerie-orf\u00e8vrerie. Il travaille ainsi chez Peck-Olivier, un orf\u00e8vre fort sp\u00e9cialis\u00e9 qui se consacre \u00e0 la fabrication des d\u00e9corations des ordres fran\u00e7ais et \u00e9trangers. Le \u00ab&nbsp;fabricant d\u2019ordre&nbsp;\u00bb &hellip; <a href=\"https:\/\/lesmarret.marret.co\/index.php\/les-marret-bijoutiers\/justin-marret-fabricant-dordres\/\">Continuer la lecture <span class=\"meta-nav\">&rarr;<\/span><\/a><\/p>\n","protected":false},"author":1,"featured_media":0,"parent":5629,"menu_order":0,"comment_status":"closed","ping_status":"closed","template":"","meta":{"_monsterinsights_skip_tracking":false,"_monsterinsights_sitenote_active":false,"_monsterinsights_sitenote_note":"","_monsterinsights_sitenote_category":0,"ngg_post_thumbnail":0,"footnotes":""},"class_list":["post-6889","page","type-page","status-publish","hentry"],"aioseo_notices":[],"_links":{"self":[{"href":"https:\/\/lesmarret.marret.co\/index.php\/wp-json\/wp\/v2\/pages\/6889","targetHints":{"allow":["GET"]}}],"collection":[{"href":"https:\/\/lesmarret.marret.co\/index.php\/wp-json\/wp\/v2\/pages"}],"about":[{"href":"https:\/\/lesmarret.marret.co\/index.php\/wp-json\/wp\/v2\/types\/page"}],"author":[{"embeddable":true,"href":"https:\/\/lesmarret.marret.co\/index.php\/wp-json\/wp\/v2\/users\/1"}],"replies":[{"embeddable":true,"href":"https:\/\/lesmarret.marret.co\/index.php\/wp-json\/wp\/v2\/comments?post=6889"}],"version-history":[{"count":0,"href":"https:\/\/lesmarret.marret.co\/index.php\/wp-json\/wp\/v2\/pages\/6889\/revisions"}],"up":[{"embeddable":true,"href":"https:\/\/lesmarret.marret.co\/index.php\/wp-json\/wp\/v2\/pages\/5629"}],"wp:attachment":[{"href":"https:\/\/lesmarret.marret.co\/index.php\/wp-json\/wp\/v2\/media?parent=6889"}],"curies":[{"name":"wp","href":"https:\/\/api.w.org\/{rel}","templated":true}]}}