{"id":7080,"date":"2017-06-21T23:53:27","date_gmt":"2017-06-21T22:53:27","guid":{"rendered":"http:\/\/lesmarret.marret.co\/?page_id=7080"},"modified":"2017-06-22T00:14:21","modified_gmt":"2017-06-21T23:14:21","slug":"henri-marret-lillustrateur","status":"publish","type":"page","link":"https:\/\/lesmarret.marret.co\/index.php\/les-descendants-de-pierre-marret-lancetre-de-tourzel\/henri-marret\/henri-marret-lillustrateur\/","title":{"rendered":"Henri Marret &#8211; L&rsquo;Illustrateur"},"content":{"rendered":"<p>Henri Marret a illustr\u00e9, avec des dessins originaux, plusieurs livres&#8230;<\/p>\n<p><a href=\"https:\/\/lesmarret.marret.co\/wp-content\/uploads\/2017\/06\/Marret-Henri-Le-soldat-de-Fernand-Cortez-Livre-1929-c00_wp.jpg\"><img loading=\"lazy\" decoding=\"async\" width=\"154\" height=\"250\" class=\"wp-image-7004 alignright\" alt=\"\" src=\"https:\/\/lesmarret.marret.co\/wp-content\/uploads\/2017\/06\/Marret-Henri-Le-soldat-de-Fernand-Cortez-Livre-1929-c00_wp.jpg\" data-wp-pid=\"7004\" srcset=\"https:\/\/lesmarret.marret.co\/wp-content\/uploads\/2017\/06\/Marret-Henri-Le-soldat-de-Fernand-Cortez-Livre-1929-c00_wp.jpg 547w, https:\/\/lesmarret.marret.co\/wp-content\/uploads\/2017\/06\/Marret-Henri-Le-soldat-de-Fernand-Cortez-Livre-1929-c00_wp-185x300.jpg 185w, https:\/\/lesmarret.marret.co\/wp-content\/uploads\/2017\/06\/Marret-Henri-Le-soldat-de-Fernand-Cortez-Livre-1929-c00_wp-370x600.jpg 370w\" sizes=\"auto, (max-width: 154px) 100vw, 154px\" \/><br \/>\n<\/a><\/p>\n<p style=\"padding-left: 30px;\">Cudlipp, M.-Th. <strong>Le soldat de Fernand Cortez<\/strong>.<\/p>\n<p style=\"padding-left: 30px;\">Pr\u00e9face de M. Louis Bertrand, de l\u2019Acad\u00e9mie Fran\u00e7aise. Illustrations de Henri Marret. De la collection \u00ab&nbsp;<em>Des fleurs et des fruits&nbsp;<\/em>: Biblioth\u00e8que pour les jeunes \/ dirig\u00e9e par l&rsquo;abb\u00e9 F\u00e9lix Klein&nbsp;\u00bb. 205&nbsp;p., couverture illustr\u00e9e. Paris, \u00c9ditions Spes. 1929.<\/p>\n<p>&nbsp;<\/p>\n<p><a href=\"https:\/\/lesmarret.marret.co\/wp-content\/uploads\/2017\/06\/Marret-Henri-Le-marin-Livre-1943-c00_wp.jpg\"><img loading=\"lazy\" decoding=\"async\" width=\"184\" height=\"250\" class=\"wp-image-6984 alignleft\" alt=\"\" src=\"https:\/\/lesmarret.marret.co\/wp-content\/uploads\/2017\/06\/Marret-Henri-Le-marin-Livre-1943-c00_wp.jpg\" data-wp-pid=\"6984\" srcset=\"https:\/\/lesmarret.marret.co\/wp-content\/uploads\/2017\/06\/Marret-Henri-Le-marin-Livre-1943-c00_wp.jpg 650w, https:\/\/lesmarret.marret.co\/wp-content\/uploads\/2017\/06\/Marret-Henri-Le-marin-Livre-1943-c00_wp-220x300.jpg 220w, https:\/\/lesmarret.marret.co\/wp-content\/uploads\/2017\/06\/Marret-Henri-Le-marin-Livre-1943-c00_wp-440x600.jpg 440w, https:\/\/lesmarret.marret.co\/wp-content\/uploads\/2017\/06\/Marret-Henri-Le-marin-Livre-1943-c00_wp-330x450.jpg 330w, https:\/\/lesmarret.marret.co\/wp-content\/uploads\/2017\/06\/Marret-Henri-Le-marin-Livre-1943-c00_wp-275x375.jpg 275w\" sizes=\"auto, (max-width: 184px) 100vw, 184px\" \/><\/a><\/p>\n<p>&nbsp;<\/p>\n<p>Barjon, Louis. <strong>Le marin<\/strong>.<\/p>\n<p>Textes choisis et pr\u00e9sent\u00e9s par Louis Barjon. Illustrations de Henri Marret. De la collection \u00ab&nbsp;<em>Nos beaux m\u00e9tiers par les textes<\/em>&nbsp;\u00bb. In-8<sup>o<\/sup> (225&nbsp;x&nbsp;165), 353&nbsp;p., couverture illustr\u00e9e. Le Puy, \u00c9ditions Mappus. 1944.<\/p>\n<p>&nbsp;<\/p>\n<p><a href=\"https:\/\/lesmarret.marret.co\/wp-content\/uploads\/2017\/06\/Marret-Henri-Le-missionnaire-Livre-1946-c00_wp.jpg\"><img loading=\"lazy\" decoding=\"async\" width=\"184\" height=\"251\" class=\"wp-image-6995 alignright\" alt=\"\" src=\"https:\/\/lesmarret.marret.co\/wp-content\/uploads\/2017\/06\/Marret-Henri-Le-missionnaire-Livre-1946-c00_wp.jpg\" data-wp-pid=\"6995\" srcset=\"https:\/\/lesmarret.marret.co\/wp-content\/uploads\/2017\/06\/Marret-Henri-Le-missionnaire-Livre-1946-c00_wp.jpg 650w, https:\/\/lesmarret.marret.co\/wp-content\/uploads\/2017\/06\/Marret-Henri-Le-missionnaire-Livre-1946-c00_wp-220x300.jpg 220w, https:\/\/lesmarret.marret.co\/wp-content\/uploads\/2017\/06\/Marret-Henri-Le-missionnaire-Livre-1946-c00_wp-440x600.jpg 440w, https:\/\/lesmarret.marret.co\/wp-content\/uploads\/2017\/06\/Marret-Henri-Le-missionnaire-Livre-1946-c00_wp-330x450.jpg 330w, https:\/\/lesmarret.marret.co\/wp-content\/uploads\/2017\/06\/Marret-Henri-Le-missionnaire-Livre-1946-c00_wp-275x375.jpg 275w\" sizes=\"auto, (max-width: 184px) 100vw, 184px\" \/><\/a><\/p>\n<p>&nbsp;<\/p>\n<p style=\"padding-left: 30px;\">Barjon, Louis et A. Retif.<strong> Le missionnaire.<\/strong><\/p>\n<p style=\"padding-left: 30px;\">Textes choisis et pr\u00e9sent\u00e9s par Louis Barjon et A. R\u00e9tif. Illustrations de Henri Marret. De la collection \u00ab&nbsp;<em>Nos beaux m\u00e9tiers par les textes<\/em>&nbsp;\u00bb. In-8<sup>o<\/sup> (225&nbsp;x&nbsp;165), 373&nbsp;p., couverture en couleur. Le Puy, \u00c9ditions Mappus. 1946.<\/p>\n<p>&nbsp;<\/p>\n<p>&nbsp;<\/p>\n<p style=\"text-align: center;\"><div id=\"metaslider-id-7107\" style=\"max-width: 330px; margin: 0 auto;\" class=\"ml-slider-3-105-0 metaslider metaslider-flex metaslider-7107 ml-slider ms-theme-default nav-hidden\" role=\"region\" aria-label=\"HM \u2013 Illustrations\" data-height=\"450\" data-width=\"330\">\n    <div id=\"metaslider_container_7107\">\n        <div id=\"metaslider_7107\" class=\"flexslider\">\n            <ul class='slides'>\n                <li style=\"display: block; width: 100%;\" class=\"slide-7126 ms-image \" aria-roledescription=\"slide\" data-date=\"2017-06-20 17:57:50\" data-filename=\"Marret-Henri-Le-marin-Livre-1943-c00_wp-330x450.jpg\" data-slide-type=\"image\"><img loading=\"lazy\" decoding=\"async\" src=\"https:\/\/lesmarret.marret.co\/wp-content\/uploads\/2017\/06\/Marret-Henri-Le-marin-Livre-1943-c00_wp-330x450.jpg\" height=\"450\" width=\"330\" alt=\"\" class=\"slider-7107 slide-7126 msDefaultImage\" \/><\/li>\n                <li style=\"display: none; width: 100%;\" class=\"slide-7135 ms-image \" aria-roledescription=\"slide\" data-date=\"2017-06-20 18:01:12\" data-filename=\"Marret-Henri-Le-marin-p022_wp-330x450.jpg\" data-slide-type=\"image\"><img loading=\"lazy\" decoding=\"async\" src=\"https:\/\/lesmarret.marret.co\/wp-content\/uploads\/2017\/06\/Marret-Henri-Le-marin-p022_wp-330x450.jpg\" height=\"450\" width=\"330\" alt=\"\" class=\"slider-7107 slide-7135 msDefaultImage\" \/><\/li>\n                <li style=\"display: none; width: 100%;\" class=\"slide-7133 ms-image \" aria-roledescription=\"slide\" data-date=\"2017-06-20 17:57:51\" data-filename=\"Marret-Henri-Le-marin-p054_wp-330x450.jpg\" data-slide-type=\"image\"><img loading=\"lazy\" decoding=\"async\" src=\"https:\/\/lesmarret.marret.co\/wp-content\/uploads\/2017\/06\/Marret-Henri-Le-marin-p054_wp-330x450.jpg\" height=\"450\" width=\"330\" alt=\"\" class=\"slider-7107 slide-7133 msDefaultImage\" \/><\/li>\n                <li style=\"display: none; width: 100%;\" class=\"slide-7132 ms-image \" aria-roledescription=\"slide\" data-date=\"2017-06-20 17:57:51\" data-filename=\"Marret-Henri-Le-marin-p094_wp-330x450.jpg\" data-slide-type=\"image\"><img loading=\"lazy\" decoding=\"async\" src=\"https:\/\/lesmarret.marret.co\/wp-content\/uploads\/2017\/06\/Marret-Henri-Le-marin-p094_wp-330x450.jpg\" height=\"450\" width=\"330\" alt=\"\" class=\"slider-7107 slide-7132 msDefaultImage\" \/><\/li>\n                <li style=\"display: none; width: 100%;\" class=\"slide-7131 ms-image \" aria-roledescription=\"slide\" data-date=\"2017-06-20 17:57:50\" data-filename=\"Marret-Henri-Le-marin-p110_wp-330x450.jpg\" data-slide-type=\"image\"><img loading=\"lazy\" decoding=\"async\" src=\"https:\/\/lesmarret.marret.co\/wp-content\/uploads\/2017\/06\/Marret-Henri-Le-marin-p110_wp-330x450.jpg\" height=\"450\" width=\"330\" alt=\"\" class=\"slider-7107 slide-7131 msDefaultImage\" \/><\/li>\n                <li style=\"display: none; width: 100%;\" class=\"slide-7130 ms-image \" aria-roledescription=\"slide\" data-date=\"2017-06-20 17:57:50\" data-filename=\"Marret-Henri-Le-marin-p194_wp-330x450.jpg\" data-slide-type=\"image\"><img loading=\"lazy\" decoding=\"async\" src=\"https:\/\/lesmarret.marret.co\/wp-content\/uploads\/2017\/06\/Marret-Henri-Le-marin-p194_wp-330x450.jpg\" height=\"450\" width=\"330\" alt=\"\" class=\"slider-7107 slide-7130 msDefaultImage\" \/><\/li>\n                <li style=\"display: none; width: 100%;\" class=\"slide-7129 ms-image \" aria-roledescription=\"slide\" data-date=\"2017-06-20 17:57:50\" data-filename=\"Marret-Henri-Le-marin-p230_wp-330x450.jpg\" data-slide-type=\"image\"><img loading=\"lazy\" decoding=\"async\" src=\"https:\/\/lesmarret.marret.co\/wp-content\/uploads\/2017\/06\/Marret-Henri-Le-marin-p230_wp-330x450.jpg\" height=\"450\" width=\"330\" alt=\"\" class=\"slider-7107 slide-7129 msDefaultImage\" \/><\/li>\n                <li style=\"display: none; width: 100%;\" class=\"slide-7128 ms-image \" aria-roledescription=\"slide\" data-date=\"2017-06-20 17:57:50\" data-filename=\"Marret-Henri-Le-marin-p302_wp-330x450.jpg\" data-slide-type=\"image\"><img loading=\"lazy\" decoding=\"async\" src=\"https:\/\/lesmarret.marret.co\/wp-content\/uploads\/2017\/06\/Marret-Henri-Le-marin-p302_wp-330x450.jpg\" height=\"450\" width=\"330\" alt=\"\" class=\"slider-7107 slide-7128 msDefaultImage\" \/><\/li>\n                <li style=\"display: none; width: 100%;\" class=\"slide-7127 ms-image \" aria-roledescription=\"slide\" data-date=\"2017-06-20 17:57:50\" data-filename=\"Marret-Henri-Le-marin-p318_wp-330x450.jpg\" data-slide-type=\"image\"><img loading=\"lazy\" decoding=\"async\" src=\"https:\/\/lesmarret.marret.co\/wp-content\/uploads\/2017\/06\/Marret-Henri-Le-marin-p318_wp-330x450.jpg\" height=\"450\" width=\"330\" alt=\"\" class=\"slider-7107 slide-7127 msDefaultImage\" \/><\/li>\n                <li style=\"display: none; width: 100%;\" class=\"slide-7136 ms-image \" aria-roledescription=\"slide\" data-date=\"2017-06-20 20:39:57\" data-filename=\"Marret-Henri-Le-missionnaire-Livre-1946-c00_wp-330x450.jpg\" data-slide-type=\"image\"><img loading=\"lazy\" decoding=\"async\" src=\"https:\/\/lesmarret.marret.co\/wp-content\/uploads\/2017\/06\/Marret-Henri-Le-missionnaire-Livre-1946-c00_wp-330x450.jpg\" height=\"450\" width=\"330\" alt=\"\" class=\"slider-7107 slide-7136 msDefaultImage\" \/><\/li>\n                <li style=\"display: none; width: 100%;\" class=\"slide-7144 ms-image \" aria-roledescription=\"slide\" data-date=\"2017-06-20 20:39:58\" data-filename=\"Marret-Henri-Le-missionnaire-p063_wp-330x450.jpg\" data-slide-type=\"image\"><img loading=\"lazy\" decoding=\"async\" src=\"https:\/\/lesmarret.marret.co\/wp-content\/uploads\/2017\/06\/Marret-Henri-Le-missionnaire-p063_wp-330x450.jpg\" height=\"450\" width=\"330\" alt=\"\" class=\"slider-7107 slide-7144 msDefaultImage\" \/><\/li>\n                <li style=\"display: none; width: 100%;\" class=\"slide-7143 ms-image \" aria-roledescription=\"slide\" data-date=\"2017-06-20 20:39:58\" data-filename=\"Marret-Henri-Le-missionnaire-p078_wp-330x450.jpg\" data-slide-type=\"image\"><img loading=\"lazy\" decoding=\"async\" src=\"https:\/\/lesmarret.marret.co\/wp-content\/uploads\/2017\/06\/Marret-Henri-Le-missionnaire-p078_wp-330x450.jpg\" height=\"450\" width=\"330\" alt=\"\" class=\"slider-7107 slide-7143 msDefaultImage\" \/><\/li>\n                <li style=\"display: none; width: 100%;\" class=\"slide-7142 ms-image \" aria-roledescription=\"slide\" data-date=\"2017-06-20 20:39:58\" data-filename=\"Marret-Henri-Le-missionnaire-p158_wp-330x450.jpg\" data-slide-type=\"image\"><img loading=\"lazy\" decoding=\"async\" src=\"https:\/\/lesmarret.marret.co\/wp-content\/uploads\/2017\/06\/Marret-Henri-Le-missionnaire-p158_wp-330x450.jpg\" height=\"450\" width=\"330\" alt=\"\" class=\"slider-7107 slide-7142 msDefaultImage\" \/><\/li>\n                <li style=\"display: none; width: 100%;\" class=\"slide-7141 ms-image \" aria-roledescription=\"slide\" data-date=\"2017-06-20 20:39:58\" data-filename=\"Marret-Henri-Le-missionnaire-p174_wp-330x450.jpg\" data-slide-type=\"image\"><img loading=\"lazy\" decoding=\"async\" src=\"https:\/\/lesmarret.marret.co\/wp-content\/uploads\/2017\/06\/Marret-Henri-Le-missionnaire-p174_wp-330x450.jpg\" height=\"450\" width=\"330\" alt=\"\" class=\"slider-7107 slide-7141 msDefaultImage\" \/><\/li>\n                <li style=\"display: none; width: 100%;\" class=\"slide-7140 ms-image \" aria-roledescription=\"slide\" data-date=\"2017-06-20 20:39:57\" data-filename=\"Marret-Henri-Le-missionnaire-p238_wp-330x450.jpg\" data-slide-type=\"image\"><img loading=\"lazy\" decoding=\"async\" src=\"https:\/\/lesmarret.marret.co\/wp-content\/uploads\/2017\/06\/Marret-Henri-Le-missionnaire-p238_wp-330x450.jpg\" height=\"450\" width=\"330\" alt=\"\" class=\"slider-7107 slide-7140 msDefaultImage\" \/><\/li>\n                <li style=\"display: none; width: 100%;\" class=\"slide-7139 ms-image \" aria-roledescription=\"slide\" data-date=\"2017-06-20 20:39:57\" data-filename=\"Marret-Henri-Le-missionnaire-p254_wp-330x450.jpg\" data-slide-type=\"image\"><img loading=\"lazy\" decoding=\"async\" src=\"https:\/\/lesmarret.marret.co\/wp-content\/uploads\/2017\/06\/Marret-Henri-Le-missionnaire-p254_wp-330x450.jpg\" height=\"450\" width=\"330\" alt=\"\" class=\"slider-7107 slide-7139 msDefaultImage\" \/><\/li>\n                <li style=\"display: none; width: 100%;\" class=\"slide-7138 ms-image \" aria-roledescription=\"slide\" data-date=\"2017-06-20 20:39:57\" data-filename=\"Marret-Henri-Le-missionnaire-p302_wp-330x450.jpg\" data-slide-type=\"image\"><img loading=\"lazy\" decoding=\"async\" src=\"https:\/\/lesmarret.marret.co\/wp-content\/uploads\/2017\/06\/Marret-Henri-Le-missionnaire-p302_wp-330x450.jpg\" height=\"450\" width=\"330\" alt=\"\" class=\"slider-7107 slide-7138 msDefaultImage\" \/><\/li>\n                <li style=\"display: none; width: 100%;\" class=\"slide-7137 ms-image \" aria-roledescription=\"slide\" data-date=\"2017-06-20 20:39:57\" data-filename=\"Marret-Henri-Le-missionnaire-p318_wp-330x450.jpg\" data-slide-type=\"image\"><img loading=\"lazy\" decoding=\"async\" src=\"https:\/\/lesmarret.marret.co\/wp-content\/uploads\/2017\/06\/Marret-Henri-Le-missionnaire-p318_wp-330x450.jpg\" height=\"450\" width=\"330\" alt=\"\" class=\"slider-7107 slide-7137 msDefaultImage\" \/><\/li>\n            <\/ul>\n        <\/div>\n        \n    <\/div>\n<\/div><\/p>\n<p>Henri Marret est un fervent catholique et il exprime sa foi, tant dans des oeuvres r\u00e9alis\u00e9es \u00e0 l&rsquo;int\u00e9rieur d&rsquo;\u00e9glises (fresque, chemins de croix, etc.) que dans ses tableaux. Afin de soutenir la presse catholique, il r\u00e9alise, d\u00e8s les ann\u00e9es 1920, des dessins qui sont mis \u00e0 la disposition des paroisses et des associations religieuses pour illustrer leurs publications.<\/p>\n<p style=\"padding-left: 30px;\"><strong>L\u2019Art au service de l\u2019apostolat populaire.<\/strong><\/p>\n<p style=\"padding-left: 30px;\">Lettre-pr\u00e9face de Maurice Denis. Illustrations artistiques et gravures sur bois d&rsquo;Henri Marret pour organes d&rsquo;\u0153uvres et bulletins paroissiaux &#8211; avec droit de reproduction, pour bulletins, brochures, programmes, tracts, etc. Collection&nbsp;: \u00ab&nbsp;<em>Les Cahiers du Bl\u00e9 qui l\u00e8ve<\/em>&nbsp;\u00bb. Non pagin\u00e9 [40&nbsp;p.], tout en illustrations, couverture illustr\u00e9e. Paris, \u00c9ditions Spes. 1926.<\/p>\n<p style=\"padding-left: 30px;\"><strong>Mes clich\u00e9s.<\/strong><\/p>\n<p style=\"padding-left: 30px;\">\u00ab\u00a0Mes clich\u00e9s\u00a0\u00bb pour une meilleure pr\u00e9sentation de la presse catholique. Un service de location de clich\u00e9s artistiques. 200 mod\u00e8les in\u00e9dits du ma\u00eetre Henri Marret. Les Consignes du \u00ab\u00a0r\u00e9dacteur en chef\u00a0\u00bb et du \u00ab\u00a0metteur en pages\u00a0\u00bb. Renseignements divers et initiatives. Pr\u00e9face de Pierre Dumaine. Collection&nbsp;: \u00ab&nbsp;<em>Les Cahiers du Bl\u00e9 qui l\u00e8ve<\/em>&nbsp;\u00bb n<sup>o<\/sup>&nbsp;5. In-16<sup>o<\/sup>, 78 p. avec figures. Paris, \u00c9ditions Spes. 1932.<\/p>\n<p>On trouve donc des brochures, des manuels ou des ouvrages \u00ab illustr\u00e9s par Henri Marret \u00bb avec des dessins provenant des deux livres pr\u00e9c\u00e9dents, parmi lesquels :<\/p>\n<p><a href=\"https:\/\/lesmarret.marret.co\/wp-content\/uploads\/2017\/06\/Gu\u00e9chot-Maurice-Myst\u00e8res-et-lumi\u00e8re-c1_wp.jpg\"><img loading=\"lazy\" decoding=\"async\" width=\"151\" height=\"250\" class=\"wp-image-7047 alignleft\" alt=\"\" src=\"https:\/\/lesmarret.marret.co\/wp-content\/uploads\/2017\/06\/Gu\u00e9chot-Maurice-Myst\u00e8res-et-lumi\u00e8re-c1_wp.jpg\" data-wp-pid=\"7047\" srcset=\"https:\/\/lesmarret.marret.co\/wp-content\/uploads\/2017\/06\/Gu\u00e9chot-Maurice-Myst\u00e8res-et-lumi\u00e8re-c1_wp.jpg 535w, https:\/\/lesmarret.marret.co\/wp-content\/uploads\/2017\/06\/Gu\u00e9chot-Maurice-Myst\u00e8res-et-lumi\u00e8re-c1_wp-181x300.jpg 181w, https:\/\/lesmarret.marret.co\/wp-content\/uploads\/2017\/06\/Gu\u00e9chot-Maurice-Myst\u00e8res-et-lumi\u00e8re-c1_wp-362x600.jpg 362w\" sizes=\"auto, (max-width: 151px) 100vw, 151px\" \/><\/a><a href=\"https:\/\/lesmarret.marret.co\/wp-content\/uploads\/2017\/06\/Gu\u00e9chot-Maurice-Myst\u00e8res-et-lumi\u00e8re-p221_wp.jpg\"><img loading=\"lazy\" decoding=\"async\" width=\"157\" height=\"250\" class=\"wp-image-7052 alignright\" alt=\"\" src=\"https:\/\/lesmarret.marret.co\/wp-content\/uploads\/2017\/06\/Gu\u00e9chot-Maurice-Myst\u00e8res-et-lumi\u00e8re-p221_wp.jpg\" data-wp-pid=\"7052\" srcset=\"https:\/\/lesmarret.marret.co\/wp-content\/uploads\/2017\/06\/Gu\u00e9chot-Maurice-Myst\u00e8res-et-lumi\u00e8re-p221_wp.jpg 558w, https:\/\/lesmarret.marret.co\/wp-content\/uploads\/2017\/06\/Gu\u00e9chot-Maurice-Myst\u00e8res-et-lumi\u00e8re-p221_wp-189x300.jpg 189w, https:\/\/lesmarret.marret.co\/wp-content\/uploads\/2017\/06\/Gu\u00e9chot-Maurice-Myst\u00e8res-et-lumi\u00e8re-p221_wp-378x600.jpg 378w\" sizes=\"auto, (max-width: 157px) 100vw, 157px\" \/><\/a><\/p>\n<p style=\"padding-left: 30px;\">Gu\u00e9chot, Maurice<strong>. \u00ab&nbsp;Myst\u00e8res et Lumi\u00e8res. <\/strong>Excursions pittoresques \u00e0 travers le temps et l\u2019espace&nbsp;\u00bb.<\/p>\n<p style=\"padding-left: 30px;\">Illustrations de Henri Marret. De la collection \u00ab&nbsp;<em>Je s\u00e8me<\/em>. S\u00e9rie populaire. A.&nbsp;Rosat, directeur\u00bb. In-16<sup>o<\/sup>, 257&nbsp;p. Le Puy, \u00c9ditions Tequi. 1922.<\/p>\n<p>&nbsp;<\/p>\n<p>&nbsp;<\/p>\n<p><a href=\"https:\/\/lesmarret.marret.co\/wp-content\/uploads\/2017\/06\/Marret-Henri-Histoire-des-trois-belles-\u00e9glises-de-Lourdes-3_wp.jpg\"><img loading=\"lazy\" decoding=\"async\" width=\"153\" height=\"251\" class=\"wp-image-7056 alignleft\" alt=\"\" src=\"https:\/\/lesmarret.marret.co\/wp-content\/uploads\/2017\/06\/Marret-Henri-Histoire-des-trois-belles-\u00e9glises-de-Lourdes-3_wp.jpg\" data-wp-pid=\"7056\" srcset=\"https:\/\/lesmarret.marret.co\/wp-content\/uploads\/2017\/06\/Marret-Henri-Histoire-des-trois-belles-\u00e9glises-de-Lourdes-3_wp.jpg 541w, https:\/\/lesmarret.marret.co\/wp-content\/uploads\/2017\/06\/Marret-Henri-Histoire-des-trois-belles-\u00e9glises-de-Lourdes-3_wp-183x300.jpg 183w, https:\/\/lesmarret.marret.co\/wp-content\/uploads\/2017\/06\/Marret-Henri-Histoire-des-trois-belles-\u00e9glises-de-Lourdes-3_wp-366x600.jpg 366w\" sizes=\"auto, (max-width: 153px) 100vw, 153px\" \/><\/a><\/p>\n<p>&nbsp;<\/p>\n<p style=\"padding-left: 30px;\"><span style=\"color: #000000;\">Camoreyt, Joseph<\/span><b><span style=\"color: #000000;\">. Histoire des trois belles \u00e9glises de Lourdes.<\/span><\/b><\/p>\n<p style=\"padding-left: 30px;\"><span lang=\"FR\"><span style=\"color: #000000;\">Gravures bois de H.&nbsp;Marret. <\/span><\/span><span style=\"color: #000088;\">In-8<sup><span style=\"font-size: small;\">o<\/span><\/sup>, 213&nbsp;p. <\/span><span lang=\"FR\"><span style=\"color: #000000;\">Tarbes, Imprimerie des Orphelins apprentis, 1939.<\/span><\/span><\/p>\n<p>&nbsp;<\/p>\n<p>&nbsp;<\/p>\n<p><a href=\"https:\/\/lesmarret.marret.co\/wp-content\/uploads\/2017\/06\/Le-Chercheur-Les-meilleures-pi\u00e8ces-3e-s\u00e9rie-p410_wp.jpg\"><img loading=\"lazy\" decoding=\"async\" width=\"176\" height=\"250\" class=\"wp-image-7048 alignright\" alt=\"\" src=\"https:\/\/lesmarret.marret.co\/wp-content\/uploads\/2017\/06\/Le-Chercheur-Les-meilleures-pi\u00e8ces-3e-s\u00e9rie-p410_wp.jpg\" data-wp-pid=\"7048\" srcset=\"https:\/\/lesmarret.marret.co\/wp-content\/uploads\/2017\/06\/Le-Chercheur-Les-meilleures-pi\u00e8ces-3e-s\u00e9rie-p410_wp.jpg 624w, https:\/\/lesmarret.marret.co\/wp-content\/uploads\/2017\/06\/Le-Chercheur-Les-meilleures-pi\u00e8ces-3e-s\u00e9rie-p410_wp-211x300.jpg 211w, https:\/\/lesmarret.marret.co\/wp-content\/uploads\/2017\/06\/Le-Chercheur-Les-meilleures-pi\u00e8ces-3e-s\u00e9rie-p410_wp-423x600.jpg 423w\" sizes=\"auto, (max-width: 176px) 100vw, 176px\" \/><\/a><\/p>\n<p>Le Chercheur. <strong>Mon carnet th\u00e9\u00e2tral<\/strong>.<\/p>\n<p style=\"padding-left: 30px;\">Guide pratique du metteur en sc\u00e8ne contenant un choix de programmes; les adresses des costumiers, un plan d\u2019action morale par le th\u00e9\u00e2tre, des r\u00e9pertoires, le Memento du r\u00e9gisseur, de renseignements sur le droit des pauvres, et les nouveaux tarifs de soci\u00e9t\u00e9s des auteurs, etc. Pr\u00e9face de A.&nbsp;Blanc-P\u00e9ridier. Illustrations de Henri Marret et Henri Brochet. Collection&nbsp;: \u00ab&nbsp;<em>Les Cahiers du Bl\u00e9 qui l\u00e8ve<\/em>&nbsp;\u00bb. In-16<sup>o<\/sup>. Paris, \u00c9ditions Spes.<\/p>\n<p>&nbsp;<\/p>\n<p>&nbsp;<\/p>\n","protected":false},"excerpt":{"rendered":"<p>Henri Marret a illustr\u00e9, avec des dessins originaux, plusieurs livres&#8230; Cudlipp, M.-Th. Le soldat de Fernand Cortez. Pr\u00e9face de M. Louis Bertrand, de l\u2019Acad\u00e9mie Fran\u00e7aise. Illustrations de Henri Marret. De la collection \u00ab&nbsp;Des fleurs et des fruits&nbsp;: Biblioth\u00e8que pour les &hellip; <a href=\"https:\/\/lesmarret.marret.co\/index.php\/les-descendants-de-pierre-marret-lancetre-de-tourzel\/henri-marret\/henri-marret-lillustrateur\/\">Continuer la lecture <span class=\"meta-nav\">&rarr;<\/span><\/a><\/p>\n","protected":false},"author":1,"featured_media":0,"parent":7098,"menu_order":0,"comment_status":"closed","ping_status":"closed","template":"","meta":{"_monsterinsights_skip_tracking":false,"_monsterinsights_sitenote_active":false,"_monsterinsights_sitenote_note":"","_monsterinsights_sitenote_category":0,"ngg_post_thumbnail":0,"footnotes":""},"class_list":["post-7080","page","type-page","status-publish","hentry"],"aioseo_notices":[],"_links":{"self":[{"href":"https:\/\/lesmarret.marret.co\/index.php\/wp-json\/wp\/v2\/pages\/7080","targetHints":{"allow":["GET"]}}],"collection":[{"href":"https:\/\/lesmarret.marret.co\/index.php\/wp-json\/wp\/v2\/pages"}],"about":[{"href":"https:\/\/lesmarret.marret.co\/index.php\/wp-json\/wp\/v2\/types\/page"}],"author":[{"embeddable":true,"href":"https:\/\/lesmarret.marret.co\/index.php\/wp-json\/wp\/v2\/users\/1"}],"replies":[{"embeddable":true,"href":"https:\/\/lesmarret.marret.co\/index.php\/wp-json\/wp\/v2\/comments?post=7080"}],"version-history":[{"count":0,"href":"https:\/\/lesmarret.marret.co\/index.php\/wp-json\/wp\/v2\/pages\/7080\/revisions"}],"up":[{"embeddable":true,"href":"https:\/\/lesmarret.marret.co\/index.php\/wp-json\/wp\/v2\/pages\/7098"}],"wp:attachment":[{"href":"https:\/\/lesmarret.marret.co\/index.php\/wp-json\/wp\/v2\/media?parent=7080"}],"curies":[{"name":"wp","href":"https:\/\/api.w.org\/{rel}","templated":true}]}}