{"id":7204,"date":"2017-06-30T17:58:50","date_gmt":"2017-06-30T16:58:50","guid":{"rendered":"http:\/\/lesmarret.marret.co\/?page_id=7204"},"modified":"2017-08-02T00:03:15","modified_gmt":"2017-08-01T23:03:15","slug":"les-societes-marret-de-bijouterie-joaillerie-et-orfevrerie","status":"publish","type":"page","link":"https:\/\/lesmarret.marret.co\/index.php\/les-marret-bijoutiers\/les-societes-marret-de-bijouterie-joaillerie-et-orfevrerie\/","title":{"rendered":"Les soci\u00e9t\u00e9s Marret de bijouterie, joaillerie et orf\u00e8vrerie"},"content":{"rendered":"<blockquote><p><a href=\"https:\/\/lesmarret.marret.co\/wp-content\/uploads\/2017\/04\/Vever-Henri_wp.jpg\"><img loading=\"lazy\" decoding=\"async\" width=\"81\" height=\"126\" class=\"wp-image-5470 alignright\" alt=\"\" src=\"https:\/\/lesmarret.marret.co\/wp-content\/uploads\/2017\/04\/Vever-Henri_wp.jpg\" data-wp-pid=\"5470\" srcset=\"https:\/\/lesmarret.marret.co\/wp-content\/uploads\/2017\/04\/Vever-Henri_wp.jpg 472w, https:\/\/lesmarret.marret.co\/wp-content\/uploads\/2017\/04\/Vever-Henri_wp-193x300.jpg 193w, https:\/\/lesmarret.marret.co\/wp-content\/uploads\/2017\/04\/Vever-Henri_wp-386x600.jpg 386w\" sizes=\"auto, (max-width: 81px) 100vw, 81px\" \/><\/a>L\u2019historique de la maison Marret est assez compliqu\u00e9 et difficile \u00e0 \u00e9tablir, \u00e0 cause du grand nombre de fr\u00e8res, neveux, beaux-fr\u00e8res, qui y furent associ\u00e9s. De plus, les enfants portaient parfois les pr\u00e9noms de leur p\u00e8re ou de leur oncle, ce qui pr\u00eate \u00e0 confusion. Aussi, pour l\u2019intelligence de ces notes, il nous para\u00eet n\u00e9cessaire de donner ici, malgr\u00e9 leur aridit\u00e9, des indications g\u00e9n\u00e9alogiques pr\u00e9cises, ainsi que les raisons sociales successives de cette importante maison, qui tint une si belle place dans la bijouterie et la joaillerie du XIX<sup>e<\/sup> si\u00e8cle.<\/p><\/blockquote>\n<p style=\"text-align: right;\"><span style=\"font-size: 10pt;\"><em>Vever, Henri. La bijouterie fran\u00e7aise au XIXe si\u00e8cle (1800-1900).<br \/>\nParis. H. Floury, 1908.<\/em><\/span><\/p>\n<p><a href=\"https:\/\/lesmarret.marret.co\/wp-content\/uploads\/2017\/05\/2011-11-25-Vente-de-Maigret-Plat-rond-Marret-05-2012_09_04_wp.jpg\"><img loading=\"lazy\" decoding=\"async\" width=\"77\" height=\"56\" class=\"wp-image-6360 alignleft\" alt=\"\" src=\"https:\/\/lesmarret.marret.co\/wp-content\/uploads\/2017\/05\/2011-11-25-Vente-de-Maigret-Plat-rond-Marret-05-2012_09_04_wp.jpg\" data-wp-pid=\"6360\" srcset=\"https:\/\/lesmarret.marret.co\/wp-content\/uploads\/2017\/05\/2011-11-25-Vente-de-Maigret-Plat-rond-Marret-05-2012_09_04_wp.jpg 472w, https:\/\/lesmarret.marret.co\/wp-content\/uploads\/2017\/05\/2011-11-25-Vente-de-Maigret-Plat-rond-Marret-05-2012_09_04_wp-300x216.jpg 300w\" sizes=\"auto, (max-width: 77px) 100vw, 77px\" \/><\/a>L\u2019histoire commence avec Pierre Marret (1765-1857), ou plut\u00f4t avec ses cinq enfants qui ont tous, directement ou indirectement, \u00e9t\u00e9 impliqu\u00e9s dans le milieu de la bijouterie, de la joaillerie et de l\u2019orf\u00e8vrerie.<\/p>\n<ul style=\"list-style-type: circle;\">\n<li>Auguste Marret (1790-1851), l\u2019ain\u00e9, associ\u00e9, pendant quelques ann\u00e9es, \u00e0 la maison Grouvelle, sis quai des Orf\u00e8vres;<\/li>\n<li>Pauline Marret (vers 1800-1834). \u00c9pouse d\u2019Antoine Pichon, sa fille St\u00e9phanie Pichon a \u00e9pous\u00e9 Eug\u00e8ne Jarry qui a \u00e9t\u00e9 associ\u00e9 aux Marret dans plusieurs soci\u00e9t\u00e9s, tout comme son fr\u00e8re, Gustave Jarry. En outre, apr\u00e8s le d\u00e9c\u00e8s de Pauline Marret, Antoine Pichon a \u00e9pous\u00e9 Fran\u00e7oise Armande Gaime, dont le fr\u00e8re, Jean-Hippolyte Gaime a aussi travaill\u00e9 avec les Marret;<\/li>\n<li>Justin (1803-1844), successeur de la maison Peck-Olivier, dans la galerie du Palais-Royal;<\/li>\n<li>Hippolyte Marret (1804-1883) et Charles Marret (1807-1846), tous deux \u00e9t\u00e9 associ\u00e9s \u00e0 B\u00e9nier, rue Vivienne. Charles a ult\u00e9rieurement rachet\u00e9 la maison Gloria, rue de la Paix, et en a fait une autre soci\u00e9t\u00e9 Marret.<\/li>\n<\/ul>\n<p>L\u2019inventaire des soci\u00e9t\u00e9s pr\u00e9sent\u00e9es ici est donc \u00e9tabli, chronologiquement, pour chacun des quatre lieux de commerce.<\/p>\n<ul style=\"list-style-type: disc;\">\n<li><span style=\"color: #008000;\"><a href=\"#Orfevre\">42 (puis 68), quai des Orf\u00e8vres<\/a><br \/>\n<\/span><\/li>\n<li><a href=\"#PalaisRoyal\"><span style=\"color: #008000;\">119, Palais-Royal<\/span><\/a><\/li>\n<li><a href=\"#Vivienne\"><span style=\"color: #008000;\">10 (puis 16), rue Vivienne &#8211; l\u2019H\u00f4tel de Colbert<\/span><\/a><\/li>\n<li><a href=\"#Paix\"><span style=\"color: #008000;\">19, rue de la Paix<\/span><\/a><\/li>\n<\/ul>\n<p>Les dates d\u2019op\u00e9ration de ces entreprises proviennent, chaque fois que possible, de sources reconnues (<em>Gazette des Tribunaux, Archives commerciales de la France, Journal officiel de la France<\/em>). Pour diff\u00e9rencier les personnes portant le m\u00eame nom, un num\u00e9ro (en chiffres romains) leur a \u00e9t\u00e9 attribu\u00e9; une liste des personnes impliqu\u00e9es, avec leurs dates de naissance et de d\u00e9c\u00e8s, compl\u00e8te le portrait. <a id=\"Orfevre\"><\/a><\/p>\n<h3 style=\"text-align: center;\"><span style=\"color: #008000; text-decoration: underline;\"><strong>42 (puis 68), quai des Orf\u00e8vres<\/strong><\/span><\/h3>\n<ul>\n<li><em>Grouvelle<\/em> (avant 1813 &#8211; ?)<\/li>\n<\/ul>\n<p style=\"padding-left: 60px;\">Auguste Marret travaille probablement chez lui.<\/p>\n<ul>\n<li><em>Marret Grouvelle <\/em>(vers 1837 \u2013 02-1842)<\/li>\n<\/ul>\n<p style=\"padding-left: 60px;\">Associ\u00e9s&nbsp;: Auguste Marret et Grouvelle.<\/p>\n<ul>\n<li><strong><em>Marret p\u00e8re et fils<\/em><\/strong> (02-1842 &#8211; ?)<\/li>\n<\/ul>\n<p style=\"padding-left: 60px;\">Associ\u00e9s&nbsp;: Auguste Marret et Paul&nbsp;I Marret.<\/p>\n<ul>\n<li><em>Marret <\/em>(? \u2013 31-08-1846)<\/li>\n<\/ul>\n<p style=\"padding-left: 60px;\">Auguste Marret s\u2019\u00e9tant retir\u00e9, Paul&nbsp;I Marret continue, seul, les activit\u00e9s de la maison. En 1846, il s\u2019associe avec son oncle Charles&nbsp;I Marret, la femme de celui-ci, Louise Hy, et sa propre \u00e9pouse, Zo\u00e9 Elmina Durand, pour cr\u00e9er la soci\u00e9t\u00e9 <em>Charles et Paul Marret<\/em>, 15 rue de la Paix, qui doit entrer en fonction le 1<sup>er<\/sup> septembre 1846.&nbsp;<a id=\"PalaisRoyal\"><\/a><\/p>\n<h3 style=\"text-align: center;\"><span style=\"color: #008000; text-decoration: underline;\"><strong>119, Palais-Royal<\/strong><\/span><\/h3>\n<ul>\n<li><em>Peck-Olivier, Fabricant d&rsquo;ordres<\/em>. \u00ab&nbsp;\u00c0 la croix d\u2019honneur&nbsp;\u00bb. (1827 \u2013 1837),<\/li>\n<\/ul>\n<p style=\"padding-left: 60px;\">Justin Marret travaille fort probablement dans cette maison.<\/p>\n<ul>\n<li><em>Marret, Fabricant d&rsquo;ordres<\/em> (1837 &#8211; 01-10-1844)<\/li>\n<\/ul>\n<p style=\"padding-left: 60px;\">Justin Marret succ\u00e8de \u00e0 Peck-Olivier en 1837.<\/p>\n<ul>\n<li><strong><em>Renon et C<sup>ie<\/sup><\/em><\/strong> &nbsp;(01-10-1844 \u2013 01-10-1846)<\/li>\n<\/ul>\n<p style=\"padding-left: 60px;\">Associ\u00e9s&nbsp;: Esprit-Prudent Jean Philippe Renon, Julie Fanny Breton (son \u00e9pouse) et Ang\u00e9lique Genevi\u00e8ve Besse (veuve de Justin Marret), commanditaire.&nbsp;Soci\u00e9t\u00e9 en nom collectif form\u00e9e apr\u00e8s le d\u00e9c\u00e8s de Justin Marret (06-02-1844), \u00e9tablie pour dix ans, mais dissoute deux ans plus tard.<a id=\"Vivienne\"><\/a><\/p>\n<h3 style=\"text-align: center;\"><span style=\"color: #008000; text-decoration: underline;\"><strong>10 (puis 16), rue Vivienne &#8211; l\u2019H\u00f4tel de Colbert<\/strong><\/span><\/h3>\n<ul>\n<li><em>B\u00e9nier et Riondelet, <\/em>1, cour des Fontaines (1810 \u2013 1822)<\/li>\n<li><em>B\u00e9nier<\/em> &#8211; 10, rue Vivienne (1822 \u2013 02-1826)<\/li>\n<\/ul>\n<p style=\"padding-left: 60px;\">Hippolyte&nbsp;I Marret et Charles&nbsp;I Marret travaillent certainement chez lui.<\/p>\n<ul>\n<li><strong><em>B\u00e9nier<\/em><\/strong><strong><em> et Marret Fr\u00e8res<\/em><\/strong>, (1826 \u2013 1-08-1829)<\/li>\n<\/ul>\n<p style=\"padding-left: 60px;\">Associ\u00e9s&nbsp;: Claude-Andr\u00e9 B\u00e9nier, Charles&nbsp;I Marret et Hippolyte&nbsp;I Marret.&nbsp;En 1829, B\u00e9nier se retire.<\/p>\n<ul>\n<li><em>Marret Fr\u00e8res<\/em>, joailliers-bijoutiers (01-08-1829 &#8211; 01-08-1834)<\/li>\n<\/ul>\n<p style=\"padding-left: 60px;\">Associ\u00e9s&nbsp;: Hippolyte&nbsp;I Marret Hippolyte&nbsp;I Marret et Charles&nbsp;I Marret.&nbsp;En 1834, Charles&nbsp;I Marret part et reprend la Maison Gloria, 19 rue de la Paix.<\/p>\n<ul>\n<li><strong><em>Hippolyte<\/em><\/strong><strong><em> Marret<\/em><\/strong> (01-08-1834 &#8211; 13-06-1837)<\/li>\n<\/ul>\n<p style=\"padding-left: 60px;\">Associ\u00e9s&nbsp;: Hippolyte&nbsp;I Marret et Charles-Andr\u00e9 B\u00e9nier (commanditaire).&nbsp;Hippolyte&nbsp;I Marret d\u00e9m\u00e9nage au 16, rue Vivienne. \u00c0 partir du 13 juin 1837, B\u00e9nier se retire.<\/p>\n<ul>\n<li><strong><em>Marret, Jarry<\/em><\/strong><strong><em> et Gaime<\/em><\/strong> (01-07-1846 &#8211; 01-07-1850)<\/li>\n<\/ul>\n<p style=\"padding-left: 60px;\">Associ\u00e9s&nbsp;: Hippolyte&nbsp;I Marret, Eug\u00e8ne Jarry (son beau-fr\u00e8re) et Jean Hippolyte Gaime.&nbsp;Apr\u00e8s la R\u00e9volution de 1848, la Soci\u00e9t\u00e9 ouvre une succursale \u00e0 New-York (391\u00bd, puis 481, Broadway). Jean-Hippolyte Gaime quitte la maison \u00e0 Paris et part \u00e0 New-York pour diriger la succursale. Celle-ci est rachet\u00e9e en 1851 par Jean-Hippolyte Gaime et Pierre-Joseph Guillemot, et la soci\u00e9t\u00e9 prend le nom de <em>Gaime et Guillemot<\/em>.<\/p>\n<ul>\n<li><strong><em>Marret et Jarry Fr\u00e8res<\/em><\/strong> (01-07-1851 \u2013 01-07-1858)<\/li>\n<\/ul>\n<p style=\"padding-left: 60px;\">Associ\u00e9s&nbsp;: Hippolyte&nbsp;I Marret, Eug\u00e8ne Jarry et Gustave&nbsp;I Jarry (ses deux beaux-fr\u00e8res).&nbsp;Soci\u00e9t\u00e9 en nom collectif form\u00e9e pour dix ans, mais dissoute en 1858.<\/p>\n<ul>\n<li><strong><em>Marret<\/em><\/strong><strong><em>, Jarry Fr\u00e8res et Marret Neveux<\/em><\/strong> (01-07-1858 \u2013 02-1872)<\/li>\n<\/ul>\n<p style=\"padding-left: 60px;\">Associ\u00e9s&nbsp;: Hippolyte&nbsp;I Marret, Eug\u00e8ne Jarry et Gustave&nbsp;I Jarry, Ernest Marret (fils a\u00een\u00e9 de Justin Marret) et Alfred Marret (fils unique de Charles&nbsp;I Marret).&nbsp;Alfred Marret se retire de la Soci\u00e9t\u00e9 en 1872.<\/p>\n<ul>\n<li><strong><em>Marret<\/em><\/strong><strong><em> Fr\u00e8res et Jarry<\/em><\/strong> (03-1872 \u2013 13-12-1878)<\/li>\n<\/ul>\n<p style=\"padding-left: 60px;\">Associ\u00e9s&nbsp;: Ernest Marret, Hippolyte&nbsp;II Marret, (fils de Justin Marret) et Gustave&nbsp;II Jarry (neveu d\u2019Eug\u00e8ne et de Gustave&nbsp;I Jarry).<\/p>\n<ul>\n<li><em>Marret<\/em><em> Fr\u00e8res<\/em> (01-01-1879 \u2013 1890)<\/li>\n<\/ul>\n<p style=\"padding-left: 60px;\">Associ\u00e9s&nbsp;: Ernest Marret et Hippolyte&nbsp;II Marret, (fils de Justin Marret).&nbsp;Soci\u00e9t\u00e9 en nom collectif constitu\u00e9e pour 12 ans et six mois. En 1889, Ernest Marret se retire.<\/p>\n<ul>\n<li><strong><em>Marret<\/em><\/strong><strong><em> Fr\u00e8res<\/em><\/strong> (1890 &#8211; 1894)<\/li>\n<\/ul>\n<p style=\"padding-left: 60px;\">Associ\u00e9s&nbsp;: Hippolyte&nbsp;II Marret, Charles&nbsp;II Marret et Paul&nbsp;II Marret (ses neveux et fils d&rsquo;Ernest Marret).&nbsp;En 1895, Hippolyte&nbsp;II Marret se retire.<\/p>\n<ul>\n<li><em>Marret Fr\u00e8res<\/em> (01-07-1895 &#8211; 1901)<\/li>\n<\/ul>\n<p style=\"padding-left: 60px;\">Associ\u00e9s&nbsp;: Charles&nbsp;II Marret et Paul&nbsp;II Marret.&nbsp;En 1901, le si\u00e8ge social est transf\u00e9r\u00e9 de la rue Vivienne au 352 rue St Honor\u00e9.<\/p>\n<ul>\n<li><strong><em>Marret<\/em><\/strong><strong><em> Fr\u00e8res<\/em><\/strong> (1901 \u2013 31-10-1911)<\/li>\n<\/ul>\n<p style=\"padding-left: 60px;\">Associ\u00e9s&nbsp;: Charles&nbsp;II Marret et Paul&nbsp;II Marret.&nbsp;En 1910, la Maison&nbsp; \u00ab\u00a0Marret Fr\u00e8res\u00a0\u00bb est vendue \u00e0 J.&nbsp;Bancelin.&nbsp;<a id=\"Paix\"><\/a><\/p>\n<h3 style=\"text-align: center;\"><span style=\"text-decoration: underline;\"><span style=\"color: #008000;\"><strong>19, rue de la Paix<\/strong><\/span><\/span><\/h3>\n<ul>\n<li><em>Maison Gloria<\/em> (1825 \u2013 1834)<\/li>\n<li><em>Marret Charles <\/em>(1834 &#8211; 1846)<\/li>\n<\/ul>\n<p style=\"padding-left: 60px;\">Charles&nbsp;I Marret reprend la Maison Gloria et lui donne le nom de Maison Marret.<\/p>\n<ul>\n<li><strong><em>Charles et Paul Marret<\/em><\/strong> (01-09-1846 &#8211; ??)<\/li>\n<\/ul>\n<p style=\"padding-left: 60px;\">Associ\u00e9s&nbsp;: Charles&nbsp;I Marret, Louise Hy (son \u00e9pouse), Paul&nbsp;I Marret (fils d&rsquo;Auguste Marret) et Zo\u00e9 Elmina Durand (son \u00e9pouse).&nbsp;Soci\u00e9t\u00e9 en nom collectif devant entrer en fonction le 1<sup>er&nbsp;<\/sup>septembre 1846 et durer six ans; mais Charles Marret d\u00e9c\u00e8de le 29 ao\u00fbt 1846. La soci\u00e9t\u00e9 est reprise par Paul&nbsp;I Marret et Louise Hy.<\/p>\n<ul>\n<li><em>Marret Paul <\/em>(?? &#8211; 01-09-1852)<\/li>\n<\/ul>\n<p style=\"padding-left: 60px;\">Louise Hy se retire en ?,&nbsp; et Paul&nbsp;I Marret dirige seul la soci\u00e9t\u00e9 Paul Marret orf\u00e8vre.<\/p>\n<ul>\n<li><strong><em>Baugrand<\/em><\/strong><strong><em> et fils<\/em><\/strong> (15-07-1852 \u2013 01-09-1852)<\/li>\n<li><strong><em>Marret<\/em><\/strong><strong><em> et Cie<\/em><\/strong><em>, puis <strong>Marret et Baugrand<\/strong><\/em> (01-09-1852 \u2013 14-02-1854)<\/li>\n<\/ul>\n<p style=\"padding-left: 60px;\">Associ\u00e9s&nbsp;: Paul&nbsp;I Marret et Gustave Baugrand.&nbsp;L\u2019acte de constitution pr\u00e9voyait que pendant les dix-huit premiers mois, la maison s\u2019appellerait Marret et C<sup>ie<\/sup> et qu\u2019elle deviendrait ensuite Marret et Baugrand. En 1853, Paul&nbsp;I Marret tombe malade \u00e0 La Havane et d\u00e9c\u00e8de, fin 1853 \u00e0 New-York (U.S.A.).<\/p>\n<ul>\n<li><strong><em>Marret<\/em><\/strong><strong><em> et Baugrand<\/em><\/strong> (14-02-1854 &#8211; 1858)<\/li>\n<\/ul>\n<p style=\"padding-left: 60px;\">Associ\u00e9s&nbsp;: Zo\u00e9 Durand (veuve de Paul&nbsp;I Marret) et Gustave Baugrand.&nbsp;Apr\u00e8s le d\u00e9c\u00e8s de Paul&nbsp;I Marret, Zo\u00e9 Durand, sa veuve, le remplace jusqu&rsquo;\u00e0 son remariage en 1858 avec Victor Villain, sculpteur.<\/p>\n<ul>\n<li><em>Baugrand<\/em> (1858 &#8211; 1870)<\/li>\n<\/ul>\n<p style=\"padding-left: 60px;\">Gustave Baugrand op\u00e8re, seul, la soci\u00e9t\u00e9 jusqu&rsquo;\u00e0 sa mort en 1870, pendant le si\u00e8ge de Paris. Ernest Vever rach\u00e8te la soci\u00e9t\u00e9 et la nomme Maison Vever; celle-ci ferme d\u00e9finitivement ses portes en 1982.<\/p>\n<p>&nbsp;<\/p>\n<h3 style=\"text-align: center;\"><span style=\"color: #008000; text-decoration: underline;\"><strong>Les principales personnes mentionn\u00e9es\u2026<\/strong><\/span><\/h3>\n<p style=\"padding-left: 30px;\">Auguste-Victor Baugrand (1803-1872)<br \/>\nJules-Gustave Baugrand (1826-1870)<br \/>\nClaude-Andr\u00e9 B\u00e9nier<br \/>\nAng\u00e9lique Genevi\u00e8ve Besse (1803-1887)<br \/>\nZo\u00e9 Elmina Durand (1823-1887)<br \/>\nJean Hippolyte Gaime (1820-??)<br \/>\nNn Grouvelle<br \/>\nCharles Guillemot<br \/>\nEug\u00e8ne Jarry (1818-1883)<br \/>\nGustave&nbsp;I Jarry (1821-??)<br \/>\nGustave&nbsp;II Jarry (?? &#8211; ??)<br \/>\nLouise Hy (1816-1896)<br \/>\nEug\u00e8ne Marchand (1827-1860)<br \/>\nAlfred Marret (1835-1876)<br \/>\nAuguste Marret (1790-1851)<br \/>\nCharles&nbsp;I Marret (1807-1846)<br \/>\nCharles&nbsp;II Marret (1861-1958)<br \/>\nErnest Marret (1835-1911)<br \/>\nHippolyte&nbsp;I Marret (1804-1883)<br \/>\nHippolyte&nbsp;II Marret (1841-1920)<br \/>\nJustin Marret (1803-1844)<br \/>\nPaul&nbsp;I Marret (vers 1816-1854)<br \/>\nPaul&nbsp;II Marret (1863-1935)<br \/>\n?? Olivier<br \/>\n?? Peck<\/p>\n","protected":false},"excerpt":{"rendered":"<p>L\u2019historique de la maison Marret est assez compliqu\u00e9 et difficile \u00e0 \u00e9tablir, \u00e0 cause du grand nombre de fr\u00e8res, neveux, beaux-fr\u00e8res, qui y furent associ\u00e9s. De plus, les enfants portaient parfois les pr\u00e9noms de leur p\u00e8re ou de leur oncle, &hellip; <a href=\"https:\/\/lesmarret.marret.co\/index.php\/les-marret-bijoutiers\/les-societes-marret-de-bijouterie-joaillerie-et-orfevrerie\/\">Continuer la lecture <span class=\"meta-nav\">&rarr;<\/span><\/a><\/p>\n","protected":false},"author":1,"featured_media":0,"parent":5629,"menu_order":0,"comment_status":"closed","ping_status":"closed","template":"","meta":{"_monsterinsights_skip_tracking":false,"_monsterinsights_sitenote_active":false,"_monsterinsights_sitenote_note":"","_monsterinsights_sitenote_category":0,"ngg_post_thumbnail":0,"footnotes":""},"class_list":["post-7204","page","type-page","status-publish","hentry"],"aioseo_notices":[],"_links":{"self":[{"href":"https:\/\/lesmarret.marret.co\/index.php\/wp-json\/wp\/v2\/pages\/7204","targetHints":{"allow":["GET"]}}],"collection":[{"href":"https:\/\/lesmarret.marret.co\/index.php\/wp-json\/wp\/v2\/pages"}],"about":[{"href":"https:\/\/lesmarret.marret.co\/index.php\/wp-json\/wp\/v2\/types\/page"}],"author":[{"embeddable":true,"href":"https:\/\/lesmarret.marret.co\/index.php\/wp-json\/wp\/v2\/users\/1"}],"replies":[{"embeddable":true,"href":"https:\/\/lesmarret.marret.co\/index.php\/wp-json\/wp\/v2\/comments?post=7204"}],"version-history":[{"count":0,"href":"https:\/\/lesmarret.marret.co\/index.php\/wp-json\/wp\/v2\/pages\/7204\/revisions"}],"up":[{"embeddable":true,"href":"https:\/\/lesmarret.marret.co\/index.php\/wp-json\/wp\/v2\/pages\/5629"}],"wp:attachment":[{"href":"https:\/\/lesmarret.marret.co\/index.php\/wp-json\/wp\/v2\/media?parent=7204"}],"curies":[{"name":"wp","href":"https:\/\/api.w.org\/{rel}","templated":true}]}}