{"id":7221,"date":"2017-07-26T00:39:50","date_gmt":"2017-07-25T23:39:50","guid":{"rendered":"http:\/\/lesmarret.marret.co\/?page_id=7221"},"modified":"2017-07-26T00:47:32","modified_gmt":"2017-07-25T23:47:32","slug":"robert-linzeler-a-lexposition-universelle-de-1900","status":"publish","type":"page","link":"https:\/\/lesmarret.marret.co\/index.php\/les-marret-bijoutiers\/les-linzeler\/robert-linzeler\/robert-linzeler-a-lexposition-universelle-de-1900\/","title":{"rendered":"Robert Linzeler \u00e0 l&rsquo;Exposition universelle de 1900"},"content":{"rendered":"<p><a href=\"https:\/\/lesmarret.marret.co\/index.php\/les-marret-bijoutiers\/les-linzeler\/robert-linzeler\/\"><img loading=\"lazy\" decoding=\"async\" width=\"278\" height=\"114\" class=\"wp-image-7224 alignright\" alt=\"\" src=\"https:\/\/lesmarret.marret.co\/wp-content\/uploads\/2017\/07\/1901-04-Revue-de-la-bijouterie-p42a_wp.jpg\" data-wp-pid=\"7224\" srcset=\"https:\/\/lesmarret.marret.co\/wp-content\/uploads\/2017\/07\/1901-04-Revue-de-la-bijouterie-p42a_wp.jpg 886w, https:\/\/lesmarret.marret.co\/wp-content\/uploads\/2017\/07\/1901-04-Revue-de-la-bijouterie-p42a_wp-300x123.jpg 300w, https:\/\/lesmarret.marret.co\/wp-content\/uploads\/2017\/07\/1901-04-Revue-de-la-bijouterie-p42a_wp-768x316.jpg 768w, https:\/\/lesmarret.marret.co\/wp-content\/uploads\/2017\/07\/1901-04-Revue-de-la-bijouterie-p42a_wp-800x329.jpg 800w, https:\/\/lesmarret.marret.co\/wp-content\/uploads\/2017\/07\/1901-04-Revue-de-la-bijouterie-p42a_wp-600x247.jpg 600w\" sizes=\"auto, (max-width: 278px) 100vw, 278px\" \/><\/a>Robert Linzeler n\u2019a que 24&nbsp;ans lorsqu\u2019il reprend la maison d\u2019orf\u00e8vrerie de Jules Piault; quatre ans plus tard, il pr\u00e9sente certaines de ses cr\u00e9ations \u00e0 l\u2019exposition universelle de 1900. Il est remarqu\u00e9 et remporte une m\u00e9daille d\u2019or, ce que soulignent certains journaux de l\u2019\u00e9poque\u2026<\/p>\n<p style=\"text-align: center;\"><a href=\"https:\/\/lesmarret.marret.co\/wp-content\/uploads\/2017\/07\/1900-08-Le_Panth\u00e9on_de_lindustrie-aa_wp.jpg\"><img loading=\"lazy\" decoding=\"async\" width=\"158\" height=\"538\" class=\"wp-image-7244 alignleft\" alt=\"\" src=\"https:\/\/lesmarret.marret.co\/wp-content\/uploads\/2017\/07\/1900-08-Le_Panth\u00e9on_de_lindustrie-aa_wp.jpg\" data-wp-pid=\"7244\" srcset=\"https:\/\/lesmarret.marret.co\/wp-content\/uploads\/2017\/07\/1900-08-Le_Panth\u00e9on_de_lindustrie-aa_wp.jpg 260w, https:\/\/lesmarret.marret.co\/wp-content\/uploads\/2017\/07\/1900-08-Le_Panth\u00e9on_de_lindustrie-aa_wp-88x300.jpg 88w, https:\/\/lesmarret.marret.co\/wp-content\/uploads\/2017\/07\/1900-08-Le_Panth\u00e9on_de_lindustrie-aa_wp-176x600.jpg 176w\" sizes=\"auto, (max-width: 158px) 100vw, 158px\" \/><\/a><strong>La Coutellerie de la maison Robert Linzeler<br \/>\n(M\u00e9daille d\u2019or)<\/strong><\/p>\n<p>La maison Robert Linzeler qui a pris la succession de la maison Jules Piault, 68, rue de Turbigo, date de 1856.<\/p>\n<p>Cette maison a expos\u00e9 \u00e0 la classe 93, groupe XV, diverses pi\u00e8ces de coutellerie de table renferm\u00e9es dans trois vitrines.<\/p>\n<p>Une premi\u00e8re vitrine contient un service complet de coutellerie de table; toutes les pi\u00e8ces de ce service sont mont\u00e9es sur des manches d&rsquo;ivoire, avec des incrustations de nacre, de laqu\u00e9 et d&rsquo;or. L&rsquo;impression de ce service est grande, et on ne sait si l&rsquo;on doit louer en lui l&rsquo;orf\u00e8vrerie ou la coutellerie.<\/p>\n<p>La seconde vitrine nous pr\u00e9sente des pi\u00e8ces d\u00e9tach\u00e9es et deux services : l&rsquo;un, pour <em>five o&rsquo;clock<\/em>, compos\u00e9 de couteaux d&rsquo;acier et de couteaux-fourchettes en argent avec des viroles en or, et l&rsquo;autre, tr\u00e8s remarquable pour les connaisseurs, car il a fallu vaincre, dans sa forme et dans son montage, plusieurs difficult\u00e9s de fabrication.<\/p>\n<p>Nous sommes loin de l&rsquo;\u00e9poque o\u00f9 la coutellerie anglaise \u00e9tait reconnue ma\u00eetresse du march\u00e9 et sans rivale pour la fabrication. L&rsquo;Allemagne aussi nous faisait une rude concurrence sur notre propre march\u00e9, \u00e0 tel point que la coutellerie demanda \u00e0 \u00eatre prot\u00e9g\u00e9e par des droits ad valorem d&rsquo;au moins 30 0\/0. Le gouvernement s&rsquo;arr\u00eata \u00e0 20 0\/0 et en 1865 le droit a \u00e9t\u00e9 r\u00e9duit \u00e0 15 0\/0. Pendant longtemps l&rsquo;exportation fran\u00e7aise a surtout consist\u00e9 en objets de bas prix \u00e0 l&rsquo;usage des classes inf\u00e9rieures; aujourd&rsquo;hui le go\u00fbt public se modifie.<\/p>\n<p>C&rsquo;est ainsi que les mod\u00e8les de la maison Linzeler sont aussi \u00e9l\u00e9gants que vari\u00e9s. Toutes les grandes maisons parisiennes, aristocratie de naissance, aristocratie d&rsquo;affaires, fonctionnaires et politiques adoptent cette marque unique par son originalit\u00e9, sa finesse, sa solidit\u00e9 sans pareille.<\/p>\n<p>La maison Robert Linzeler, qui poss\u00e8de une usine de lames \u00e0 Bourdons (Haute-Marne), ainsi que des ateliers de montage et de petite partie d&rsquo;orf\u00e8vrerie, a d\u00e9j\u00e0 \u00e0 son actif des t\u00e9moignages flatteurs et pr\u00e9cieux de l&rsquo;excellence de sa fabrication et de la sup\u00e9riorit\u00e9 incontestable de ses produits. En effet, en 1867 elle obtenait une m\u00e9daille d&rsquo;argent ; en 1878, le directeur \u00e9tait nomm\u00e9 membre du jury hors concours; enfin, en 1889, la maison obtenait une m\u00e9daille d&rsquo;or. L&rsquo;importance de ces distinctions honorifiques croissait parall\u00e8lement \u00e0 l&rsquo;importance de la maison elle-m\u00eame. En effet, son chiffre d&rsquo;affaires n&rsquo;a cess\u00e9 de s&rsquo;\u00e9lever et sa client\u00e8le de s&rsquo;agrandir.<\/p>\n<p>Cette maison vient d&rsquo;obtenir, \u00e0 l&rsquo;Exposition de 1900, une m\u00e9daille d&rsquo;or. C&rsquo;est le r\u00e9sultat des efforts r\u00e9fl\u00e9chis, de l&rsquo;intelligence, de l&rsquo;initiative et de la probit\u00e9 commerciale dont les propri\u00e9taires se sont transmis l&rsquo;ind\u00e9fectible tradition.<\/p>\n<p style=\"text-align: right;\"><span style=\"font-size: 10pt;\"><em>1900-08 Le Panth\u00e9on de l&rsquo;industrie.<\/em><\/span><\/p>\n<p style=\"text-align: center;\">~~~~~~~<\/p>\n<p><a href=\"https:\/\/lesmarret.marret.co\/wp-content\/uploads\/2017\/07\/1901-08-Revue-de-la-bijouterie-p31a_wp.jpg\"><img loading=\"lazy\" decoding=\"async\" width=\"208\" height=\"220\" class=\"wp-image-7227 alignleft\" alt=\"\" src=\"https:\/\/lesmarret.marret.co\/wp-content\/uploads\/2017\/07\/1901-08-Revue-de-la-bijouterie-p31a_wp.jpg\" data-wp-pid=\"7227\" srcset=\"https:\/\/lesmarret.marret.co\/wp-content\/uploads\/2017\/07\/1901-08-Revue-de-la-bijouterie-p31a_wp.jpg 886w, https:\/\/lesmarret.marret.co\/wp-content\/uploads\/2017\/07\/1901-08-Revue-de-la-bijouterie-p31a_wp-283x300.jpg 283w, https:\/\/lesmarret.marret.co\/wp-content\/uploads\/2017\/07\/1901-08-Revue-de-la-bijouterie-p31a_wp-768x815.jpg 768w, https:\/\/lesmarret.marret.co\/wp-content\/uploads\/2017\/07\/1901-08-Revue-de-la-bijouterie-p31a_wp-800x849.jpg 800w, https:\/\/lesmarret.marret.co\/wp-content\/uploads\/2017\/07\/1901-08-Revue-de-la-bijouterie-p31a_wp-566x600.jpg 566w\" sizes=\"auto, (max-width: 208px) 100vw, 208px\" \/><\/a><a href=\"https:\/\/lesmarret.marret.co\/wp-content\/uploads\/2017\/07\/1901-08-Revue-de-la-bijouterie-p30a_wp.jpg\"><img loading=\"lazy\" decoding=\"async\" width=\"204\" height=\"220\" class=\"wp-image-7226 alignright\" alt=\"\" src=\"https:\/\/lesmarret.marret.co\/wp-content\/uploads\/2017\/07\/1901-08-Revue-de-la-bijouterie-p30a_wp.jpg\" data-wp-pid=\"7226\" srcset=\"https:\/\/lesmarret.marret.co\/wp-content\/uploads\/2017\/07\/1901-08-Revue-de-la-bijouterie-p30a_wp.jpg 822w, https:\/\/lesmarret.marret.co\/wp-content\/uploads\/2017\/07\/1901-08-Revue-de-la-bijouterie-p30a_wp-278x300.jpg 278w, https:\/\/lesmarret.marret.co\/wp-content\/uploads\/2017\/07\/1901-08-Revue-de-la-bijouterie-p30a_wp-768x828.jpg 768w, https:\/\/lesmarret.marret.co\/wp-content\/uploads\/2017\/07\/1901-08-Revue-de-la-bijouterie-p30a_wp-800x862.jpg 800w, https:\/\/lesmarret.marret.co\/wp-content\/uploads\/2017\/07\/1901-08-Revue-de-la-bijouterie-p30a_wp-557x600.jpg 557w\" sizes=\"auto, (max-width: 204px) 100vw, 204px\" \/><\/a>Linzeler envoie plusieurs vases mont\u00e9s d&rsquo;argent, qui pr\u00e9sentent un int\u00e9r\u00eat incontestable par le choix de l&rsquo;ornementation et le caract\u00e8re de modernit\u00e9 qui s&rsquo;en d\u00e9gage; ex\u00e9cut\u00e9s en fonte, il \u00e9tait in\u00e9vitable qu&rsquo;ils conservassent de ce proc\u00e9d\u00e9 quelque lourdeur d&rsquo;apparence&nbsp;: mais, tout aupr\u00e8s, dans la m\u00eame vitrine, figure comme pi\u00e8ce de d\u00e9monstration une sorte de canette de gr\u00e8s tout unie, \u00e9l\u00e9gamment et tr\u00e8s soigneusement garnie, qui prouve que cet exposant n&rsquo;est nullement embarrass\u00e9, quand il le veut bien, pour faire \u0153uvre d&rsquo;orf\u00e8vre et non de bronzier.<\/p>\n<p style=\"text-align: right;\"><span style=\"font-size: 10pt;\"><em>1901-08 Revue de la bijouterie.<\/em><\/span><a href=\"https:\/\/lesmarret.marret.co\/wp-content\/uploads\/2017\/07\/1901-08-Revue-de-la-bijouterie-p28a_wp.jpg\"><img loading=\"lazy\" decoding=\"async\" width=\"175\" height=\"227\" class=\"wp-image-7225 aligncenter\" alt=\"\" src=\"https:\/\/lesmarret.marret.co\/wp-content\/uploads\/2017\/07\/1901-08-Revue-de-la-bijouterie-p28a_wp.jpg\" data-wp-pid=\"7225\" srcset=\"https:\/\/lesmarret.marret.co\/wp-content\/uploads\/2017\/07\/1901-08-Revue-de-la-bijouterie-p28a_wp.jpg 683w, https:\/\/lesmarret.marret.co\/wp-content\/uploads\/2017\/07\/1901-08-Revue-de-la-bijouterie-p28a_wp-231x300.jpg 231w, https:\/\/lesmarret.marret.co\/wp-content\/uploads\/2017\/07\/1901-08-Revue-de-la-bijouterie-p28a_wp-463x600.jpg 463w\" sizes=\"auto, (max-width: 175px) 100vw, 175px\" \/><\/a><\/p>\n","protected":false},"excerpt":{"rendered":"<p>Robert Linzeler n\u2019a que 24&nbsp;ans lorsqu\u2019il reprend la maison d\u2019orf\u00e8vrerie de Jules Piault; quatre ans plus tard, il pr\u00e9sente certaines de ses cr\u00e9ations \u00e0 l\u2019exposition universelle de 1900. Il est remarqu\u00e9 et remporte une m\u00e9daille d\u2019or, ce que soulignent certains &hellip; <a href=\"https:\/\/lesmarret.marret.co\/index.php\/les-marret-bijoutiers\/les-linzeler\/robert-linzeler\/robert-linzeler-a-lexposition-universelle-de-1900\/\">Continuer la lecture <span class=\"meta-nav\">&rarr;<\/span><\/a><\/p>\n","protected":false},"author":1,"featured_media":0,"parent":7257,"menu_order":0,"comment_status":"closed","ping_status":"closed","template":"","meta":{"_monsterinsights_skip_tracking":false,"_monsterinsights_sitenote_active":false,"_monsterinsights_sitenote_note":"","_monsterinsights_sitenote_category":0,"ngg_post_thumbnail":0,"footnotes":""},"class_list":["post-7221","page","type-page","status-publish","hentry"],"aioseo_notices":[],"_links":{"self":[{"href":"https:\/\/lesmarret.marret.co\/index.php\/wp-json\/wp\/v2\/pages\/7221","targetHints":{"allow":["GET"]}}],"collection":[{"href":"https:\/\/lesmarret.marret.co\/index.php\/wp-json\/wp\/v2\/pages"}],"about":[{"href":"https:\/\/lesmarret.marret.co\/index.php\/wp-json\/wp\/v2\/types\/page"}],"author":[{"embeddable":true,"href":"https:\/\/lesmarret.marret.co\/index.php\/wp-json\/wp\/v2\/users\/1"}],"replies":[{"embeddable":true,"href":"https:\/\/lesmarret.marret.co\/index.php\/wp-json\/wp\/v2\/comments?post=7221"}],"version-history":[{"count":0,"href":"https:\/\/lesmarret.marret.co\/index.php\/wp-json\/wp\/v2\/pages\/7221\/revisions"}],"up":[{"embeddable":true,"href":"https:\/\/lesmarret.marret.co\/index.php\/wp-json\/wp\/v2\/pages\/7257"}],"wp:attachment":[{"href":"https:\/\/lesmarret.marret.co\/index.php\/wp-json\/wp\/v2\/media?parent=7221"}],"curies":[{"name":"wp","href":"https:\/\/api.w.org\/{rel}","templated":true}]}}