{"id":7728,"date":"2019-04-28T16:38:12","date_gmt":"2019-04-28T15:38:12","guid":{"rendered":"http:\/\/lesmarret.marret.co\/?page_id=7728"},"modified":"2019-04-28T16:53:31","modified_gmt":"2019-04-28T15:53:31","slug":"la-mort-du-8e-frame-1934","status":"publish","type":"page","link":"https:\/\/lesmarret.marret.co\/index.php\/frederic-marret\/la-mort-du-8e-frame-1934\/","title":{"rendered":"La mort du 8e \u00ab Frame 1934 \u00bb"},"content":{"rendered":"<div id=\"attachment_7734\" style=\"width: 650px\" class=\"wp-caption alignnone\"><a href=\"https:\/\/lesmarret.marret.co\/wp-content\/uploads\/2019\/04\/1936-08-14-Excelsior-p2M_wp.jpg\"><img loading=\"lazy\" decoding=\"async\" aria-describedby=\"caption-attachment-7734\" class=\"size-large wp-image-7734\" src=\"https:\/\/lesmarret.marret.co\/wp-content\/uploads\/2019\/04\/1936-08-14-Excelsior-p2M_wp-1024x674.jpg\" alt=\"\" width=\"640\" height=\"421\" data-wp-pid=\"7734\" srcset=\"https:\/\/lesmarret.marret.co\/wp-content\/uploads\/2019\/04\/1936-08-14-Excelsior-p2M_wp-1024x674.jpg 1024w, https:\/\/lesmarret.marret.co\/wp-content\/uploads\/2019\/04\/1936-08-14-Excelsior-p2M_wp-300x197.jpg 300w, https:\/\/lesmarret.marret.co\/wp-content\/uploads\/2019\/04\/1936-08-14-Excelsior-p2M_wp-768x505.jpg 768w, https:\/\/lesmarret.marret.co\/wp-content\/uploads\/2019\/04\/1936-08-14-Excelsior-p2M_wp-800x526.jpg 800w, https:\/\/lesmarret.marret.co\/wp-content\/uploads\/2019\/04\/1936-08-14-Excelsior-p2M_wp.jpg 1181w\" sizes=\"auto, (max-width: 640px) 100vw, 640px\" \/><\/a><p id=\"caption-attachment-7734\" class=\"wp-caption-text\"><span style=\"font-size: 10pt;\">Excelsior &#8211; 14 ao\u00fbt 1936<\/span><\/p><\/div>\n<p>Huiti\u00e8me Frame 1934 signifie&nbsp;: huiti\u00e8me courrier France-Am\u00e9rique du Sud de l&rsquo;ann\u00e9e 1934.<\/p>\n<div id=\"attachment_7733\" style=\"width: 380px\" class=\"wp-caption alignright\"><a href=\"https:\/\/lesmarret.marret.co\/wp-content\/uploads\/2019\/04\/Lat\u00e9co\u00e8re-28-NACA_Aircraft_Circular_No.112_wp.jpg\"><img loading=\"lazy\" decoding=\"async\" aria-describedby=\"caption-attachment-7733\" class=\" wp-image-7733\" src=\"https:\/\/lesmarret.marret.co\/wp-content\/uploads\/2019\/04\/Lat\u00e9co\u00e8re-28-NACA_Aircraft_Circular_No.112_wp-1024x392.jpg\" alt=\"\" width=\"370\" height=\"142\" data-wp-pid=\"7733\" srcset=\"https:\/\/lesmarret.marret.co\/wp-content\/uploads\/2019\/04\/Lat\u00e9co\u00e8re-28-NACA_Aircraft_Circular_No.112_wp-1024x392.jpg 1024w, https:\/\/lesmarret.marret.co\/wp-content\/uploads\/2019\/04\/Lat\u00e9co\u00e8re-28-NACA_Aircraft_Circular_No.112_wp-300x115.jpg 300w, https:\/\/lesmarret.marret.co\/wp-content\/uploads\/2019\/04\/Lat\u00e9co\u00e8re-28-NACA_Aircraft_Circular_No.112_wp-768x294.jpg 768w, https:\/\/lesmarret.marret.co\/wp-content\/uploads\/2019\/04\/Lat\u00e9co\u00e8re-28-NACA_Aircraft_Circular_No.112_wp-800x306.jpg 800w, https:\/\/lesmarret.marret.co\/wp-content\/uploads\/2019\/04\/Lat\u00e9co\u00e8re-28-NACA_Aircraft_Circular_No.112_wp.jpg 1181w\" sizes=\"auto, (max-width: 370px) 100vw, 370px\" \/><\/a><p id=\"caption-attachment-7733\" class=\"wp-caption-text\"><span style=\"font-size: 10pt;\">Un Lat\u00e9co\u00e8re 28 (NACA_Aircraft_Circular_No.112)<\/span><\/p><\/div>\n<p>Le 25&nbsp;f\u00e9vrier 1934, l&rsquo;avion \u00e9tait parti pour Dakar avec l&rsquo;\u00e9quipage suivant&nbsp;: pilote Gorret, vingt-huit ans, robuste, morose, comptant plusieurs milliers d&rsquo;heures de vol de jour et de nuit au-dessus du Rio del Oro&nbsp;; radio Fr\u00e9d\u00e9ric Marret, trente ans, athl\u00e9tique, taciturne, ayant plus de mille heures de vol de nuit et des atterrissages impr\u00e9vus dans le d\u00e9sert&nbsp;; Reig, m\u00e9canicien m\u00e9ticuleux, pr\u00e9cieux, possesseur du brevet de pilote de tourisme&nbsp;; passager M.&nbsp;Bourgeat, chef du secteur Mauritanie \u00e0 Dakar&nbsp;; interpr\u00e8te Sid Abdallah, de la tribu chleuhe de l&rsquo;Oued Draa, qui, depuis l&rsquo;ouverture de la ligne en 1925, prouva toujours son attachement et son d\u00e9vouement aux \u00e9quipages.<\/p>\n<p>\u00c0 minuit 10, message de d\u00e9tresse, suivant plusieurs autres inqui\u00e9tants&nbsp;: \u00ab&nbsp;Moteur nous l\u00e2che, atterrissons&nbsp;!&nbsp;\u00bb<\/p>\n<p>\u00c0 Casablanca, Agadir, cap Juby et Port-\u00c9tienne, les avions de d\u00e9pannage sont pr\u00eats \u00e0 d\u00e9coller \u00e0 1&nbsp;h.&nbsp;30. Ils attendent l&rsquo;ordre que doit lancer la radio.<\/p>\n<p>\u00c0 5&nbsp;h.&nbsp;30, de Casablanca, s&rsquo;envoie l&rsquo;appareil emmenant le pilote Parizot, le radio Pierre Vir\u00e9 et le chef de secteur, M.&nbsp;Julien, qui prendra la direction des op\u00e9rations \u00e0 Juby.<\/p>\n<div id=\"attachment_7727\" style=\"width: 360px\" class=\"wp-caption alignleft\"><a href=\"https:\/\/lesmarret.marret.co\/wp-content\/uploads\/2019\/04\/1934-02-27-Excelsior-p1c_wp.jpg\"><img loading=\"lazy\" decoding=\"async\" aria-describedby=\"caption-attachment-7727\" class=\" wp-image-7727\" src=\"https:\/\/lesmarret.marret.co\/wp-content\/uploads\/2019\/04\/1934-02-27-Excelsior-p1c_wp-1024x791.jpg\" alt=\"\" width=\"350\" height=\"270\" data-wp-pid=\"7727\" srcset=\"https:\/\/lesmarret.marret.co\/wp-content\/uploads\/2019\/04\/1934-02-27-Excelsior-p1c_wp-1024x791.jpg 1024w, https:\/\/lesmarret.marret.co\/wp-content\/uploads\/2019\/04\/1934-02-27-Excelsior-p1c_wp-300x232.jpg 300w, https:\/\/lesmarret.marret.co\/wp-content\/uploads\/2019\/04\/1934-02-27-Excelsior-p1c_wp-768x593.jpg 768w, https:\/\/lesmarret.marret.co\/wp-content\/uploads\/2019\/04\/1934-02-27-Excelsior-p1c_wp-800x618.jpg 800w, https:\/\/lesmarret.marret.co\/wp-content\/uploads\/2019\/04\/1934-02-27-Excelsior-p1c_wp.jpg 1181w\" sizes=\"auto, (max-width: 350px) 100vw, 350px\" \/><\/a><p id=\"caption-attachment-7727\" class=\"wp-caption-text\"><span style=\"font-size: 10pt;\">Excelsior &#8211; 27 f\u00e9vrier 1934<\/span><\/p><\/div>\n<p>\u00c0 6&nbsp;heures, au cap Juby, d\u00e9collent le pilote Chansel, le radio Matti et l&rsquo;interpr\u00e8te El Cheik ould Chenguit.<\/p>\n<p>De Port-\u00c9tienne enfin s&rsquo;\u00e9l\u00e8ve un avion avec le chef de centre Ba\u00efle, le radio-chef de poste Costa qui, en 1929, fut prisonnier des chleuhs et un interpr\u00e8te de la tribu des R&rsquo;Guibat.<\/p>\n<p>Ces deux derniers appareils se rejoindront au cap Bojador et battront chacun un secteur \u00e0 la recherche du naufrag\u00e9 qui, selon les rel\u00e8vements de la gonio, doit s&rsquo;\u00eatre pos\u00e9 \u00e0 une quarantaine de milles du cap et dont on n&rsquo;a plus re\u00e7u de nouvelles depuis son atterrissage.<\/p>\n<p><strong><em><u>Signal d&rsquo;extr\u00eame urgence<\/u><\/em><\/strong><\/p>\n<p>Les conversations s&rsquo;engagent par T. S. F. d&rsquo;un avion \u00e0 l&rsquo;autre.<\/p>\n<p>9&nbsp;h.&nbsp;7. \u2014 De Chansel et Matti&nbsp;: \u00ab&nbsp;Apercevons huiti\u00e8me Frame. Avion bris\u00e9, voyons pas \u00e9quipage. Allons essayer atterrir aupr\u00e8s. Je rentre antenne.&nbsp;\u00bb<\/p>\n<p>Quelques instants plus tard, nouveau radio de Matti accompagn\u00e9 du signal d&rsquo;extr\u00eame urgence indiquant que des vies humaines sont en jeu&nbsp;:<\/p>\n<p>\u00ab&nbsp;9&nbsp;h.&nbsp;50. \u2014 Reig tu\u00e9 sur coup, laiss\u00e9 sur place avec courrier. Avons \u00e0 bord reste \u00e9quipage Frame et M.&nbsp;Bourgeat, tous tr\u00e8s gravement bless\u00e9s. Les d\u00e9barquerons \u00e0 Juby, Chansel demande que convoyage parte d&rsquo;Agadir pour aller prendre sur lieu d&rsquo;accident corps Reig et courrier.&nbsp;\u00bb<\/p>\n<p>Le drame&nbsp;?<\/p>\n<p>Chansel, arriv\u00e9 dans les parages du cap Bojador, vers 8&nbsp;h.&nbsp;30, cherchait depuis une trentaine de minutes, l&rsquo;\u00e9pave de ses camarades, lorsqu&rsquo;il aper\u00e7ut sur la droite un petit monticule suspect, colonne argent\u00e9e sur le sable clair. Il&rsquo; approcha et distingua le Frame, couch\u00e9 sur le c\u00f4t\u00e9, l&rsquo;aile droite lev\u00e9e vers le ciel, l\u2019avant \u00e9cras\u00e9, mort&nbsp;!<\/p>\n<p>De l&rsquo;\u00e9quipage, pas la moindre trace. Avait-il \u00e9t\u00e9 d\u00e9j\u00e0 captur\u00e9&nbsp;?<\/p>\n<p><strong><em><u>Un homme debout, sanglant&#8230;<\/u><\/em><\/strong><\/p>\n<p>Chansel tourna autour de l&rsquo;appareil en perdant de la hauteur. \u00c0 son dernier virage avant de se poser, il observa un homme debout, sanglant, tenant \u00e0 bout de bras un chiffon destin\u00e9 \u00e0 lui indiquer la direction du vent pour l&rsquo;atterrissage.<\/p>\n<p>Chansel se pose \u00e0 une vingtaine de m\u00e8tres de l&rsquo;\u00e9pave.<\/p>\n<p>L&rsquo;\u00e9quipage, anxieux, se pr\u00e9cipite&nbsp;: l&rsquo;homme debout, c&rsquo;est Fr\u00e9d\u00e9ric Marret, le radio disparu dans l&rsquo;Atlantique Sud, \u00e0 sa dix-huiti\u00e8me travers\u00e9e, le 10&nbsp;f\u00e9vrier 1936, apr\u00e8s 3.700 heures de vol.<\/p>\n<p>Il a un bras cass\u00e9, l&rsquo;autre d\u00e9sarticul\u00e9, remis en place par de violents chocs de l&rsquo;\u00e9paule contre la paroi de l&rsquo;avion bris\u00e9, et, malgr\u00e9 son \u00e9tat, il a eu l&rsquo;incroyable \u00e9nergie d&rsquo;agiter son foulard.<\/p>\n<p>Gorret, \u00e9tendu au sol, est relev\u00e9, ainsi qu&rsquo;Abdallah qui a le cr\u00e2ne ouvert. Bourgeat ne peut pas bouger. Tous sont couverts de sang.<\/p>\n<p>\u2014 Reig, mort, dit Gorret, les larmes aux yeux.<\/p>\n<p>Chansel soutient le pilote sous les \u00e9paules. Matti guide Marret. Abdallah, malgr\u00e9 sa fracture, suit, sans aide. Il s&rsquo;agit de caser toutes ces victimes \u00e0 bord du Lat\u00e9co\u00e8re&nbsp;26 dont le coffre s&rsquo;ouvre \u00e0 deux m\u00e8tres cinquante au-dessus du sol. Comment y parvenir ?<\/p>\n<p>Les valides approchent le baril d&rsquo;eau pour faciliter l&rsquo;escalade. Abdallah, ph\u00e9nom\u00e8ne d&rsquo;\u00e9nergie sto\u00efque, grimpe le premier. Marret, qui refuse de se laisser embarquer, est hiss\u00e9 de force. Abdullah le tire par le cou, tandis que Chansel et Matti le poussent. Le radio s&rsquo;affale dans le coffre pr\u00e8s du chleuh. Gorret les suit. Puis Chansel et Matti vont relever Bourgeat et le portent jusqu&rsquo;\u00e0 l&rsquo;appareil.<\/p>\n<p><strong><em><u>Plus de place&nbsp;! <\/u><\/em><\/strong><\/p>\n<p>Les quatre bless\u00e9s gisent les uns \u00e0 c\u00f4t\u00e9 des autres dans le compartiment \u00e0 peine plus large qu&rsquo;un fauteuil. Il ne reste pas de place pour le cadavre de Reig et pour le courrier. Chansel parvient difficilement \u00e0 caser les documents de bord du Frame.<\/p>\n<p>Il d\u00e9colle vers 9&nbsp;h.&nbsp;30 pour se poser \u00e0 midi \u00e0 cap Juby, suivi \u00e0 midi 30 de Parizot, Vir\u00e9 et M. Julien.<\/p>\n<p>Il faut aller chercher Reig et le courrier.<\/p>\n<p>L&rsquo;interpr\u00e8te de Chansel, El Cheik ould Cherguit, qui accompagnera Parizot et Vir\u00e9, conseille de ne pas retarder le d\u00e9part, si l&rsquo;on veut arriver avant les pillards et les chacals.<\/p>\n<p>Parizot d\u00e9colle \u00e0 13&nbsp;h.&nbsp;45, malgr\u00e9 le vent de sable qui court au ras du sol et cache la terre. \u00c0 15&nbsp;heures, El Cheik fait signe \u00e0 Parizot. C&rsquo;est l\u00e0 que les recherches vont commencer. Vir\u00e9 se fait relever toutes les cinq minutes par les stations de Juby et de Villa-Cisneros. Parizot, gr\u00e2ce aux indications des gonios qui ont rep\u00e9r\u00e9 le matin Chansel et Matti, suit une ligne presque impeccablement droite. Mais les tourbillons de sable s&rsquo;\u00e9paississent, dissimulent le sol de plus en plus. La visibilit\u00e9 devient presque nulle.<\/p>\n<p>Il faut voler en rase-motte pour essayer de voir, ce qui diminue le champ d&rsquo;exploration. Durant quatre heures, la r\u00e9gion est battue en tous sens. L&rsquo;\u00e9quipage, l&rsquo;\u0153il aux aguets, s&rsquo;efforce de d\u00e9couvrir l&rsquo;aile du Frame dress\u00e9e vers le ciel. Il aper\u00e7oit des tentes, des chameaux, il distingue des indig\u00e8nes voil\u00e9s et drap\u00e9s de bleu, le fusil en bandouli\u00e8re. C&rsquo;est tout&nbsp;! \u00c0 16&nbsp;h.&nbsp;30, il coupe la piste qui m\u00e8ne vers l&rsquo;Est aux solitudes du Tanezrouft. Le sable continue son offensive, d\u00e9vorant la terre.<\/p>\n<p>La rage au c\u0153ur, devant leur impuissance. Parizot et Vir\u00e9 retournent \u00e0 Juby \u00e0 17&nbsp;h.&nbsp;10. Ils vont \u00e0 l&rsquo;infirmerie revoir leurs camarades.<\/p>\n<p><strong><em><u>On les reverra&nbsp;!<\/u><\/em><\/strong><\/p>\n<p>Fr\u00e9d\u00e9ric Marret, malgr\u00e9 ses souffrances, trouve la force de sourire et dit :<\/p>\n<p>\u2014 On les reverra, va&nbsp;!<\/p>\n<p>Gorret explique l&rsquo;accident \u00e0 Parizot. Bourgeat demande :<\/p>\n<p>\u2014 Et Reig&nbsp;?<\/p>\n<p>On ne lui r\u00e9pond pas. Les t\u00eates se baissent, simplement.<\/p>\n<p>Le lendemain, deux avions s&rsquo;envolent ensemble avec le mat\u00e9riel destin\u00e9 \u00e0 d\u00e9gager le corps de Reig&nbsp;: haches, burins, masses, etc&#8230; Dans l&rsquo;un, Chansel, Matti et leur interpr\u00e8te chleuh, dans l&rsquo;autre, Parizot, Vir\u00e9 et El Cheik ould Chenguit. Cette fois, le sable se repose, la terre appara\u00eet dans ses moindres d\u00e9tails.<\/p>\n<p>\u00c0 10&nbsp;h.&nbsp;47, Parizot \u00e9tend le bras vers l&rsquo;horizon. Bient\u00f4t, Vir\u00e9 distingue l&rsquo;aile lugubre du Frame. Il se tourne vers El Cheik charg\u00e9 de discerner si des dissidents sont l\u00e0. L&rsquo;interpr\u00e8te est nerveux, il cherche, comme un sourcier. Les avions descendent. Au moment o\u00f9 ils vont se poser, le Maure lance un signal. Trop tard. L&rsquo;atterrissage \u00e9tait amorc\u00e9.<\/p>\n<p>\u2014 Moi voir sentinelles. Laisse marcher moteur, crie El Cheik qui, muni des jumelles de Vir\u00e9, debout sur le moteur, scrutera les environs pendant toute l&rsquo;op\u00e9ration.<\/p>\n<p>Parizot, revolver au poing, s&rsquo;est \u00e9lanc\u00e9 vers l&rsquo;\u00e9pave. Vir\u00e9 le suit, pr\u00eat \u00e0 tirer aussi. Des Maures ne se seraient-ils pas cach\u00e9s dans les d\u00e9bris&nbsp;? Prudemment, le pilote entre la cabine&nbsp;: elle est vide. O\u00f9 est Reig&nbsp;? O\u00f9 est le courrier&nbsp;? Les sauveteurs tournent autour du Frame. Ils aper\u00e7oivent d&rsquo;abord des lettres, des plis, r\u00e9pandus, d\u00e9chir\u00e9s sur le sable. Le chleuh de Chansel les ramasse. Ils d\u00e9couvrent enfin le malheureux Reig, \u00e0 plat ventre sur le sable, tout nu.<\/p>\n<p><strong><em><u>Pauvre vieux&nbsp;!<\/u><\/em><\/strong><\/p>\n<p>Ils se penchent et portent le corps jusqu&rsquo;\u00e0 l&rsquo;avion de Chansel. Matti, mont\u00e9 dans le fuselage, tire \u00e0 lui la d\u00e9pouille que les autres ont hiss\u00e9e et l&rsquo;installe dans le coffre.<\/p>\n<p>\u2014 Pauvre vieux&nbsp;! disent en guise d&rsquo;oraison fun\u00e8bre pilotes et radios devant leur ami, nouveau martyr du d\u00e9sert.<\/p>\n<p>Ils sont immobiles, silencieux&nbsp;: \u00e0 qui le tour&nbsp;? semblent-ils se demander. Ils gardent le revolver \u00e0 la main.<\/p>\n<p>Soudain, El Cheik, statue de bronze, immobile sur le moteur, la main en abat-jour au-dessus des yeux, rompt le silence&nbsp;:<\/p>\n<p>\u2014 Vite, Maures venir&nbsp;!<\/p>\n<p>L&rsquo;interpr\u00e8te chleuh accourt, les bras charg\u00e9s de papiers d\u00e9chir\u00e9s : c&rsquo;est ce qui reste du courrier d&rsquo;Am\u00e9rique. Les deux \u00e9quipages reprennent place dans leurs avions respectifs. Chansel d\u00e9colle, Parizot le suit. Il est 11&nbsp;heures.<\/p>\n<p>Pierre Vir\u00e9, \u00e0 qui je dois le r\u00e9cit de cette tragique aventure, envoie ce message&nbsp;:<\/p>\n<p>\u00ab&nbsp;Avons \u00e0 bord corps Reig d\u00e9gag\u00e9 et d\u00e9pouill\u00e9 v\u00eatements par les Maures. Courrier pill\u00e9 et dispers\u00e9.&nbsp;\u00bb<\/p>\n<p>L&rsquo;avion de Parizot devenu le \u00ab&nbsp;huiti\u00e8me Frame 1934&nbsp;\u00bb \u2014 rempla\u00e7ant l&rsquo;autre tomb\u00e9 au champ d&rsquo;honneur \u2014 terminera le travail interrompu. M\u00eame incomplet, le courrier arrivera.<\/p>\n<p>Le flambeau est pass\u00e9.<\/p>\n<p>Jacques Mortane.<\/p>\n<hr>\n<p><em>Source&nbsp;: <\/em>MORTANE, Jacques. \u00ab&nbsp;Conqu\u00e9rants de l\u2019air &#8211; La mort du 8e \u00a0\u00bb&nbsp;Frame 1934&nbsp;\u00ab\u00a0<em>&nbsp;\u00bb. Excelsior. <\/em>14&nbsp;ao\u00fbt 1936.<\/p>\n","protected":false},"excerpt":{"rendered":"<p>Huiti\u00e8me Frame 1934 signifie&nbsp;: huiti\u00e8me courrier France-Am\u00e9rique du Sud de l&rsquo;ann\u00e9e 1934. Le 25&nbsp;f\u00e9vrier 1934, l&rsquo;avion \u00e9tait parti pour Dakar avec l&rsquo;\u00e9quipage suivant&nbsp;: pilote Gorret, vingt-huit ans, robuste, morose, comptant plusieurs milliers d&rsquo;heures de vol de jour et de nuit &hellip; <a href=\"https:\/\/lesmarret.marret.co\/index.php\/frederic-marret\/la-mort-du-8e-frame-1934\/\">Continuer la lecture <span class=\"meta-nav\">&rarr;<\/span><\/a><\/p>\n","protected":false},"author":1,"featured_media":0,"parent":7742,"menu_order":0,"comment_status":"closed","ping_status":"closed","template":"","meta":{"_monsterinsights_skip_tracking":false,"_monsterinsights_sitenote_active":false,"_monsterinsights_sitenote_note":"","_monsterinsights_sitenote_category":0,"ngg_post_thumbnail":0,"footnotes":""},"class_list":["post-7728","page","type-page","status-publish","hentry"],"aioseo_notices":[],"_links":{"self":[{"href":"https:\/\/lesmarret.marret.co\/index.php\/wp-json\/wp\/v2\/pages\/7728","targetHints":{"allow":["GET"]}}],"collection":[{"href":"https:\/\/lesmarret.marret.co\/index.php\/wp-json\/wp\/v2\/pages"}],"about":[{"href":"https:\/\/lesmarret.marret.co\/index.php\/wp-json\/wp\/v2\/types\/page"}],"author":[{"embeddable":true,"href":"https:\/\/lesmarret.marret.co\/index.php\/wp-json\/wp\/v2\/users\/1"}],"replies":[{"embeddable":true,"href":"https:\/\/lesmarret.marret.co\/index.php\/wp-json\/wp\/v2\/comments?post=7728"}],"version-history":[{"count":7,"href":"https:\/\/lesmarret.marret.co\/index.php\/wp-json\/wp\/v2\/pages\/7728\/revisions"}],"predecessor-version":[{"id":7751,"href":"https:\/\/lesmarret.marret.co\/index.php\/wp-json\/wp\/v2\/pages\/7728\/revisions\/7751"}],"up":[{"embeddable":true,"href":"https:\/\/lesmarret.marret.co\/index.php\/wp-json\/wp\/v2\/pages\/7742"}],"wp:attachment":[{"href":"https:\/\/lesmarret.marret.co\/index.php\/wp-json\/wp\/v2\/media?parent=7728"}],"curies":[{"name":"wp","href":"https:\/\/api.w.org\/{rel}","templated":true}]}}